{"id":86,"date":"2023-09-06T11:04:41","date_gmt":"2023-09-06T09:04:41","guid":{"rendered":"https:\/\/beziehungstricks.de\/?page_id=86"},"modified":"2023-09-10T15:58:08","modified_gmt":"2023-09-10T13:58:08","slug":"liebe-und-intimitaet","status":"publish","type":"page","link":"https:\/\/beziehungstricks.de\/?page_id=86","title":{"rendered":"Liebe und Intimit\u00e4t"},"content":{"rendered":"<p>[et_pb_section fb_built=&#8220;1&#8243; next_background_color=&#8220;#f2f5f7&#8243; admin_label=&#8220;Hero&#8220; _builder_version=&#8220;4.17.0&#8243; _module_preset=&#8220;default&#8220; background_enable_color=&#8220;off&#8220; use_background_color_gradient=&#8220;on&#8220; background_color_gradient_direction=&#8220;102deg&#8220; background_color_gradient_stops=&#8220;#fa97b4 0%|#feb2c7 100%&#8220; background_color_gradient_start=&#8220;#fa97b4&#8243; background_color_gradient_end=&#8220;#feb2c7&#8243; background_image=&#8220;https:\/\/beziehungstricks.de\/wp-content\/uploads\/2023\/09\/beziehungstricks.de-liebe-und-intimitaet-in-einer-beziehung_Easy-Resize.com_.jpg&#8220; custom_padding=&#8220;120px||120px|&#8220; bottom_divider_style=&#8220;wave2&#8243; bottom_divider_height=&#8220;150px&#8220; hover_enabled=&#8220;0&#8243; global_colors_info=&#8220;{}&#8220; title_text=&#8220;beziehungstricks.de liebe und intimitaet in einer beziehung_Easy-Resize.com&#8220; sticky_enabled=&#8220;0&#8243;][et_pb_row _builder_version=&#8220;4.16&#8243; _module_preset=&#8220;default&#8220; background_size=&#8220;initial&#8220; background_position=&#8220;top_left&#8220; background_repeat=&#8220;repeat&#8220; global_colors_info=&#8220;{}&#8220;][et_pb_column type=&#8220;4_4&#8243; _builder_version=&#8220;4.16&#8243; _module_preset=&#8220;default&#8220; custom_padding=&#8220;|||&#8220; global_colors_info=&#8220;{}&#8220; custom_padding__hover=&#8220;|||&#8220;][et_pb_text admin_label=&#8220;Title &#8220; _builder_version=&#8220;4.17.0&#8243; _module_preset=&#8220;default&#8220; text_font=&#8220;|700|||||||&#8220; text_text_color=&#8220;#FFFFFF&#8220; text_font_size=&#8220;3em&#8220; text_line_height=&#8220;1.8em&#8220; header_font=&#8220;Fredoka One||||||||&#8220; header_text_color=&#8220;#FFFFFF&#8220; header_font_size=&#8220;52px&#8220; header_line_height=&#8220;1.3em&#8220; text_orientation=&#8220;center&#8220; background_layout=&#8220;dark&#8220; max_width=&#8220;700px&#8220; module_alignment=&#8220;center&#8220; custom_margin=&#8220;||10px|&#8220; animation_style=&#8220;fade&#8220; hover_enabled=&#8220;0&#8243; text_font_size_tablet=&#8220;2em&#8220; text_font_size_phone=&#8220;2em&#8220; text_font_size_last_edited=&#8220;on|desktop&#8220; text_text_shadow_style=&#8220;preset3&#8243; text_text_shadow_color=&#8220;#000000&#8243; global_colors_info=&#8220;{}&#8220; sticky_enabled=&#8220;0&#8243;]<\/p>\n<p>Liebe und Intimit\u00e4t in einer Beziehung<\/p>\n<p><em>\u00a0<\/em><\/p>\n<p>[\/et_pb_text][\/et_pb_column][\/et_pb_row][\/et_pb_section][et_pb_section fb_built=&#8220;1&#8243; admin_label=&#8220;Features&#8220; _builder_version=&#8220;4.16&#8243; _module_preset=&#8220;default&#8220; background_color=&#8220;#f2f5f7&#8243; custom_padding=&#8220;100px||120px|||&#8220; global_colors_info=&#8220;{}&#8220;][et_pb_row _builder_version=&#8220;4.17.0&#8243; _module_preset=&#8220;default&#8220; global_colors_info=&#8220;{}&#8220;][et_pb_column type=&#8220;4_4&#8243; _builder_version=&#8220;4.17.0&#8243; _module_preset=&#8220;default&#8220; global_colors_info=&#8220;{}&#8220;][et_pb_text admin_label=&#8220;Title &#8220; _builder_version=&#8220;4.17.0&#8243; _module_preset=&#8220;default&#8220; text_font=&#8220;Nunito||||||||&#8220; text_font_size=&#8220;18px&#8220; text_line_height=&#8220;1.8em&#8220; header_font=&#8220;Fredoka One||||||||&#8220; header_font_size=&#8220;52px&#8220; header_line_height=&#8220;1.3em&#8220; text_orientation=&#8220;center&#8220; background_layout=&#8220;dark&#8220; max_width=&#8220;700px&#8220; module_alignment=&#8220;center&#8220; custom_margin=&#8220;||10px|&#8220; animation_style=&#8220;fade&#8220; hover_enabled=&#8220;0&#8243; global_colors_info=&#8220;{}&#8220; sticky_enabled=&#8220;0&#8243;]<\/p>\n<p><span style=\"color: #000000;\">Lena und Moritz haben es eilig. Der morgendliche Kaffee k\u00fchlt auf dem Tisch ab, w\u00e4hrend sie ihre Sachen packen, um zur Arbeit zu hetzen. Ein fl\u00fcchtiger Kuss, und jeder geht in eine andere Richtung. Nach 5 Jahren Beziehung ist dies ihre t\u00e4gliche Routine geworden. Doch w\u00e4hrend die Beziehung in den ersten Jahren durch Intensit\u00e4t und Leidenschaft gepr\u00e4gt war, haben die beiden festgestellt, dass die funkelnde Intimit\u00e4t, die sie einst zusammengebracht hat, nachgelassen hat.<\/span><\/p>\n<p>[\/et_pb_text][et_pb_divider show_divider=&#8220;off&#8220; _builder_version=&#8220;4.17.0&#8243; _module_preset=&#8220;default&#8220; global_colors_info=&#8220;{}&#8220;][\/et_pb_divider][et_pb_text _builder_version=&#8220;4.17.0&#8243; _module_preset=&#8220;default&#8220; text_font_size=&#8220;1.5em&#8220; hover_enabled=&#8220;0&#8243; global_colors_info=&#8220;{}&#8220; sticky_enabled=&#8220;0&#8243;]<\/p>\n<p style=\"text-align: center;\"><strong>Alltag und Routine<\/strong><\/p>\n<p>[\/et_pb_text][\/et_pb_column][\/et_pb_row][et_pb_row column_structure=&#8220;1_2,1_2&#8243; _builder_version=&#8220;4.17.0&#8243; _module_preset=&#8220;default&#8220; global_colors_info=&#8220;{}&#8220;][et_pb_column type=&#8220;1_2&#8243; _builder_version=&#8220;4.17.0&#8243; _module_preset=&#8220;default&#8220; global_colors_info=&#8220;{}&#8220;][et_pb_image src=&#8220;https:\/\/beziehungstricks.de\/wp-content\/uploads\/2023\/09\/beziehungstricks.de-missverstaendnis-in-einer-beziehung.jpg&#8220; alt=&#8220;beziehungstricks.de missverstaendnis in einer beziehung&#8220; title_text=&#8220;beziehungstricks.de missverstaendnis in einer beziehung&#8220; _builder_version=&#8220;4.17.0&#8243; _module_preset=&#8220;default&#8220; global_colors_info=&#8220;{}&#8220;][\/et_pb_image][\/et_pb_column][et_pb_column type=&#8220;1_2&#8243; _builder_version=&#8220;4.17.0&#8243; _module_preset=&#8220;default&#8220; global_colors_info=&#8220;{}&#8220;][et_pb_text admin_label=&#8220;Title &#8220; _builder_version=&#8220;4.17.0&#8243; _module_preset=&#8220;default&#8220; text_font=&#8220;Nunito||||||||&#8220; text_font_size=&#8220;18px&#8220; text_line_height=&#8220;1.8em&#8220; header_font=&#8220;Fredoka One||||||||&#8220; header_font_size=&#8220;52px&#8220; header_line_height=&#8220;1.3em&#8220; text_orientation=&#8220;center&#8220; background_layout=&#8220;dark&#8220; max_width=&#8220;700px&#8220; module_alignment=&#8220;center&#8220; custom_margin=&#8220;||10px|&#8220; animation_style=&#8220;fade&#8220; hover_enabled=&#8220;0&#8243; global_colors_info=&#8220;{}&#8220; sticky_enabled=&#8220;0&#8243;]<\/p>\n<p><span style=\"color: #000000;\">Tage, an denen sie stundenlang im Bett liegen, sich in die Augen schauen und \u00fcber ihre Tr\u00e4ume und \u00c4ngste sprechen, scheinen weit entfernt. Stattdessen sind sie von der Routine des Alltags gefangen: Arbeit, Rechnungen, Haushalt. Laut einer Studie des <em>Journal of Marriage and Family<\/em> erleben 64% der Langzeitpaare einen R\u00fcckgang der Intimit\u00e4t im Laufe der Zeit<sup><a href=\"https:\/\/chat.openai.com\/c\/d73889a3-9056-48c4-ad18-91f2e87ba4ec#user-content-fn-1%5E\" id=\"user-content-fnref-1%5E\" data-footnote-ref=\"true\" aria-describedby=\"footnote-label\" target=\"_new\" style=\"color: #000000;\" rel=\"noopener\">1<\/a><\/sup>.<\/span><\/p>\n<p>[\/et_pb_text][et_pb_text _builder_version=&#8220;4.17.0&#8243; _module_preset=&#8220;default&#8220; global_colors_info=&#8220;{}&#8220;][\/et_pb_text][\/et_pb_column][\/et_pb_row][\/et_pb_section][et_pb_section fb_built=&#8220;1&#8243; prev_background_color=&#8220;#f2f5f7&#8243; admin_label=&#8220;Services&#8220; _builder_version=&#8220;4.17.0&#8243; _module_preset=&#8220;default&#8220; background_color=&#8220;#88C4DD&#8220; background_enable_image=&#8220;off&#8220; background_size=&#8220;initial&#8220; background_blend=&#8220;overlay&#8220; custom_padding=&#8220;120px||120px|&#8220; top_divider_style=&#8220;wave&#8220; top_divider_height=&#8220;106px&#8220; global_colors_info=&#8220;{}&#8220;][et_pb_row _builder_version=&#8220;4.17.0&#8243; _module_preset=&#8220;default&#8220; custom_padding=&#8220;60px|||||&#8220; global_colors_info=&#8220;{}&#8220;][et_pb_column type=&#8220;4_4&#8243; _builder_version=&#8220;4.17.0&#8243; _module_preset=&#8220;default&#8220; global_colors_info=&#8220;{}&#8220;][et_pb_text admin_label=&#8220;Title &#8220; _builder_version=&#8220;4.17.0&#8243; _module_preset=&#8220;default&#8220; text_font=&#8220;Nunito||||||||&#8220; text_font_size=&#8220;18px&#8220; text_line_height=&#8220;1.8em&#8220; header_font=&#8220;Fredoka One||||||||&#8220; header_font_size=&#8220;52px&#8220; header_line_height=&#8220;1.3em&#8220; text_orientation=&#8220;center&#8220; background_layout=&#8220;dark&#8220; max_width=&#8220;700px&#8220; module_alignment=&#8220;center&#8220; custom_margin=&#8220;||10px|&#8220; animation_style=&#8220;fade&#8220; hover_enabled=&#8220;0&#8243; global_colors_info=&#8220;{}&#8220; sticky_enabled=&#8220;0&#8243;]<\/p>\n<p><span style=\"color: #000000;\"><strong>Die Tiefe der Intimit\u00e4t<\/strong><\/span><\/p>\n<p><span style=\"color: #000000;\">Doch Intimit\u00e4t ist nicht nur physisch. Wie Dr. John Gottman, ein renommierter Beziehungsforscher, feststellt, besteht die wahre Intimit\u00e4t aus einer tieferen emotionalen Verbindung, die durch gemeinsame Erlebnisse, Verst\u00e4ndnis und Empathie aufgebaut wird<sup><a href=\"https:\/\/chat.openai.com\/c\/d73889a3-9056-48c4-ad18-91f2e87ba4ec#user-content-fn-2%5E\" id=\"user-content-fnref-2%5E\" data-footnote-ref=\"true\" aria-describedby=\"footnote-label\" target=\"_new\" style=\"color: #000000;\" rel=\"noopener\">2<\/a><\/sup>. Wenn diese emotionale Intimit\u00e4t fehlt, k\u00f6nnen auch k\u00f6rperliche Interaktionen distanziert und mechanisch wirken.<\/span><\/p>\n<p>[\/et_pb_text][\/et_pb_column][\/et_pb_row][et_pb_row _builder_version=&#8220;4.16&#8243; _module_preset=&#8220;default&#8220; custom_margin=&#8220;30px|||&#8220; global_colors_info=&#8220;{}&#8220;][et_pb_column type=&#8220;4_4&#8243; _builder_version=&#8220;4.16&#8243; _module_preset=&#8220;default&#8220; custom_padding=&#8220;|||&#8220; global_colors_info=&#8220;{}&#8220; custom_padding__hover=&#8220;|||&#8220;][et_pb_divider color=&#8220;rgba(255,255,255,0.5)&#8220; divider_weight=&#8220;4px&#8220; _builder_version=&#8220;4.16&#8243; _module_preset=&#8220;default&#8220; max_width=&#8220;60px&#8220; max_width_tablet=&#8220;11%&#8220; max_width_last_edited=&#8220;off|desktop&#8220; module_alignment=&#8220;center&#8220; height=&#8220;4px&#8220; animation_style=&#8220;slide&#8220; animation_direction=&#8220;top&#8220; animation_intensity_slide=&#8220;5%&#8220; animation_starting_opacity=&#8220;100%&#8220; global_colors_info=&#8220;{}&#8220;][\/et_pb_divider][et_pb_text admin_label=&#8220;Title &#8220; _builder_version=&#8220;4.17.0&#8243; _module_preset=&#8220;default&#8220; text_font=&#8220;Nunito||||||||&#8220; text_font_size=&#8220;18px&#8220; text_line_height=&#8220;1.8em&#8220; header_font=&#8220;Fredoka One||||||||&#8220; header_font_size=&#8220;52px&#8220; header_line_height=&#8220;1.3em&#8220; text_orientation=&#8220;center&#8220; background_layout=&#8220;dark&#8220; max_width=&#8220;700px&#8220; module_alignment=&#8220;center&#8220; custom_margin=&#8220;||10px|&#8220; animation_style=&#8220;fade&#8220; hover_enabled=&#8220;0&#8243; global_colors_info=&#8220;{}&#8220; sticky_enabled=&#8220;0&#8243;]<\/p>\n<p><span style=\"color: #000000;\"><strong>Kommunikation ist der Schl\u00fcssel<\/strong><\/span><\/p>\n<p><span style=\"color: #000000;\">Wie Lena und Moritz feststellen mussten, hat sich ihre Kommunikation im Laufe der Zeit ver\u00e4ndert. Anstatt ihre Gef\u00fchle, W\u00fcnsche und Bed\u00fcrfnisse zu teilen, sprechen sie mehr \u00fcber praktische Dinge. Eine Studie des <em>Journal of Social and Personal Relationships<\/em> zeigt, dass Kommunikation ein entscheidender Faktor f\u00fcr emotionale und physische Intimit\u00e4t ist<sup><a href=\"https:\/\/chat.openai.com\/c\/d73889a3-9056-48c4-ad18-91f2e87ba4ec#user-content-fn-3%5E\" id=\"user-content-fnref-3%5E\" data-footnote-ref=\"true\" aria-describedby=\"footnote-label\" target=\"_new\" style=\"color: #000000;\" rel=\"noopener\">3<\/a><\/sup>.<\/span><\/p>\n<p>[\/et_pb_text][\/et_pb_column][\/et_pb_row][et_pb_row _builder_version=&#8220;4.17.0&#8243; _module_preset=&#8220;default&#8220; global_colors_info=&#8220;{}&#8220;][et_pb_column type=&#8220;4_4&#8243; _builder_version=&#8220;4.17.0&#8243; _module_preset=&#8220;default&#8220; global_colors_info=&#8220;{}&#8220;][et_pb_text admin_label=&#8220;Title &#8220; _builder_version=&#8220;4.17.0&#8243; _module_preset=&#8220;default&#8220; text_font=&#8220;Nunito||||||||&#8220; text_font_size=&#8220;1.5em&#8220; text_line_height=&#8220;1.8em&#8220; header_font=&#8220;Fredoka One||||||||&#8220; header_font_size=&#8220;52px&#8220; header_line_height=&#8220;1.3em&#8220; text_orientation=&#8220;center&#8220; background_layout=&#8220;dark&#8220; max_width=&#8220;700px&#8220; module_alignment=&#8220;center&#8220; custom_margin=&#8220;||10px|&#8220; animation_style=&#8220;fade&#8220; hover_enabled=&#8220;0&#8243; global_colors_info=&#8220;{}&#8220; sticky_enabled=&#8220;0&#8243;]<\/p>\n<p><span style=\"color: #000000;\"><strong>L\u00f6sungsans\u00e4tze<\/strong><\/span><\/p>\n<p><span style=\"color: #000000;\">Wie k\u00f6nnen Paare nun machen um bewusster mehr gemeinsame Zeit zu verbringen?<\/span><\/p>\n<p style=\"text-align: center;\"><span style=\"color: #000000;\"><strong>1.Tiefgreifende Gespr\u00e4che f\u00fchren<span>: <\/span><\/strong>Nehmen Sie sich Zeit f\u00fcr regelm\u00e4\u00dfige \u201eHerz-zu-Herz\u201c-Gespr\u00e4che. Fragen Sie Ihren Partner nach seinen W\u00fcnschen, \u00c4ngsten und Hoffnungen.<\/span><\/p>\n<p style=\"text-align: center;\"><span style=\"color: #000000;\"><strong>2.K\u00f6rperliche N\u00e4he pflegen<span>: <\/span><\/strong>Dies bedeutet nicht nur Sex. Einfache Gesten wie Umarmen, H\u00e4ndchen halten oder Kuscheln k\u00f6nnen die Bindung vertiefen.<\/span><\/p>\n<p style=\"text-align: center;\"><span style=\"color: #000000;\"><strong>3.Gemeinsame Aktivit\u00e4ten<span>: <\/span><\/strong>Etwas Neues zusammen auszuprobieren, sei es Tanzen, Kochen oder Reisen, kann das Funkengef\u00fchl zur\u00fcckbringen<sup><a href=\"https:\/\/chat.openai.com\/c\/d73889a3-9056-48c4-ad18-91f2e87ba4ec#user-content-fn-4%5E\" id=\"user-content-fnref-4%5E\" data-footnote-ref=\"true\" aria-describedby=\"footnote-label\" target=\"_new\" rel=\"noopener\">4<\/a><\/sup>.<\/span><\/p>\n<p style=\"text-align: center;\"><span style=\"color: #000000;\"><strong>4.Hobbys zusammen teilen<span>: <\/span><\/strong>Das Erlernen oder Teilen eines gemeinsamen Hobbys kann die Bindung vertiefen und eine regelm\u00e4\u00dfige gemeinsame Aktivit\u00e4t bieten, was wiederrum die Intimit\u00e4t f\u00f6rdert.<\/span><\/p>\n<p style=\"text-align: center;\">[\/et_pb_text][et_pb_text admin_label=&#8220;Title &#8220; _builder_version=&#8220;4.17.0&#8243; _module_preset=&#8220;default&#8220; text_font=&#8220;Nunito||||||||&#8220; text_font_size=&#8220;18px&#8220; text_line_height=&#8220;1.8em&#8220; header_font=&#8220;Fredoka One||||||||&#8220; header_font_size=&#8220;52px&#8220; header_line_height=&#8220;1.3em&#8220; text_orientation=&#8220;center&#8220; background_layout=&#8220;dark&#8220; max_width=&#8220;700px&#8220; module_alignment=&#8220;center&#8220; custom_margin=&#8220;||10px|&#8220; animation_style=&#8220;fade&#8220; hover_enabled=&#8220;0&#8243; global_colors_info=&#8220;{}&#8220; sticky_enabled=&#8220;0&#8243;]<\/p>\n<h3><\/h3>\n<h3><\/h3>\n<h3><\/h3>\n<h3><\/h3>\n<p><strong><span style=\"color: #000000;\">Schlussgedanken<\/span><\/strong><\/p>\n<p><span style=\"color: #000000;\">Liebe und Intimit\u00e4t sind das Herzst\u00fcck jeder romantischen Beziehung. Sie sind der Klebstoff, der Paare zusammenh\u00e4lt und sie durch die st\u00fcrmischsten Zeiten f\u00fchrt. Es ist unvermeidlich, dass jede Beziehung H\u00f6hen und Tiefen erlebt. Doch indem wir uns der Bedeutung von Intimit\u00e4t bewusst sind und aktiv daran arbeiten, sie aufrechtzuerhalten, k\u00f6nnen wir sicherstellen, dass die Flamme der Leidenschaft nie erlischt.<\/span><\/p>\n<p>[\/et_pb_text][et_pb_text admin_label=&#8220;Title &#8220; _builder_version=&#8220;4.17.0&#8243; _module_preset=&#8220;default&#8220; text_font=&#8220;Nunito||||||||&#8220; text_font_size=&#8220;18px&#8220; text_line_height=&#8220;1.8em&#8220; header_font=&#8220;Fredoka One||||||||&#8220; header_font_size=&#8220;52px&#8220; header_line_height=&#8220;1.3em&#8220; text_orientation=&#8220;center&#8220; background_layout=&#8220;dark&#8220; max_width=&#8220;700px&#8220; module_alignment=&#8220;center&#8220; custom_margin=&#8220;||10px|&#8220; animation_style=&#8220;fade&#8220; hover_enabled=&#8220;0&#8243; global_colors_info=&#8220;{}&#8220; sticky_enabled=&#8220;0&#8243;]<\/p>\n<div class=\"flex-1 overflow-hidden\">\n<div class=\"react-scroll-to-bottom--css-eojiv-79elbk h-full dark:bg-gray-800\">\n<div class=\"react-scroll-to-bottom--css-eojiv-1n7m0yu\">\n<div class=\"flex flex-col text-sm dark:bg-gray-800\">\n<div class=\"group w-full text-token-text-primary border-b border-black\/10 dark:border-gray-900\/50 bg-gray-50 dark:bg-[#444654]\" data-testid=\"conversation-turn-31\">\n<div class=\"p-4 justify-center text-base md:gap-6 md:py-6 m-auto\">\n<div class=\"flex flex-1 gap-4 text-base mx-auto md:gap-6 md:max-w-2xl lg:max-w-[38rem] xl:max-w-3xl }\">\n<div class=\"relative flex w-[calc(100%-50px)] flex-col gap-1 md:gap-3 lg:w-[calc(100%-115px)]\">\n<div class=\"flex flex-grow flex-col gap-3 max-w-full\">\n<div class=\"min-h-[20px] flex flex-col items-start gap-3 overflow-x-auto whitespace-pre-wrap break-words\">\n<div class=\"markdown prose w-full break-words dark:prose-invert light\">\n<p><span style=\"color: #000000;\"><strong>Quellen:<\/strong><\/span><\/p>\n<section data-footnotes=\"true\" class=\"footnotes\">\n<p style=\"text-align: center;\"><span style=\"color: #000000;\"><em>1. Journal of Marriage and Family<\/em> (2015). &#8222;The changing nature of intimacy in long-term relationships&#8220;. <\/span><\/p>\n<p><span style=\"color: #000000;\">2, Gottman, J. (1999). <em>The Seven Principles for Making Marriage Work<\/em>. Harmony. <\/span><\/p>\n<p><span style=\"color: #000000;\"><em>3. Journal of Social and Personal Relationships<\/em> (2018). &#8222;Communication patterns and intimacy among couples&#8220;. <\/span><\/p>\n<p style=\"text-align: center;\"><span style=\"color: #000000;\">4. Markman, H., Stanley, S., &amp; Blumberg, S.L. (2010). <em>Fighting For Your Marriage<\/em>. Jossey-Bass.<\/span><\/p>\n<\/section>\n<\/div>\n<\/div>\n<\/div>\n<\/div>\n<\/div>\n<\/div>\n<\/div>\n<\/div>\n<\/div>\n<\/div>\n<\/div>\n<p>[\/et_pb_text][\/et_pb_column][\/et_pb_row][\/et_pb_section]<\/p>\n","protected":false},"excerpt":{"rendered":"<p>Liebe und Intimit\u00e4t in einer Beziehung \u00a0Lena und Moritz haben es eilig. Der morgendliche Kaffee k\u00fchlt auf dem Tisch ab, w\u00e4hrend sie ihre Sachen packen, um zur Arbeit zu hetzen. Ein fl\u00fcchtiger Kuss, und jeder geht in eine andere Richtung. Nach 5 Jahren Beziehung ist dies ihre t\u00e4gliche Routine geworden. Doch w\u00e4hrend die Beziehung in [&hellip;]<\/p>\n","protected":false},"author":1,"featured_media":0,"parent":0,"menu_order":0,"comment_status":"closed","ping_status":"closed","template":"","meta":{"_et_pb_use_builder":"on","_et_pb_old_content":"","_et_gb_content_width":"","footnotes":""},"_links":{"self":[{"href":"https:\/\/beziehungstricks.de\/index.php?rest_route=\/wp\/v2\/pages\/86"}],"collection":[{"href":"https:\/\/beziehungstricks.de\/index.php?rest_route=\/wp\/v2\/pages"}],"about":[{"href":"https:\/\/beziehungstricks.de\/index.php?rest_route=\/wp\/v2\/types\/page"}],"author":[{"embeddable":true,"href":"https:\/\/beziehungstricks.de\/index.php?rest_route=\/wp\/v2\/users\/1"}],"replies":[{"embeddable":true,"href":"https:\/\/beziehungstricks.de\/index.php?rest_route=%2Fwp%2Fv2%2Fcomments&post=86"}],"version-history":[{"count":2,"href":"https:\/\/beziehungstricks.de\/index.php?rest_route=\/wp\/v2\/pages\/86\/revisions"}],"predecessor-version":[{"id":91,"href":"https:\/\/beziehungstricks.de\/index.php?rest_route=\/wp\/v2\/pages\/86\/revisions\/91"}],"wp:attachment":[{"href":"https:\/\/beziehungstricks.de\/index.php?rest_route=%2Fwp%2Fv2%2Fmedia&parent=86"}],"curies":[{"name":"wp","href":"https:\/\/api.w.org\/{rel}","templated":true}]}}