{"id":73,"date":"2023-09-06T10:10:33","date_gmt":"2023-09-06T08:10:33","guid":{"rendered":"https:\/\/beziehungstricks.de\/?page_id=73"},"modified":"2023-09-06T10:41:29","modified_gmt":"2023-09-06T08:41:29","slug":"konfliktloesung","status":"publish","type":"page","link":"https:\/\/beziehungstricks.de\/?page_id=73","title":{"rendered":"Konfliktl\u00f6sung"},"content":{"rendered":"<p>[et_pb_section fb_built=&#8220;1&#8243; next_background_color=&#8220;#f2f5f7&#8243; admin_label=&#8220;Hero&#8220; _builder_version=&#8220;4.17.0&#8243; _module_preset=&#8220;default&#8220; use_background_color_gradient=&#8220;on&#8220; background_color_gradient_direction=&#8220;102deg&#8220; background_color_gradient_stops=&#8220;#fa97b4 0%|#feb2c7 100%&#8220; background_color_gradient_start=&#8220;#fa97b4&#8243; background_color_gradient_end=&#8220;#feb2c7&#8243; background_image=&#8220;https:\/\/beziehungstricks.de\/wp-content\/uploads\/2023\/09\/young-couple-being-in-a-conflict-in-the-park-2022-12-15-18-11-11-utc_Easy-Resize.com_.jpg&#8220; custom_padding=&#8220;120px||120px|&#8220; bottom_divider_style=&#8220;wave2&#8243; bottom_divider_height=&#8220;150px&#8220; hover_enabled=&#8220;0&#8243; global_colors_info=&#8220;{}&#8220; background_enable_color=&#8220;off&#8220; title_text=&#8220;young-couple-being-in-a-conflict-in-the-park-2022-12-15-18-11-11-utc_Easy-Resize.com&#8220; sticky_enabled=&#8220;0&#8243;][et_pb_row _builder_version=&#8220;4.16&#8243; _module_preset=&#8220;default&#8220; background_size=&#8220;initial&#8220; background_position=&#8220;top_left&#8220; background_repeat=&#8220;repeat&#8220; global_colors_info=&#8220;{}&#8220;][et_pb_column type=&#8220;4_4&#8243; _builder_version=&#8220;4.16&#8243; _module_preset=&#8220;default&#8220; custom_padding=&#8220;|||&#8220; global_colors_info=&#8220;{}&#8220; custom_padding__hover=&#8220;|||&#8220;][et_pb_text admin_label=&#8220;Title &#8220; _builder_version=&#8220;4.17.0&#8243; _module_preset=&#8220;default&#8220; text_font=&#8220;|700|||||||&#8220; text_text_color=&#8220;#FFFFFF&#8220; text_font_size=&#8220;2em&#8220; text_line_height=&#8220;1.8em&#8220; header_font=&#8220;Fredoka One||||||||&#8220; header_text_color=&#8220;#FFFFFF&#8220; header_font_size=&#8220;52px&#8220; header_line_height=&#8220;1.3em&#8220; text_orientation=&#8220;center&#8220; background_layout=&#8220;dark&#8220; max_width=&#8220;700px&#8220; module_alignment=&#8220;center&#8220; custom_margin=&#8220;||10px|&#8220; animation_style=&#8220;fade&#8220; hover_enabled=&#8220;0&#8243; text_font_size_tablet=&#8220;2em&#8220; text_font_size_phone=&#8220;2em&#8220; text_font_size_last_edited=&#8220;on|desktop&#8220; text_text_shadow_style=&#8220;preset3&#8243; text_text_shadow_color=&#8220;#000000&#8243; global_colors_info=&#8220;{}&#8220; sticky_enabled=&#8220;0&#8243;]<\/p>\n<p><strong><em>Konfliktl\u00f6sung in einer Beziehung<\/em><\/strong><\/p>\n<p><em>\u00a0<\/em><\/p>\n<p>[\/et_pb_text][\/et_pb_column][\/et_pb_row][\/et_pb_section][et_pb_section fb_built=&#8220;1&#8243; admin_label=&#8220;Features&#8220; _builder_version=&#8220;4.16&#8243; _module_preset=&#8220;default&#8220; background_color=&#8220;#f2f5f7&#8243; custom_padding=&#8220;100px||120px|||&#8220; global_colors_info=&#8220;{}&#8220;][et_pb_row _builder_version=&#8220;4.17.0&#8243; _module_preset=&#8220;default&#8220; global_colors_info=&#8220;{}&#8220;][et_pb_column type=&#8220;4_4&#8243; _builder_version=&#8220;4.17.0&#8243; _module_preset=&#8220;default&#8220; global_colors_info=&#8220;{}&#8220;][et_pb_text admin_label=&#8220;Title &#8220; _builder_version=&#8220;4.17.0&#8243; _module_preset=&#8220;default&#8220; text_font=&#8220;Nunito||||||||&#8220; text_font_size=&#8220;18px&#8220; text_line_height=&#8220;1.8em&#8220; header_font=&#8220;Fredoka One||||||||&#8220; header_font_size=&#8220;52px&#8220; header_line_height=&#8220;1.3em&#8220; text_orientation=&#8220;center&#8220; background_layout=&#8220;dark&#8220; max_width=&#8220;700px&#8220; module_alignment=&#8220;center&#8220; custom_margin=&#8220;||10px|&#8220; animation_style=&#8220;fade&#8220; hover_enabled=&#8220;0&#8243; global_colors_info=&#8220;{}&#8220; sticky_enabled=&#8220;0&#8243;]<\/p>\n<p><span style=\"color: #000000;\">Die Sonne bricht durch die Vorh\u00e4nge, aber die Atmosph\u00e4re im Raum bleibt angespannt. Es war wieder einer dieser Abende, an denen kleine Meinungsverschiedenheiten in hitzige Diskussionen umschlagen. Das Thema k\u00f6nnte alles sein &#8211; von unbeantworteten Nachrichten bis zu vergessenen Jahrestagen. Aber warum?<\/span><\/p>\n<p>[\/et_pb_text][et_pb_divider _builder_version=&#8220;4.17.0&#8243; _module_preset=&#8220;default&#8220; show_divider=&#8220;off&#8220; hover_enabled=&#8220;0&#8243; sticky_enabled=&#8220;0&#8243;][\/et_pb_divider][et_pb_text _builder_version=&#8220;4.17.0&#8243; _module_preset=&#8220;default&#8220; hover_enabled=&#8220;0&#8243; global_colors_info=&#8220;{}&#8220; text_font_size=&#8220;1.5em&#8220; sticky_enabled=&#8220;0&#8243;]<\/p>\n<p style=\"text-align: center;\"><strong>Problematische Alltagssituationen<\/strong><\/p>\n<p>[\/et_pb_text][\/et_pb_column][\/et_pb_row][et_pb_row column_structure=&#8220;1_2,1_2&#8243; _builder_version=&#8220;4.17.0&#8243; _module_preset=&#8220;default&#8220; global_colors_info=&#8220;{}&#8220;][et_pb_column type=&#8220;1_2&#8243; _builder_version=&#8220;4.17.0&#8243; _module_preset=&#8220;default&#8220; global_colors_info=&#8220;{}&#8220;][et_pb_image src=&#8220;https:\/\/beziehungstricks.de\/wp-content\/uploads\/2023\/09\/beziehungstricks.de-missverstaendnis-in-einer-beziehung.jpg&#8220; alt=&#8220;beziehungstricks.de missverstaendnis in einer beziehung&#8220; title_text=&#8220;beziehungstricks.de missverstaendnis in einer beziehung&#8220; _builder_version=&#8220;4.17.0&#8243; _module_preset=&#8220;default&#8220; global_colors_info=&#8220;{}&#8220;][\/et_pb_image][\/et_pb_column][et_pb_column type=&#8220;1_2&#8243; _builder_version=&#8220;4.17.0&#8243; _module_preset=&#8220;default&#8220; global_colors_info=&#8220;{}&#8220;][et_pb_text admin_label=&#8220;Title &#8220; _builder_version=&#8220;4.17.0&#8243; _module_preset=&#8220;default&#8220; text_font=&#8220;Nunito||||||||&#8220; text_font_size=&#8220;18px&#8220; text_line_height=&#8220;1.8em&#8220; header_font=&#8220;Fredoka One||||||||&#8220; header_font_size=&#8220;52px&#8220; header_line_height=&#8220;1.3em&#8220; text_orientation=&#8220;center&#8220; background_layout=&#8220;dark&#8220; max_width=&#8220;700px&#8220; module_alignment=&#8220;center&#8220; custom_margin=&#8220;||10px|&#8220; animation_style=&#8220;fade&#8220; hover_enabled=&#8220;0&#8243; global_colors_info=&#8220;{}&#8220; sticky_enabled=&#8220;0&#8243;]<\/p>\n<p><span style=\"color: #000000;\">Eva und Max sind wie viele andere Paare auch. Max f\u00fchlt sich manchmal \u00fcberfordert von Evas st\u00e4ndiger Kontaktaufnahme, w\u00e4hrend Eva denkt, dass Max sie vernachl\u00e4ssigt. Es ist nicht so, dass sie nicht lieben w\u00fcrden, aber diese wiederkehrenden Probleme lassen sie zweifeln. Wie so oft in Beziehungen geht es weniger um das eigentliche Problem und mehr um das, was darunter liegt. Der renommierte Paartherapeut Dr. John Gottman behauptet, dass 69% der Konflikte in einer Beziehung unl\u00f6sbar sind<sup><a href=\"https:\/\/chat.openai.com\/c\/d73889a3-9056-48c4-ad18-91f2e87ba4ec#user-content-fn-1%5E\" id=\"user-content-fnref-1%5E\" data-footnote-ref=\"true\" aria-describedby=\"footnote-label\" target=\"_new\" style=\"color: #000000;\" rel=\"noopener\">1<\/a><\/sup>. Es geht also weniger darum, den Konflikt zu &#8222;l\u00f6sen&#8220;, sondern darum, wie man damit umgeht.<\/span><\/p>\n<p>[\/et_pb_text][et_pb_text _builder_version=&#8220;4.17.0&#8243; _module_preset=&#8220;default&#8220; global_colors_info=&#8220;{}&#8220;][\/et_pb_text][\/et_pb_column][\/et_pb_row][\/et_pb_section][et_pb_section fb_built=&#8220;1&#8243; prev_background_color=&#8220;#f2f5f7&#8243; admin_label=&#8220;Services&#8220; _builder_version=&#8220;4.17.0&#8243; _module_preset=&#8220;default&#8220; background_color=&#8220;#88C4DD&#8220; background_enable_image=&#8220;off&#8220; background_size=&#8220;initial&#8220; background_blend=&#8220;overlay&#8220; custom_padding=&#8220;120px||120px|&#8220; top_divider_style=&#8220;wave&#8220; top_divider_height=&#8220;106px&#8220; global_colors_info=&#8220;{}&#8220;][et_pb_row _builder_version=&#8220;4.17.0&#8243; _module_preset=&#8220;default&#8220; custom_padding=&#8220;60px|||||&#8220; global_colors_info=&#8220;{}&#8220;][et_pb_column type=&#8220;4_4&#8243; _builder_version=&#8220;4.17.0&#8243; _module_preset=&#8220;default&#8220; global_colors_info=&#8220;{}&#8220;][et_pb_text admin_label=&#8220;Title &#8220; _builder_version=&#8220;4.17.0&#8243; _module_preset=&#8220;default&#8220; text_font=&#8220;Nunito||||||||&#8220; text_font_size=&#8220;18px&#8220; text_line_height=&#8220;1.8em&#8220; header_font=&#8220;Fredoka One||||||||&#8220; header_font_size=&#8220;52px&#8220; header_line_height=&#8220;1.3em&#8220; text_orientation=&#8220;center&#8220; background_layout=&#8220;dark&#8220; max_width=&#8220;700px&#8220; module_alignment=&#8220;center&#8220; custom_margin=&#8220;||10px|&#8220; animation_style=&#8220;fade&#8220; hover_enabled=&#8220;0&#8243; global_colors_info=&#8220;{}&#8220; sticky_enabled=&#8220;0&#8243;]<\/p>\n<p><span style=\"color: #000000;\"><em><strong>Die Ursachen erkennen<\/strong><\/em><\/span><\/p>\n<p><span style=\"color: #000000;\">Was viele Paare nicht erkennen, ist, dass Konflikte oft Symptome tiefer liegender Probleme sind. Es geht selten nur um den nicht abgewaschenen Teller oder die vergessene Nachricht. Es geht um das Bed\u00fcrfnis, sich gesch\u00e4tzt, geliebt und verstanden zu f\u00fchlen. Das, was oft als &#8222;kleine Dinge&#8220; abgetan wird, sind in Wahrheit riesige Signale, die auf tiefere emotionale Bed\u00fcrfnisse hinweisen<sup><a href=\"https:\/\/chat.openai.com\/c\/d73889a3-9056-48c4-ad18-91f2e87ba4ec#user-content-fn-2%5E\" id=\"user-content-fnref-2%5E\" data-footnote-ref=\"true\" aria-describedby=\"footnote-label\" target=\"_new\" style=\"color: #000000;\" rel=\"noopener\">2<\/a><\/sup>.<\/span><\/p>\n<p>[\/et_pb_text][\/et_pb_column][\/et_pb_row][et_pb_row _builder_version=&#8220;4.16&#8243; _module_preset=&#8220;default&#8220; custom_margin=&#8220;30px|||&#8220; global_colors_info=&#8220;{}&#8220;][et_pb_column type=&#8220;4_4&#8243; _builder_version=&#8220;4.16&#8243; _module_preset=&#8220;default&#8220; custom_padding=&#8220;|||&#8220; global_colors_info=&#8220;{}&#8220; custom_padding__hover=&#8220;|||&#8220;][et_pb_divider color=&#8220;rgba(255,255,255,0.5)&#8220; divider_weight=&#8220;4px&#8220; _builder_version=&#8220;4.16&#8243; _module_preset=&#8220;default&#8220; max_width=&#8220;60px&#8220; max_width_tablet=&#8220;11%&#8220; max_width_last_edited=&#8220;off|desktop&#8220; module_alignment=&#8220;center&#8220; height=&#8220;4px&#8220; animation_style=&#8220;slide&#8220; animation_direction=&#8220;top&#8220; animation_intensity_slide=&#8220;5%&#8220; animation_starting_opacity=&#8220;100%&#8220; global_colors_info=&#8220;{}&#8220;][\/et_pb_divider][et_pb_text admin_label=&#8220;Title &#8220; _builder_version=&#8220;4.17.0&#8243; _module_preset=&#8220;default&#8220; text_font=&#8220;Nunito||||||||&#8220; text_font_size=&#8220;18px&#8220; text_line_height=&#8220;1.8em&#8220; header_font=&#8220;Fredoka One||||||||&#8220; header_font_size=&#8220;52px&#8220; header_line_height=&#8220;1.3em&#8220; text_orientation=&#8220;center&#8220; background_layout=&#8220;dark&#8220; max_width=&#8220;700px&#8220; module_alignment=&#8220;center&#8220; custom_margin=&#8220;||10px|&#8220; animation_style=&#8220;fade&#8220; hover_enabled=&#8220;0&#8243; global_colors_info=&#8220;{}&#8220; sticky_enabled=&#8220;0&#8243;]<\/p>\n<p><span style=\"color: #000000;\"><strong>Gemeinsamkeiten in Konfliktsituationen<\/strong><\/span><\/p>\n<p><span style=\"color: #000000;\">Ob es sich um Finanzen, Haushaltspflichten oder Freizeitgestaltung handelt &#8211; die Gemeinsamkeit in diesen Situationen ist oft das Bed\u00fcrfnis nach Anerkennung und Wertsch\u00e4tzung. Ein h\u00e4ufiges Missverst\u00e4ndnis ist, dass Konflikte vermieden werden sollten. Tats\u00e4chlich k\u00f6nnen sie, wenn sie richtig angegangen werden, eine Gelegenheit f\u00fcr Wachstum und tieferes Verst\u00e4ndnis bieten.<\/span><\/p>\n<p>[\/et_pb_text][\/et_pb_column][\/et_pb_row][et_pb_row _builder_version=&#8220;4.17.0&#8243; _module_preset=&#8220;default&#8220; global_colors_info=&#8220;{}&#8220;][et_pb_column type=&#8220;4_4&#8243; _builder_version=&#8220;4.17.0&#8243; _module_preset=&#8220;default&#8220; global_colors_info=&#8220;{}&#8220;][et_pb_text admin_label=&#8220;Title &#8220; _builder_version=&#8220;4.17.0&#8243; _module_preset=&#8220;default&#8220; text_font=&#8220;Nunito||||||||&#8220; text_font_size=&#8220;1.5em&#8220; text_line_height=&#8220;1.8em&#8220; header_font=&#8220;Fredoka One||||||||&#8220; header_font_size=&#8220;52px&#8220; header_line_height=&#8220;1.3em&#8220; text_orientation=&#8220;center&#8220; background_layout=&#8220;dark&#8220; max_width=&#8220;700px&#8220; module_alignment=&#8220;center&#8220; custom_margin=&#8220;||10px|&#8220; animation_style=&#8220;fade&#8220; hover_enabled=&#8220;0&#8243; global_colors_info=&#8220;{}&#8220; sticky_enabled=&#8220;0&#8243;]<\/p>\n<p><span style=\"color: #000000;\"><strong>L\u00f6sungsans\u00e4tze<\/strong><\/span><\/p>\n<p><span style=\"color: #000000;\">Wie k\u00f6nnen Paare nun die Konflikte, die unvermeidlich auftreten, bew\u00e4ltigen?<\/span><\/p>\n<p style=\"text-align: center;\"><span style=\"color: #000000;\"><strong>1. Aktives Zuh\u00f6ren<\/strong>: <strong>Aktives Zuh\u00f6ren<\/strong>: Anstatt darauf zu warten, seine Meinung zu sagen, sollte man versuchen, wirklich zu verstehen, was der Partner sagt und f\u00fchlt<sup><a href=\"https:\/\/chat.openai.com\/c\/d73889a3-9056-48c4-ad18-91f2e87ba4ec#user-content-fn-3%5E\" id=\"user-content-fnref-3%5E\" data-footnote-ref=\"true\" aria-describedby=\"footnote-label\" target=\"_new\" style=\"color: #000000;\" rel=\"noopener\">3<\/a><\/sup>.<\/span><\/p>\n<p style=\"text-align: center;\"><span style=\"color: #000000;\"><strong>2.Ich&#8216;-Botschaften verwenden: <\/strong>Anstatt zu sagen &#8222;Du machst nie&#8230;&#8220;, kann man ausdr\u00fccken, wie man sich f\u00fchlt und was man braucht.<\/span><\/p>\n<p style=\"text-align: center;\"><span style=\"color: #000000;\"><strong>3.Regelm\u00e4\u00dfige Check-Ins: <\/strong>Einmal pro Woche kann man sich Zeit nehmen, um dar\u00fcber zu sprechen, wie es beiden in der Beziehung geht. Es gibt Raum, Probleme in einem ruhigen Rahmen zu besprechen.<\/span><\/p>\n<p style=\"text-align: center;\">\n<p><span style=\"color: #000000;\"><strong>4.Beratung in Erw\u00e4gung ziehen<\/strong>: Manchmal kann eine neutrale dritte Person helfen, Dinge in Perspektive zu setzen und L\u00f6sungswege aufzuzeigen.<\/span><\/p>\n<p><span style=\"color: #000000;\">Der Schl\u00fcssel liegt darin, den Konflikt als Chance zu sehen, um die Beziehung zu vertiefen, anstatt ihn als Hindernis zu betrachten.<\/span><\/p>\n<p style=\"text-align: center;\">[\/et_pb_text][et_pb_text admin_label=&#8220;Title &#8220; _builder_version=&#8220;4.17.0&#8243; _module_preset=&#8220;default&#8220; text_font=&#8220;Nunito||||||||&#8220; text_font_size=&#8220;18px&#8220; text_line_height=&#8220;1.8em&#8220; header_font=&#8220;Fredoka One||||||||&#8220; header_font_size=&#8220;52px&#8220; header_line_height=&#8220;1.3em&#8220; text_orientation=&#8220;center&#8220; background_layout=&#8220;dark&#8220; max_width=&#8220;700px&#8220; module_alignment=&#8220;center&#8220; custom_margin=&#8220;||10px|&#8220; animation_style=&#8220;fade&#8220; hover_enabled=&#8220;0&#8243; global_colors_info=&#8220;{}&#8220; sticky_enabled=&#8220;0&#8243;]<\/p>\n<h3><\/h3>\n<h3><\/h3>\n<h3><\/h3>\n<h3><\/h3>\n<p><strong><span style=\"color: #000000;\">Schlussgedanken<\/span><\/strong><\/p>\n<p><span style=\"color: #000000;\">In der komplexen Landschaft menschlicher Emotionen und Beziehungen sind Konflikte unvermeidlich. Sie k\u00f6nnen schmerzhaft sein, bieten aber auch eine unsch\u00e4tzbare Gelegenheit zur Reflexion, zum Verst\u00e4ndnis und zum Wachstum. Wenn Paare lernen, die darunter liegenden Bed\u00fcrfnisse und Emotionen zu erkennen und darauf einzugehen, werden sie feststellen, dass diese Konflikte nicht nur bew\u00e4ltigt, sondern auch zu einer Quelle der St\u00e4rke und Intimit\u00e4t werden k\u00f6nnen.<\/span><\/p>\n<p>[\/et_pb_text][et_pb_text admin_label=&#8220;Title &#8220; _builder_version=&#8220;4.17.0&#8243; _module_preset=&#8220;default&#8220; text_font=&#8220;Nunito||||||||&#8220; text_font_size=&#8220;18px&#8220; text_line_height=&#8220;1.8em&#8220; header_font=&#8220;Fredoka One||||||||&#8220; header_font_size=&#8220;52px&#8220; header_line_height=&#8220;1.3em&#8220; text_orientation=&#8220;center&#8220; background_layout=&#8220;dark&#8220; max_width=&#8220;700px&#8220; module_alignment=&#8220;center&#8220; custom_margin=&#8220;||10px|&#8220; animation_style=&#8220;fade&#8220; hover_enabled=&#8220;0&#8243; global_colors_info=&#8220;{}&#8220; sticky_enabled=&#8220;0&#8243;]<\/p>\n<p>4.1 Gottman, J. (1994). <em>What Predicts Divorce?: The Relationship Between Marital Processes and Marital Outcomes<\/em>. Hillsdale, NJ: Erlbaum. <a href=\"https:\/\/chat.openai.com\/c\/d73889a3-9056-48c4-ad18-91f2e87ba4ec#user-content-fnref-1%5E\" data-footnote-backref=\"true\" class=\"data-footnote-backref\" aria-label=\"Back to content\" target=\"_new\" rel=\"noopener\">\u21a9<\/a><\/p>\n<p>4.2 Hendrix, H. (1988). <em>Getting the Love You Want<\/em>. New York: Holt. <a href=\"https:\/\/chat.openai.com\/c\/d73889a3-9056-48c4-ad18-91f2e87ba4ec#user-content-fnref-2%5E\" data-footnote-backref=\"true\" class=\"data-footnote-backref\" aria-label=\"Back to content\" target=\"_new\" rel=\"noopener\">\u21a9<\/a><\/p>\n<p>4.3 Markman, H., Stanley, S., &amp; Blumberg, S. L. (2010). <em>Fighting for Your Marriage<\/em>. San Francisco: Jossey-Bass.<\/p>\n<p>[\/et_pb_text][\/et_pb_column][\/et_pb_row][\/et_pb_section]<\/p>\n","protected":false},"excerpt":{"rendered":"<p>Konfliktl\u00f6sung in einer Beziehung \u00a0Die Sonne bricht durch die Vorh\u00e4nge, aber die Atmosph\u00e4re im Raum bleibt angespannt. Es war wieder einer dieser Abende, an denen kleine Meinungsverschiedenheiten in hitzige Diskussionen umschlagen. Das Thema k\u00f6nnte alles sein &#8211; von unbeantworteten Nachrichten bis zu vergessenen Jahrestagen. Aber warum?Problematische AlltagssituationenEva und Max sind wie viele andere Paare auch. [&hellip;]<\/p>\n","protected":false},"author":1,"featured_media":0,"parent":0,"menu_order":0,"comment_status":"closed","ping_status":"closed","template":"","meta":{"_et_pb_use_builder":"on","_et_pb_old_content":"","_et_gb_content_width":"","footnotes":""},"_links":{"self":[{"href":"https:\/\/beziehungstricks.de\/index.php?rest_route=\/wp\/v2\/pages\/73"}],"collection":[{"href":"https:\/\/beziehungstricks.de\/index.php?rest_route=\/wp\/v2\/pages"}],"about":[{"href":"https:\/\/beziehungstricks.de\/index.php?rest_route=\/wp\/v2\/types\/page"}],"author":[{"embeddable":true,"href":"https:\/\/beziehungstricks.de\/index.php?rest_route=\/wp\/v2\/users\/1"}],"replies":[{"embeddable":true,"href":"https:\/\/beziehungstricks.de\/index.php?rest_route=%2Fwp%2Fv2%2Fcomments&post=73"}],"version-history":[{"count":2,"href":"https:\/\/beziehungstricks.de\/index.php?rest_route=\/wp\/v2\/pages\/73\/revisions"}],"predecessor-version":[{"id":78,"href":"https:\/\/beziehungstricks.de\/index.php?rest_route=\/wp\/v2\/pages\/73\/revisions\/78"}],"wp:attachment":[{"href":"https:\/\/beziehungstricks.de\/index.php?rest_route=%2Fwp%2Fv2%2Fmedia&parent=73"}],"curies":[{"name":"wp","href":"https:\/\/api.w.org\/{rel}","templated":true}]}}