{"id":65,"date":"2023-09-06T08:22:17","date_gmt":"2023-09-06T06:22:17","guid":{"rendered":"https:\/\/beziehungstricks.de\/?page_id=65"},"modified":"2023-09-10T15:56:08","modified_gmt":"2023-09-10T13:56:08","slug":"vertrauen_aufbauen_in_einer_beziehung","status":"publish","type":"page","link":"https:\/\/beziehungstricks.de\/?page_id=65","title":{"rendered":"Vertrauen_aufbauen_in_einer_Beziehung"},"content":{"rendered":"<p>[et_pb_section fb_built=&#8220;1&#8243; next_background_color=&#8220;#f2f5f7&#8243; admin_label=&#8220;Hero&#8220; _builder_version=&#8220;4.17.0&#8243; _module_preset=&#8220;default&#8220; background_color=&#8220;#fa97b4&#8243; use_background_color_gradient=&#8220;on&#8220; background_color_gradient_direction=&#8220;102deg&#8220; background_color_gradient_stops=&#8220;#fa97b4 0%|#feb2c7 100%&#8220; background_color_gradient_start=&#8220;#fa97b4&#8243; background_color_gradient_end=&#8220;#feb2c7&#8243; background_image=&#8220;https:\/\/beziehungstricks.de\/wp-content\/uploads\/2023\/09\/beziehungstricks.de-warum-es-wichtig-ist-in-einer-beziehung-vertrauen-aufzubauen.jpg&#8220; custom_padding=&#8220;120px||120px|&#8220; bottom_divider_style=&#8220;wave2&#8243; bottom_divider_height=&#8220;150px&#8220; hover_enabled=&#8220;0&#8243; global_colors_info=&#8220;{}&#8220; alt=&#8220;beziehungstricks.de warum es wichtig ist in einer beziehung vertrauen aufzubauen&#8220; title_text=&#8220;beziehungstricks.de warum es wichtig ist in einer beziehung vertrauen aufzubauen&#8220; sticky_enabled=&#8220;0&#8243;][et_pb_row _builder_version=&#8220;4.16&#8243; _module_preset=&#8220;default&#8220; background_size=&#8220;initial&#8220; background_position=&#8220;top_left&#8220; background_repeat=&#8220;repeat&#8220; global_colors_info=&#8220;{}&#8220;][et_pb_column type=&#8220;4_4&#8243; _builder_version=&#8220;4.16&#8243; _module_preset=&#8220;default&#8220; custom_padding=&#8220;|||&#8220; global_colors_info=&#8220;{}&#8220; custom_padding__hover=&#8220;|||&#8220;][et_pb_text admin_label=&#8220;Title &#8220; _builder_version=&#8220;4.17.0&#8243; _module_preset=&#8220;default&#8220; text_font=&#8220;|700|||||||&#8220; text_text_color=&#8220;#FFFFFF&#8220; text_font_size=&#8220;2em&#8220; text_line_height=&#8220;1.8em&#8220; header_font=&#8220;Fredoka One||||||||&#8220; header_text_color=&#8220;#FFFFFF&#8220; header_font_size=&#8220;52px&#8220; header_line_height=&#8220;1.3em&#8220; text_orientation=&#8220;center&#8220; background_layout=&#8220;dark&#8220; max_width=&#8220;700px&#8220; module_alignment=&#8220;center&#8220; custom_margin=&#8220;||10px|&#8220; animation_style=&#8220;fade&#8220; hover_enabled=&#8220;0&#8243; text_font_size_tablet=&#8220;2em&#8220; text_font_size_phone=&#8220;2em&#8220; text_font_size_last_edited=&#8220;on|desktop&#8220; text_text_shadow_style=&#8220;preset3&#8243; text_text_shadow_color=&#8220;#000000&#8243; global_colors_info=&#8220;{}&#8220; sticky_enabled=&#8220;0&#8243;]<\/p>\n<p><strong>Das Fundament jeder Beziehung: Warum das Aufbauen von Vertrauen entscheidend ist<\/strong><\/p>\n<p>[\/et_pb_text][\/et_pb_column][\/et_pb_row][\/et_pb_section][et_pb_section fb_built=&#8220;1&#8243; admin_label=&#8220;Features&#8220; _builder_version=&#8220;4.16&#8243; _module_preset=&#8220;default&#8220; background_color=&#8220;#f2f5f7&#8243; custom_padding=&#8220;100px||120px|||&#8220; global_colors_info=&#8220;{}&#8220;][et_pb_row _builder_version=&#8220;4.17.0&#8243; _module_preset=&#8220;default&#8220; global_colors_info=&#8220;{}&#8220;][et_pb_column type=&#8220;4_4&#8243; _builder_version=&#8220;4.17.0&#8243; _module_preset=&#8220;default&#8220; global_colors_info=&#8220;{}&#8220;][et_pb_text admin_label=&#8220;Title &#8220; _builder_version=&#8220;4.17.0&#8243; _module_preset=&#8220;default&#8220; text_font=&#8220;Nunito||||||||&#8220; text_font_size=&#8220;18px&#8220; text_line_height=&#8220;1.8em&#8220; header_font=&#8220;Fredoka One||||||||&#8220; header_font_size=&#8220;52px&#8220; header_line_height=&#8220;1.3em&#8220; text_orientation=&#8220;center&#8220; background_layout=&#8220;dark&#8220; max_width=&#8220;700px&#8220; module_alignment=&#8220;center&#8220; custom_margin=&#8220;||10px|&#8220; animation_style=&#8220;fade&#8220; hover_enabled=&#8220;0&#8243; global_colors_info=&#8220;{}&#8220; sticky_enabled=&#8220;0&#8243;]<\/p>\n<p><span style=\"color: #000000;\">Das Vertrauen zwischen Partnern bildet das R\u00fcckgrat jeder dauerhaften Beziehung. Es ist der Klebstoff, der Menschen in guten wie in schlechten Zeiten zusammenh\u00e4lt. Doch wie viele von uns haben schon einmal das zerschmetternde Gef\u00fchl erlebt, wenn dieses Vertrauen gebrochen wird? Der Prozess des Aufbauens und Erhaltens von Vertrauen ist komplex und oft missverstanden.<\/span><\/p>\n<p>[\/et_pb_text][et_pb_text _builder_version=&#8220;4.17.0&#8243; _module_preset=&#8220;default&#8220; hover_enabled=&#8220;0&#8243; global_colors_info=&#8220;{}&#8220; sticky_enabled=&#8220;0&#8243;]<\/p>\n<h3 style=\"text-align: center;\"><strong><\/strong><\/h3>\n<h3 style=\"text-align: center;\"><strong><\/strong><\/h3>\n<h3 style=\"text-align: center;\"><strong><\/strong><\/h3>\n<h3 style=\"text-align: center;\"><strong>Allt\u00e4gliche Probleme, die Vertrauensbr\u00fcche signalisieren<\/strong><\/h3>\n<p>[\/et_pb_text][\/et_pb_column][\/et_pb_row][et_pb_row column_structure=&#8220;1_2,1_2&#8243; _builder_version=&#8220;4.17.0&#8243; _module_preset=&#8220;default&#8220; global_colors_info=&#8220;{}&#8220;][et_pb_column type=&#8220;1_2&#8243; _builder_version=&#8220;4.17.0&#8243; _module_preset=&#8220;default&#8220; global_colors_info=&#8220;{}&#8220;][et_pb_image src=&#8220;https:\/\/beziehungstricks.de\/wp-content\/uploads\/2023\/09\/beziehungstricks.de-mann-heimlich-am-handy-vertrauen-aufbauen.jpg&#8220; alt=&#8220;beziehungstricks.de missverstaendnis in einer beziehung&#8220; title_text=&#8220;beziehungstricks.de mann heimlich am handy- vertrauen aufbauen&#8220; _builder_version=&#8220;4.17.0&#8243; _module_preset=&#8220;default&#8220; hover_enabled=&#8220;0&#8243; global_colors_info=&#8220;{}&#8220; sticky_enabled=&#8220;0&#8243;][\/et_pb_image][\/et_pb_column][et_pb_column type=&#8220;1_2&#8243; _builder_version=&#8220;4.17.0&#8243; _module_preset=&#8220;default&#8220; global_colors_info=&#8220;{}&#8220;][et_pb_text admin_label=&#8220;Title &#8220; _builder_version=&#8220;4.17.0&#8243; _module_preset=&#8220;default&#8220; text_font=&#8220;Nunito||||||||&#8220; text_font_size=&#8220;18px&#8220; text_line_height=&#8220;1.8em&#8220; header_font=&#8220;Fredoka One||||||||&#8220; header_font_size=&#8220;52px&#8220; header_line_height=&#8220;1.3em&#8220; text_orientation=&#8220;center&#8220; background_layout=&#8220;dark&#8220; max_width=&#8220;700px&#8220; module_alignment=&#8220;center&#8220; custom_margin=&#8220;||10px|&#8220; animation_style=&#8220;fade&#8220; hover_enabled=&#8220;0&#8243; global_colors_info=&#8220;{}&#8220; sticky_enabled=&#8220;0&#8243;]<\/p>\n<p><span style=\"color: #000000;\"><strong>Beispiel 1: <\/strong><\/span><\/p>\n<p><span style=\"color: #000000;\"><strong>Der heimliche Blick<\/strong> Anna bemerkt, dass ihr Partner Leon immer dann, wenn sie nicht im Raum ist, schnell auf sein Handy schaut und es wegleget, wenn sie zur\u00fcckkommt. Obwohl es harmlos sein k\u00f6nnte, beginnt Anna, misstrauisch zu werden und fragt sich, ob er etwas vor ihr verbirgt.<\/span><\/p>\n<p>[\/et_pb_text][et_pb_text _builder_version=&#8220;4.17.0&#8243; _module_preset=&#8220;default&#8220; global_colors_info=&#8220;{}&#8220;][\/et_pb_text][\/et_pb_column][\/et_pb_row][et_pb_row column_structure=&#8220;1_2,1_2&#8243; _builder_version=&#8220;4.17.0&#8243; _module_preset=&#8220;default&#8220; global_colors_info=&#8220;{}&#8220;][et_pb_column type=&#8220;1_2&#8243; _builder_version=&#8220;4.17.0&#8243; _module_preset=&#8220;default&#8220; global_colors_info=&#8220;{}&#8220;][et_pb_text admin_label=&#8220;Title &#8220; _builder_version=&#8220;4.17.0&#8243; _module_preset=&#8220;default&#8220; text_font=&#8220;Nunito||||||||&#8220; text_font_size=&#8220;18px&#8220; text_line_height=&#8220;1.8em&#8220; header_font=&#8220;Fredoka One||||||||&#8220; header_font_size=&#8220;52px&#8220; header_line_height=&#8220;1.3em&#8220; text_orientation=&#8220;center&#8220; background_layout=&#8220;dark&#8220; max_width=&#8220;700px&#8220; module_alignment=&#8220;center&#8220; custom_margin=&#8220;||10px|&#8220; animation_style=&#8220;fade&#8220; hover_enabled=&#8220;0&#8243; global_colors_info=&#8220;{}&#8220; sticky_enabled=&#8220;0&#8243;]<\/p>\n<p><span style=\"color: #000000;\"><strong>Beispiel 2: <\/strong><\/span><\/p>\n<p><span style=\"color: #000000;\"><strong>Ver\u00e4nderte Verhaltensmuster<\/strong> Johannes kommt in letzter Zeit h\u00e4ufig sp\u00e4t von der Arbeit nach Hause und entschuldigt dies mit \u00dcberstunden. Sein Partner Max sp\u00fcrt jedoch, dass etwas nicht stimmt, da Johannes in der Vergangenheit nie so viele \u00dcberstunden gemacht hat.<\/span><\/p>\n<p>[\/et_pb_text][\/et_pb_column][et_pb_column _builder_version=&#8220;4.17.0&#8243; _module_preset=&#8220;default&#8220; type=&#8220;1_2&#8243;][et_pb_image src=&#8220;https:\/\/beziehungstricks.de\/wp-content\/uploads\/2023\/09\/beziehungstricks.de-missverstaendnis-in-einer-beziehung.jpg&#8220; alt=&#8220;beziehungstricks.de missverstaendnis in einer beziehung&#8220; title_text=&#8220;beziehungstricks.de missverstaendnis in einer beziehung&#8220; _builder_version=&#8220;4.17.0&#8243; _module_preset=&#8220;default&#8220; global_colors_info=&#8220;{}&#8220;][\/et_pb_image][et_pb_text _builder_version=&#8220;4.17.0&#8243; _module_preset=&#8220;default&#8220; global_colors_info=&#8220;{}&#8220;][\/et_pb_text][\/et_pb_column][\/et_pb_row][et_pb_row column_structure=&#8220;1_2,1_2&#8243; _builder_version=&#8220;4.17.0&#8243; _module_preset=&#8220;default&#8220; global_colors_info=&#8220;{}&#8220;][et_pb_column type=&#8220;1_2&#8243; _builder_version=&#8220;4.17.0&#8243; _module_preset=&#8220;default&#8220; global_colors_info=&#8220;{}&#8220;][et_pb_image src=&#8220;https:\/\/beziehungstricks.de\/wp-content\/uploads\/2023\/09\/beziehungstricks.de-missverstaendnis-in-einer-beziehung.jpg&#8220; alt=&#8220;beziehungstricks.de missverstaendnis in einer beziehung&#8220; title_text=&#8220;beziehungstricks.de missverstaendnis in einer beziehung&#8220; _builder_version=&#8220;4.17.0&#8243; _module_preset=&#8220;default&#8220; global_colors_info=&#8220;{}&#8220;][\/et_pb_image][\/et_pb_column][et_pb_column _builder_version=&#8220;4.17.0&#8243; _module_preset=&#8220;default&#8220; type=&#8220;1_2&#8243;][et_pb_text admin_label=&#8220;Title &#8220; _builder_version=&#8220;4.17.0&#8243; _module_preset=&#8220;default&#8220; text_font=&#8220;Nunito||||||||&#8220; text_font_size=&#8220;18px&#8220; text_line_height=&#8220;1.8em&#8220; header_font=&#8220;Fredoka One||||||||&#8220; header_font_size=&#8220;52px&#8220; header_line_height=&#8220;1.3em&#8220; text_orientation=&#8220;center&#8220; background_layout=&#8220;dark&#8220; max_width=&#8220;700px&#8220; module_alignment=&#8220;center&#8220; custom_margin=&#8220;||10px|&#8220; animation_style=&#8220;fade&#8220; hover_enabled=&#8220;0&#8243; global_colors_info=&#8220;{}&#8220; sticky_enabled=&#8220;0&#8243;]<\/p>\n<p><span style=\"color: #000000;\"><strong>Beispiel 3: <\/strong><\/span><\/p>\n<p><span style=\"color: #000000;\"><strong>Verr\u00e4terische K\u00f6rpersprache<\/strong> Lara sp\u00fcrt, dass ihre Partnerin Nina in Gespr\u00e4chen mit ihr oft den Blickkontakt meidet oder nerv\u00f6s mit den H\u00e4nden spielt. Obwohl Nina beteuert, dass alles in Ordnung sei, f\u00fchlt sich Lara unsicher.<\/span><\/p>\n<p>[\/et_pb_text][et_pb_text _builder_version=&#8220;4.17.0&#8243; _module_preset=&#8220;default&#8220; global_colors_info=&#8220;{}&#8220;][\/et_pb_text][\/et_pb_column][\/et_pb_row][\/et_pb_section][et_pb_section fb_built=&#8220;1&#8243; prev_background_color=&#8220;#f2f5f7&#8243; admin_label=&#8220;Services&#8220; _builder_version=&#8220;4.17.0&#8243; _module_preset=&#8220;default&#8220; background_color=&#8220;#88C4DD&#8220; background_enable_image=&#8220;off&#8220; background_size=&#8220;initial&#8220; background_blend=&#8220;overlay&#8220; custom_padding=&#8220;120px||120px|&#8220; top_divider_style=&#8220;wave&#8220; top_divider_height=&#8220;106px&#8220; global_colors_info=&#8220;{}&#8220;][et_pb_row _builder_version=&#8220;4.16&#8243; _module_preset=&#8220;default&#8220; custom_margin=&#8220;30px|||&#8220; global_colors_info=&#8220;{}&#8220;][et_pb_column type=&#8220;4_4&#8243; _builder_version=&#8220;4.16&#8243; _module_preset=&#8220;default&#8220; custom_padding=&#8220;|||&#8220; global_colors_info=&#8220;{}&#8220; custom_padding__hover=&#8220;|||&#8220;][et_pb_divider color=&#8220;rgba(255,255,255,0.5)&#8220; divider_weight=&#8220;4px&#8220; _builder_version=&#8220;4.16&#8243; _module_preset=&#8220;default&#8220; max_width=&#8220;60px&#8220; max_width_tablet=&#8220;11%&#8220; max_width_last_edited=&#8220;off|desktop&#8220; module_alignment=&#8220;center&#8220; height=&#8220;4px&#8220; animation_style=&#8220;slide&#8220; animation_direction=&#8220;top&#8220; animation_intensity_slide=&#8220;5%&#8220; animation_starting_opacity=&#8220;100%&#8220; global_colors_info=&#8220;{}&#8220;][\/et_pb_divider][et_pb_text admin_label=&#8220;Title &#8220; _builder_version=&#8220;4.17.0&#8243; _module_preset=&#8220;default&#8220; text_font=&#8220;Nunito||||||||&#8220; text_font_size=&#8220;18px&#8220; text_line_height=&#8220;1.8em&#8220; header_font=&#8220;Fredoka One||||||||&#8220; header_font_size=&#8220;52px&#8220; header_line_height=&#8220;1.3em&#8220; text_orientation=&#8220;center&#8220; background_layout=&#8220;dark&#8220; max_width=&#8220;700px&#8220; module_alignment=&#8220;center&#8220; custom_margin=&#8220;||10px|&#8220; animation_style=&#8220;fade&#8220; hover_enabled=&#8220;0&#8243; global_colors_info=&#8220;{}&#8220; sticky_enabled=&#8220;0&#8243;]<\/p>\n<p><strong><span style=\"color: #000000;\">Gemeinsamkeiten der Ursachen und wissenschaftliche Unterst\u00fctzung<\/span><\/strong><\/p>\n<p><span style=\"color: #000000;\">Hinter all diesen Alltagssituationen verbirgt sich eine gemeinsame emotionale Wahrheit: das Gef\u00fchl des Misstrauens. Eine Studie von Rempel, Holmes und Zanna (1985) zeigte, dass das Vertrauen in Beziehungen auf zwei Komponenten beruht: dem Glauben an die Aufrichtigkeit des Partners und dem Vertrauen in seine vorhersehbare Natur.<\/span><\/p>\n<p><span style=\"color: #000000;\">Ein weiterer bedeutender Faktor ist die Unsicherheit. Laut Dr. John Bowlby, dem Vater der Bindungstheorie, basieren die Bindungsmuster, die wir als Kinder entwickeln, auf dem Ma\u00df an Sicherheit und Vertrauen, das wir in unseren Beziehungen zu prim\u00e4ren Betreuungspersonen erfahren.<\/span><\/p>\n<p>[\/et_pb_text][et_pb_text admin_label=&#8220;Title &#8220; _builder_version=&#8220;4.17.0&#8243; _module_preset=&#8220;default&#8220; text_font=&#8220;Nunito||||||||&#8220; text_font_size=&#8220;18px&#8220; text_line_height=&#8220;1.8em&#8220; header_font=&#8220;Fredoka One||||||||&#8220; header_font_size=&#8220;52px&#8220; header_line_height=&#8220;1.3em&#8220; text_orientation=&#8220;center&#8220; background_layout=&#8220;dark&#8220; max_width=&#8220;700px&#8220; module_alignment=&#8220;center&#8220; custom_margin=&#8220;||10px|&#8220; animation_style=&#8220;fade&#8220; hover_enabled=&#8220;0&#8243; global_colors_info=&#8220;{}&#8220; sticky_enabled=&#8220;0&#8243;]<\/p>\n<h3><strong><span style=\"color: #000000;\"><\/span><\/strong><\/h3>\n<h3><strong><span style=\"color: #000000;\"><\/span><\/strong><\/h3>\n<h3><strong><span style=\"color: #000000;\"><\/span><\/strong><\/h3>\n<h3><strong><span style=\"color: #000000;\"><\/span><\/strong><\/h3>\n<h3><strong><span style=\"color: #000000;\"><\/span><\/strong><\/h3>\n<h3><strong><span style=\"color: #000000;\"><\/span><\/strong><\/h3>\n<h3><strong><span style=\"color: #000000;\">Die zentrale Bedeutung von Vertrauen<\/span><\/strong><\/h3>\n<p><span style=\"color: #000000;\">Das Vertrauen ist nicht nur das Fundament, auf dem Beziehungen aufgebaut sind, sondern es beeinflusst auch die psychische und physische Gesundheit. In einer Studie von Uchino (2004) wurde festgestellt, dass vertrauensvolle Beziehungen zu einem niedrigeren Risiko von Herzkrankheiten f\u00fchren.<\/span><\/p>\n<p>[\/et_pb_text][\/et_pb_column][\/et_pb_row][et_pb_row _builder_version=&#8220;4.17.0&#8243; _module_preset=&#8220;default&#8220; global_colors_info=&#8220;{}&#8220;][et_pb_column type=&#8220;4_4&#8243; _builder_version=&#8220;4.17.0&#8243; _module_preset=&#8220;default&#8220; global_colors_info=&#8220;{}&#8220;][et_pb_text admin_label=&#8220;Title &#8220; _builder_version=&#8220;4.17.0&#8243; _module_preset=&#8220;default&#8220; text_font=&#8220;Nunito||||||||&#8220; text_font_size=&#8220;18px&#8220; text_line_height=&#8220;1.8em&#8220; header_font=&#8220;Fredoka One||||||||&#8220; header_font_size=&#8220;52px&#8220; header_line_height=&#8220;1.3em&#8220; text_orientation=&#8220;center&#8220; background_layout=&#8220;dark&#8220; max_width=&#8220;700px&#8220; module_alignment=&#8220;center&#8220; custom_margin=&#8220;||10px|&#8220; animation_style=&#8220;fade&#8220; hover_enabled=&#8220;0&#8243; global_colors_info=&#8220;{}&#8220; sticky_enabled=&#8220;0&#8243;]<\/p>\n<p><strong><span style=\"color: #000000;\">Praktische, wissenschaftlich gest\u00fctzte L\u00f6sungen<\/span><\/strong><\/p>\n<p style=\"text-align: center;\"><span style=\"color: #000000;\"><strong>1. Offene Kommunikation<\/strong>: Eine der wirksamsten M\u00f6glichkeiten, Vertrauen aufzubauen, ist die offene Kommunikation. Untersuchungen von Afifi und Guerrero (2000) haben gezeigt, dass Paare, die effektiv kommunizieren, ein h\u00f6heres Ma\u00df an Vertrauen und Zufriedenheit in ihrer Beziehung haben.<\/span><\/p>\n<p style=\"text-align: center;\"><span style=\"color: #000000;\"><strong>2. Best\u00e4ndigkeit zeigen<span>: <\/span><\/strong>Vertrauen basiert auf Vorhersehbarkeit. Das kontinuierliche Einhalten von Versprechen und das Zeigen von Verl\u00e4sslichkeit kann das Vertrauen st\u00e4rken.<\/span><\/p>\n<p style=\"text-align: center;\"><span style=\"color: #000000;\"><strong>3. Therapie oder Paarberatung<span>: <\/span><\/strong>Bei tieferen Vertrauensbr\u00fcchen kann eine professionelle Beratung oder Therapie helfen, die Beziehung zu heilen.<\/span><\/p>\n<p>[\/et_pb_text][et_pb_text admin_label=&#8220;Title &#8220; _builder_version=&#8220;4.17.0&#8243; _module_preset=&#8220;default&#8220; text_font=&#8220;Nunito||||||||&#8220; text_font_size=&#8220;18px&#8220; text_line_height=&#8220;1.8em&#8220; header_font=&#8220;Fredoka One||||||||&#8220; header_font_size=&#8220;52px&#8220; header_line_height=&#8220;1.3em&#8220; text_orientation=&#8220;center&#8220; background_layout=&#8220;dark&#8220; max_width=&#8220;700px&#8220; module_alignment=&#8220;center&#8220; custom_margin=&#8220;||10px|&#8220; animation_style=&#8220;fade&#8220; hover_enabled=&#8220;0&#8243; global_colors_info=&#8220;{}&#8220; sticky_enabled=&#8220;0&#8243;]<\/p>\n<h3><\/h3>\n<h3><\/h3>\n<h3><\/h3>\n<h3><\/h3>\n<p><strong><span style=\"color: #000000;\">Schlussgedanken<\/span><\/strong><\/p>\n<p><span style=\"color: #000000;\">Vertrauen ist das unsichtbare Band, das zwei Menschen in einer Beziehung miteinander verkn\u00fcpft. Es ist der stille Begleiter bei morgendlichen Routinen, die uns den Tag vers\u00fc\u00dfen, und der unersch\u00fctterliche Pfeiler, auf den wir uns in schwierigen Zeiten st\u00fctzen k\u00f6nnen. Vertrauen erm\u00f6glicht es uns, Kompromisse zu schlie\u00dfen und uns gegenseitig zu unterst\u00fctzen, ohne Angst vor Missverst\u00e4ndnissen oder Verletzungen. Es schenkt uns die Freiheit, uns selbst zu sein, und gibt uns den Raum, uns zu entfalten und gleichzeitig tief verbunden zu bleiben.<\/span><\/p>\n<p><span style=\"color: #000000;\">In einer vertrauensvollen Beziehung wird der Alltag zu einer gemeinsamen Reise, bei der beide Partner gemeinsam wachsen, lernen und sich entfalten. Dabei sind es oft die allt\u00e4glichen Momente, die die wahre Tiefe und St\u00e4rke des Vertrauens widerspiegeln: das L\u00e4cheln, das man sich morgens zuwirft, das Gef\u00fchl, das eigene Leben und das des Partners zu feiern, oder die Sicherheit, dass man bei jedem Schritt Unterst\u00fctzung findet. Vertrauen ist das leise Fl\u00fcstern, das uns sagt, dass alles in Ordnung sein wird, selbst wenn die Welt um uns herum in Aufruhr ist.<\/span><\/p>\n<p><span style=\"color: #000000;\">In dieser Welt der Beziehungsnuancen, in der Kommunikation, Respekt und Vertrauen so entscheidend sind, hoffen wir, dass unsere Erkenntnisse und Ratschl\u00e4ge Licht in die komplexen Dynamiken des Herzens bringen. Das Fundament jeder dauerhaften Bindung, ob neu entfacht oder jahrelang bestehend, liegt im Vertrauen. M\u00f6ge es das Herzst\u00fcck jeder Ihrer Beziehungen sein.<\/span><\/p>\n<p>[\/et_pb_text][et_pb_text admin_label=&#8220;Title &#8220; _builder_version=&#8220;4.17.0&#8243; _module_preset=&#8220;default&#8220; text_font=&#8220;Nunito||||||||&#8220; text_font_size=&#8220;18px&#8220; text_line_height=&#8220;1.8em&#8220; header_font=&#8220;Fredoka One||||||||&#8220; header_font_size=&#8220;52px&#8220; header_line_height=&#8220;1.3em&#8220; text_orientation=&#8220;center&#8220; background_layout=&#8220;dark&#8220; max_width=&#8220;700px&#8220; module_alignment=&#8220;center&#8220; custom_margin=&#8220;||10px|&#8220; animation_style=&#8220;fade&#8220; hover_enabled=&#8220;0&#8243; global_colors_info=&#8220;{}&#8220; sticky_enabled=&#8220;0&#8243;]<\/p>\n<p>&nbsp;<\/p>\n<p>&nbsp;<\/p>\n<ul>\n<li>Rempel, J. K., Holmes, J. G., &amp; Zanna, M. P. (1985). Trust in close relationships. Journal of Personality and Social Psychology, 49(1), 95-112.<\/li>\n<li>Bowlby, J. (1982). Attachment and loss: Vol. 1. Attachment. Basic Books.<\/li>\n<li>Uchino, B. N. (2004). Social support and physical health: Understanding the health consequences of relationships. Yale University Press.<\/li>\n<li>Afifi, W. A., &amp; Guerrero, L. K. (2000). Motiv<\/li>\n<\/ul>\n<p>[\/et_pb_text][\/et_pb_column][\/et_pb_row][\/et_pb_section]<\/p>\n","protected":false},"excerpt":{"rendered":"<p>Das Fundament jeder Beziehung: Warum das Aufbauen von Vertrauen entscheidend istDas Vertrauen zwischen Partnern bildet das R\u00fcckgrat jeder dauerhaften Beziehung. Es ist der Klebstoff, der Menschen in guten wie in schlechten Zeiten zusammenh\u00e4lt. Doch wie viele von uns haben schon einmal das zerschmetternde Gef\u00fchl erlebt, wenn dieses Vertrauen gebrochen wird? Der Prozess des Aufbauens und [&hellip;]<\/p>\n","protected":false},"author":1,"featured_media":0,"parent":0,"menu_order":0,"comment_status":"closed","ping_status":"closed","template":"","meta":{"_et_pb_use_builder":"on","_et_pb_old_content":"","_et_gb_content_width":"","footnotes":""},"_links":{"self":[{"href":"https:\/\/beziehungstricks.de\/index.php?rest_route=\/wp\/v2\/pages\/65"}],"collection":[{"href":"https:\/\/beziehungstricks.de\/index.php?rest_route=\/wp\/v2\/pages"}],"about":[{"href":"https:\/\/beziehungstricks.de\/index.php?rest_route=\/wp\/v2\/types\/page"}],"author":[{"embeddable":true,"href":"https:\/\/beziehungstricks.de\/index.php?rest_route=\/wp\/v2\/users\/1"}],"replies":[{"embeddable":true,"href":"https:\/\/beziehungstricks.de\/index.php?rest_route=%2Fwp%2Fv2%2Fcomments&post=65"}],"version-history":[{"count":4,"href":"https:\/\/beziehungstricks.de\/index.php?rest_route=\/wp\/v2\/pages\/65\/revisions"}],"predecessor-version":[{"id":184,"href":"https:\/\/beziehungstricks.de\/index.php?rest_route=\/wp\/v2\/pages\/65\/revisions\/184"}],"wp:attachment":[{"href":"https:\/\/beziehungstricks.de\/index.php?rest_route=%2Fwp%2Fv2%2Fmedia&parent=65"}],"curies":[{"name":"wp","href":"https:\/\/api.w.org\/{rel}","templated":true}]}}