{"id":35,"date":"2023-09-04T22:47:00","date_gmt":"2023-09-04T20:47:00","guid":{"rendered":"https:\/\/beziehungstricks.de\/?page_id=35"},"modified":"2023-09-10T15:53:37","modified_gmt":"2023-09-10T13:53:37","slug":"warum-kommunikation-in-einer-beziehung-wichitg-ist","status":"publish","type":"page","link":"https:\/\/beziehungstricks.de\/?page_id=35","title":{"rendered":"warum Kommunikation in einer Beziehung wichitg ist"},"content":{"rendered":"<p>[et_pb_section fb_built=&#8220;1&#8243; next_background_color=&#8220;#f2f5f7&#8243; admin_label=&#8220;Hero&#8220; _builder_version=&#8220;4.17.0&#8243; _module_preset=&#8220;default&#8220; background_color=&#8220;#fa97b4&#8243; use_background_color_gradient=&#8220;on&#8220; background_color_gradient_direction=&#8220;102deg&#8220; background_color_gradient_stops=&#8220;#fa97b4 0%|#feb2c7 100%&#8220; background_color_gradient_start=&#8220;#fa97b4&#8243; background_color_gradient_end=&#8220;#feb2c7&#8243; custom_padding=&#8220;120px||120px|&#8220; bottom_divider_style=&#8220;wave2&#8243; bottom_divider_height=&#8220;150px&#8220; hover_enabled=&#8220;0&#8243; global_colors_info=&#8220;{}&#8220; title_text=&#8220;beziehung und kommunikation_&#8220; background_image=&#8220;https:\/\/beziehungstricks.de\/wp-content\/uploads\/2023\/09\/beziehung-und-kommunikation_.jpg&#8220; sticky_enabled=&#8220;0&#8243;][et_pb_row _builder_version=&#8220;4.16&#8243; _module_preset=&#8220;default&#8220; background_size=&#8220;initial&#8220; background_position=&#8220;top_left&#8220; background_repeat=&#8220;repeat&#8220; global_colors_info=&#8220;{}&#8220;][et_pb_column type=&#8220;4_4&#8243; _builder_version=&#8220;4.16&#8243; _module_preset=&#8220;default&#8220; custom_padding=&#8220;|||&#8220; global_colors_info=&#8220;{}&#8220; custom_padding__hover=&#8220;|||&#8220;][et_pb_text admin_label=&#8220;Title &#8220; _builder_version=&#8220;4.17.0&#8243; _module_preset=&#8220;default&#8220; text_font=&#8220;|700|||||||&#8220; text_font_size=&#8220;2em&#8220; text_line_height=&#8220;1.8em&#8220; header_font=&#8220;Fredoka One||||||||&#8220; header_font_size=&#8220;52px&#8220; header_line_height=&#8220;1.3em&#8220; text_orientation=&#8220;center&#8220; background_layout=&#8220;dark&#8220; max_width=&#8220;700px&#8220; module_alignment=&#8220;center&#8220; custom_margin=&#8220;||10px|&#8220; animation_style=&#8220;fade&#8220; hover_enabled=&#8220;0&#8243; global_colors_info=&#8220;{}&#8220; sticky_enabled=&#8220;0&#8243; header_text_color=&#8220;#FFFFFF&#8220; text_text_color=&#8220;#FFFFFF&#8220; text_text_shadow_style=&#8220;preset3&#8243; text_text_shadow_color=&#8220;#000000&#8243; text_font_size_last_edited=&#8220;on|desktop&#8220; text_font_size_tablet=&#8220;2em&#8220; text_font_size_phone=&#8220;2em&#8220;]<\/p>\n<p><em><span style=\"color: #ffffff;\"><strong>&#8222;Kommunikation: Der unbeachtete Schl\u00fcssel zu einer erf\u00fcllenden Beziehung&#8220;<\/strong><\/span><\/em><\/p>\n<p><em>\u00a0<\/em><\/p>\n<p>[\/et_pb_text][\/et_pb_column][\/et_pb_row][\/et_pb_section][et_pb_section fb_built=&#8220;1&#8243; admin_label=&#8220;Features&#8220; _builder_version=&#8220;4.16&#8243; _module_preset=&#8220;default&#8220; background_color=&#8220;#f2f5f7&#8243; custom_padding=&#8220;100px||120px|||&#8220; global_colors_info=&#8220;{}&#8220;][et_pb_row _builder_version=&#8220;4.17.0&#8243; _module_preset=&#8220;default&#8220; global_colors_info=&#8220;{}&#8220;][et_pb_column type=&#8220;4_4&#8243; _builder_version=&#8220;4.17.0&#8243; _module_preset=&#8220;default&#8220; global_colors_info=&#8220;{}&#8220;][et_pb_text admin_label=&#8220;Title &#8220; _builder_version=&#8220;4.17.0&#8243; _module_preset=&#8220;default&#8220; text_font=&#8220;Nunito||||||||&#8220; text_font_size=&#8220;18px&#8220; text_line_height=&#8220;1.8em&#8220; header_font=&#8220;Fredoka One||||||||&#8220; header_font_size=&#8220;52px&#8220; header_line_height=&#8220;1.3em&#8220; text_orientation=&#8220;center&#8220; background_layout=&#8220;dark&#8220; max_width=&#8220;700px&#8220; module_alignment=&#8220;center&#8220; custom_margin=&#8220;||10px|&#8220; animation_style=&#8220;fade&#8220; hover_enabled=&#8220;0&#8243; global_colors_info=&#8220;{}&#8220; sticky_enabled=&#8220;0&#8243;]<\/p>\n<p><span style=\"color: #000000;\">Die Kommunikation ist die Lebensader jeder Beziehung, und doch ist sie oft das am meisten vernachl\u00e4ssigte Element. In der schnelllebigen Welt von heute, wo Textnachrichten und Social Media h\u00e4ufig die traditionellen Gespr\u00e4che ersetzen, werden die Feinheiten der Kommunikation oft \u00fcbersehen. Eine umfassende Studie von Gottman &amp; Levenson (1999) hat sogar gezeigt, dass die Qualit\u00e4t der Kommunikation ein signifikanter Pr\u00e4diktor f\u00fcr die Trennungsrate bei Paaren ist.<\/span><\/p>\n<p>[\/et_pb_text][et_pb_text _builder_version=&#8220;4.17.0&#8243; _module_preset=&#8220;default&#8220; global_colors_info=&#8220;{}&#8220;]<\/p>\n<h3 style=\"text-align: center;\"><strong>Allt\u00e4gliche Kommunikationsprobleme<\/strong><\/h3>\n<p>[\/et_pb_text][\/et_pb_column][\/et_pb_row][et_pb_row column_structure=&#8220;1_2,1_2&#8243; _builder_version=&#8220;4.17.0&#8243; _module_preset=&#8220;default&#8220; global_colors_info=&#8220;{}&#8220;][et_pb_column type=&#8220;1_2&#8243; _builder_version=&#8220;4.17.0&#8243; _module_preset=&#8220;default&#8220; global_colors_info=&#8220;{}&#8220;][et_pb_image src=&#8220;https:\/\/beziehungstricks.de\/wp-content\/uploads\/2023\/09\/beziehungstricks.de-missverstaendnis-in-einer-beziehung.jpg&#8220; _builder_version=&#8220;4.17.0&#8243; _module_preset=&#8220;default&#8220; hover_enabled=&#8220;0&#8243; global_colors_info=&#8220;{}&#8220; alt=&#8220;beziehungstricks.de missverstaendnis in einer beziehung&#8220; title_text=&#8220;beziehungstricks.de missverstaendnis in einer beziehung&#8220; sticky_enabled=&#8220;0&#8243;][\/et_pb_image][\/et_pb_column][et_pb_column type=&#8220;1_2&#8243; _builder_version=&#8220;4.17.0&#8243; _module_preset=&#8220;default&#8220; global_colors_info=&#8220;{}&#8220;][et_pb_text admin_label=&#8220;Title &#8220; _builder_version=&#8220;4.17.0&#8243; _module_preset=&#8220;default&#8220; text_font=&#8220;Nunito||||||||&#8220; text_font_size=&#8220;18px&#8220; text_line_height=&#8220;1.8em&#8220; header_font=&#8220;Fredoka One||||||||&#8220; header_font_size=&#8220;52px&#8220; header_line_height=&#8220;1.3em&#8220; text_orientation=&#8220;center&#8220; background_layout=&#8220;dark&#8220; max_width=&#8220;700px&#8220; module_alignment=&#8220;center&#8220; custom_margin=&#8220;||10px|&#8220; animation_style=&#8220;fade&#8220; global_colors_info=&#8220;{}&#8220;]<\/p>\n<p><span style=\"color: #000000;\"><strong>Beispiel 1: <\/strong><\/span><\/p>\n<p><span style=\"color: #000000;\"><strong>Die stille Behandlung<\/strong> Jenna kommt von der Arbeit nach Hause, m\u00fcde und gestresst. Ihr Partner Alex fragt, wie ihr Tag war, und sie antwortet nur mit &#8222;gut&#8220;. Alex interpretiert dies als Desinteresse und zieht sich zur\u00fcck, was Jenna als Gleichg\u00fcltigkeit interpretiert. Hier haben wir einen klassischen Fall von schlechter Kommunikation, der die Beziehung erodiert.<\/span><\/p>\n<p>[\/et_pb_text][et_pb_text _builder_version=&#8220;4.17.0&#8243; _module_preset=&#8220;default&#8220; global_colors_info=&#8220;{}&#8220;][\/et_pb_text][\/et_pb_column][\/et_pb_row][\/et_pb_section][et_pb_section fb_built=&#8220;1&#8243; prev_background_color=&#8220;#f2f5f7&#8243; admin_label=&#8220;Services&#8220; _builder_version=&#8220;4.17.0&#8243; _module_preset=&#8220;default&#8220; background_color=&#8220;#88C4DD&#8220; background_enable_image=&#8220;off&#8220; background_size=&#8220;initial&#8220; background_blend=&#8220;overlay&#8220; custom_padding=&#8220;120px||120px|&#8220; top_divider_style=&#8220;wave&#8220; top_divider_height=&#8220;106px&#8220; hover_enabled=&#8220;0&#8243; global_colors_info=&#8220;{}&#8220; sticky_enabled=&#8220;0&#8243;][et_pb_row column_structure=&#8220;1_2,1_2&#8243; _builder_version=&#8220;4.17.0&#8243; _module_preset=&#8220;default&#8220; custom_padding=&#8220;60px|||||&#8220; global_colors_info=&#8220;{}&#8220;][et_pb_column type=&#8220;1_2&#8243; _builder_version=&#8220;4.17.0&#8243; _module_preset=&#8220;default&#8220; global_colors_info=&#8220;{}&#8220;][et_pb_text admin_label=&#8220;Title &#8220; _builder_version=&#8220;4.17.0&#8243; _module_preset=&#8220;default&#8220; text_font=&#8220;Nunito||||||||&#8220; text_font_size=&#8220;18px&#8220; text_line_height=&#8220;1.8em&#8220; header_font=&#8220;Fredoka One||||||||&#8220; header_font_size=&#8220;52px&#8220; header_line_height=&#8220;1.3em&#8220; text_orientation=&#8220;center&#8220; background_layout=&#8220;dark&#8220; max_width=&#8220;700px&#8220; module_alignment=&#8220;center&#8220; custom_margin=&#8220;||10px|&#8220; animation_style=&#8220;fade&#8220; global_colors_info=&#8220;{}&#8220;]<\/p>\n<p><span style=\"color: #000000;\"><strong>Beispiel 2: \u00dcberreaktion<\/strong> <\/span><\/p>\n<p><span style=\"color: #000000;\">Martin bekommt einen Anruf von seinem Chef und verbringt die n\u00e4chsten 30 Minuten im Arbeitsmodus. Sein Partner Daniel f\u00fchlt sich vernachl\u00e4ssigt und reagiert w\u00fctend, als Martin das Gespr\u00e4ch beendet. Beide haben das Gef\u00fchl, nicht geh\u00f6rt zu werden.<\/span><\/p>\n<p>[\/et_pb_text][\/et_pb_column][et_pb_column type=&#8220;1_2&#8243; _builder_version=&#8220;4.17.0&#8243; _module_preset=&#8220;default&#8220; global_colors_info=&#8220;{}&#8220;][et_pb_image src=&#8220;https:\/\/beziehungstricks.de\/wp-content\/uploads\/2023\/09\/angry-furious-hispanic-man-in-rage-portrait-2022-02-07-07-24-09-utc_Easy-Resize.com_.jpg&#8220; _builder_version=&#8220;4.17.0&#8243; _module_preset=&#8220;default&#8220; hover_enabled=&#8220;0&#8243; global_colors_info=&#8220;{}&#8220; title_text=&#8220;angry-furious-hispanic-man-in-rage-portrait-2022-02-07-07-24-09-utc_Easy-Resize.com&#8220; sticky_enabled=&#8220;0&#8243;][\/et_pb_image][\/et_pb_column][\/et_pb_row][et_pb_row _builder_version=&#8220;4.16&#8243; _module_preset=&#8220;default&#8220; custom_margin=&#8220;30px|||&#8220; global_colors_info=&#8220;{}&#8220;][et_pb_column type=&#8220;4_4&#8243; _builder_version=&#8220;4.16&#8243; _module_preset=&#8220;default&#8220; custom_padding=&#8220;|||&#8220; global_colors_info=&#8220;{}&#8220; custom_padding__hover=&#8220;|||&#8220;][et_pb_divider color=&#8220;rgba(255,255,255,0.5)&#8220; divider_weight=&#8220;4px&#8220; _builder_version=&#8220;4.16&#8243; _module_preset=&#8220;default&#8220; max_width=&#8220;60px&#8220; max_width_tablet=&#8220;11%&#8220; max_width_last_edited=&#8220;off|desktop&#8220; module_alignment=&#8220;center&#8220; height=&#8220;4px&#8220; animation_style=&#8220;slide&#8220; animation_direction=&#8220;top&#8220; animation_intensity_slide=&#8220;5%&#8220; animation_starting_opacity=&#8220;100%&#8220; global_colors_info=&#8220;{}&#8220;][\/et_pb_divider][et_pb_text admin_label=&#8220;Title &#8220; _builder_version=&#8220;4.17.0&#8243; _module_preset=&#8220;default&#8220; text_font=&#8220;Nunito||||||||&#8220; text_font_size=&#8220;18px&#8220; text_line_height=&#8220;1.8em&#8220; header_font=&#8220;Fredoka One||||||||&#8220; header_font_size=&#8220;52px&#8220; header_line_height=&#8220;1.3em&#8220; text_orientation=&#8220;center&#8220; background_layout=&#8220;dark&#8220; max_width=&#8220;700px&#8220; module_alignment=&#8220;center&#8220; custom_margin=&#8220;||10px|&#8220; animation_style=&#8220;fade&#8220; global_colors_info=&#8220;{}&#8220;]<\/p>\n<p><strong><span style=\"color: #000000;\">Gemeinsamkeiten der Ursachen und wissenschaftliche Unterst\u00fctzung<\/span><\/strong><\/p>\n<p><span style=\"color: #000000;\">\u00a0<\/span><span style=\"color: #000000;\">Ein zentraler Punkt, den die Forschung unterstreicht, ist die Tendenz, negative Kommunikationsmuster zu entwickeln, die dann in einer Abw\u00e4rtsspirale enden k\u00f6nnen. Die Studie von Gottman &amp; Levenson identifizierte bestimmte &#8222;Vorboten der Apokalypse&#8220; in der Kommunikation: Kritik, Verachtung, Abwehrhaltung und Mauern. Wenn diese Verhaltensweisen in der Kommunikation dominieren, ist die Wahrscheinlichkeit einer Trennung erheblich h\u00f6her.<\/span><\/p>\n<p>[\/et_pb_text][et_pb_text admin_label=&#8220;Title &#8220; _builder_version=&#8220;4.17.0&#8243; _module_preset=&#8220;default&#8220; text_font=&#8220;Nunito||||||||&#8220; text_font_size=&#8220;18px&#8220; text_line_height=&#8220;1.8em&#8220; header_font=&#8220;Fredoka One||||||||&#8220; header_font_size=&#8220;52px&#8220; header_line_height=&#8220;1.3em&#8220; text_orientation=&#8220;center&#8220; background_layout=&#8220;dark&#8220; max_width=&#8220;700px&#8220; module_alignment=&#8220;center&#8220; custom_margin=&#8220;||10px|&#8220; animation_style=&#8220;fade&#8220; global_colors_info=&#8220;{}&#8220;]<\/p>\n<h3><span style=\"color: #000000;\"><strong><\/strong><\/span><\/h3>\n<h3><span style=\"color: #000000;\"><strong><\/strong><\/span><\/h3>\n<h3><span style=\"color: #000000;\"><strong><\/strong><\/span><\/h3>\n<h3><span style=\"color: #000000;\"><strong><\/strong><\/span><\/h3>\n<h3><span style=\"color: #000000;\"><strong><\/strong><\/span><\/h3>\n<h3><span style=\"color: #000000;\"><strong><\/strong><\/span><\/h3>\n<h3><span style=\"color: #000000;\"><strong><\/strong><\/span><\/h3>\n<h3><span style=\"color: #000000;\"><strong><\/strong><\/span><\/h3>\n<h3><span style=\"color: #000000;\"><strong><\/strong><\/span><\/h3>\n<h3><span style=\"color: #000000;\"><strong>Emotionen und Kommunikation<\/strong><\/span><\/h3>\n<p><span style=\"color: #000000;\">Die Arbeit von Dr. John Gottman hebt auch die Bedeutung der Emotionen in der Kommunikation hervor. Er bezeichnet erfolgreiche Kommunikation als &#8222;Zuschalten&#8220;, bei dem beide Partner aktiv zuh\u00f6ren, empathisch reagieren und gemeinsame Entscheidungen treffen. Auf der anderen Seite steht das &#8222;Abschalten&#8220;, wo Kommunikation versagt und die Beziehung leidet.<\/span><\/p>\n<p>[\/et_pb_text][\/et_pb_column][\/et_pb_row][et_pb_row _builder_version=&#8220;4.17.0&#8243; _module_preset=&#8220;default&#8220; global_colors_info=&#8220;{}&#8220;][et_pb_column type=&#8220;4_4&#8243; _builder_version=&#8220;4.17.0&#8243; _module_preset=&#8220;default&#8220; global_colors_info=&#8220;{}&#8220;][et_pb_text admin_label=&#8220;Title &#8220; _builder_version=&#8220;4.17.0&#8243; _module_preset=&#8220;default&#8220; text_font=&#8220;Nunito||||||||&#8220; text_font_size=&#8220;18px&#8220; text_line_height=&#8220;1.8em&#8220; header_font=&#8220;Fredoka One||||||||&#8220; header_font_size=&#8220;52px&#8220; header_line_height=&#8220;1.3em&#8220; text_orientation=&#8220;center&#8220; background_layout=&#8220;dark&#8220; max_width=&#8220;700px&#8220; module_alignment=&#8220;center&#8220; custom_margin=&#8220;||10px|&#8220; animation_style=&#8220;fade&#8220; global_colors_info=&#8220;{}&#8220;]<\/p>\n<p><strong><span style=\"color: #000000;\">Praktische, wissenschaftlich gest\u00fctzte L\u00f6sungen<\/span><\/strong><\/p>\n<p style=\"text-align: center;\"><span style=\"color: #000000;\"><strong>1. Aktives Zuh\u00f6ren<\/strong>: In einer Studie von Weger et al. (2014) wurde festgestellt, dass aktives Zuh\u00f6ren nicht nur das Verst\u00e4ndnis f\u00f6rdert, sondern auch die Empathie zwischen den Partnern erh\u00f6ht.<\/span><\/p>\n<p style=\"text-align: center;\"><span style=\"color: #000000;\"><strong>2. Entwicklung emotionaler Intelligenz<\/strong>: Brackett et al. (2011) zeigten, dass eine h\u00f6here emotionale Intelligenz in Partnerschaften zu einer besseren Beziehungsqualit\u00e4t f\u00fchrt.<\/span><\/p>\n<p style=\"text-align: center;\"><span style=\"color: #000000;\"><strong>3. Konfliktbew\u00e4ltigungsstrategien<\/strong>: Gottmans Forschung (1994) unterstreicht die Bedeutung von konstruktiver Kommunikation bei der Konfliktl\u00f6sung. Paare, die Probleme als Team angehen, haben eine h\u00f6here Chance auf eine erfolgreiche Beziehung.<\/span><\/p>\n<p>[\/et_pb_text][et_pb_text admin_label=&#8220;Title &#8220; _builder_version=&#8220;4.17.0&#8243; _module_preset=&#8220;default&#8220; text_font=&#8220;Nunito||||||||&#8220; text_font_size=&#8220;18px&#8220; text_line_height=&#8220;1.8em&#8220; header_font=&#8220;Fredoka One||||||||&#8220; header_font_size=&#8220;52px&#8220; header_line_height=&#8220;1.3em&#8220; text_orientation=&#8220;center&#8220; background_layout=&#8220;dark&#8220; max_width=&#8220;700px&#8220; module_alignment=&#8220;center&#8220; custom_margin=&#8220;||10px|&#8220; animation_style=&#8220;fade&#8220; global_colors_info=&#8220;{}&#8220;]<\/p>\n<h3><\/h3>\n<h3><\/h3>\n<h3><\/h3>\n<h3><\/h3>\n<p><strong><span style=\"color: #000000;\">Schlussgedanken<\/span><\/strong><\/p>\n<p><span style=\"color: #000000;\">Kommunikation ist ein komplexes, aber entscheidendes Element jeder Beziehung. Obwohl die Herausforderungen in jeder Beziehung einzigartig sind, zeigen wissenschaftliche Studien klar auf, dass effektive Kommunikation erlernt werden kann und muss. Durch bewusste Anstrengungen, unterst\u00fctzt durch wissenschaftlich gest\u00fctzte Methoden, k\u00f6nnen Paare die Qualit\u00e4t ihrer Kommunikation und damit ihrer Beziehung erheblich verbessern.<\/span><\/p>\n<p>[\/et_pb_text][et_pb_text admin_label=&#8220;Title &#8220; _builder_version=&#8220;4.17.0&#8243; _module_preset=&#8220;default&#8220; text_font=&#8220;Nunito||||||||&#8220; text_font_size=&#8220;18px&#8220; text_line_height=&#8220;1.8em&#8220; header_font=&#8220;Fredoka One||||||||&#8220; header_font_size=&#8220;52px&#8220; header_line_height=&#8220;1.3em&#8220; text_orientation=&#8220;center&#8220; background_layout=&#8220;dark&#8220; max_width=&#8220;700px&#8220; module_alignment=&#8220;center&#8220; custom_margin=&#8220;||10px|&#8220; animation_style=&#8220;fade&#8220; global_colors_info=&#8220;{}&#8220;]<\/p>\n<p><em>Referenzen:<\/em><\/p>\n<ul>\n<li>Gottman, J. M., &amp; Levenson, R. W. (1999). What predicts change in marital interaction over time? A study of alternative models. Family process, 38(2), 143-158.<\/li>\n<li>Weger Jr, H., Castle Bell, G., Minei, E. M., &amp; Robinson, M. C. (2014). The relative effectiveness of active listening in initial interactions. International Journal of Listening, 28(1), 13-31.<\/li>\n<li>Brackett, M. A., Rivers, S. E., &amp; Salovey, P. (2011). Emotional intelligence: Implications for personal, social, academic, and workplace success. Social and personality psychology compass, 5(1), 88-103.<\/li>\n<li>Gottman, J. M. (1994). What predicts divorce? The relationship between marital processes and marital outcomes. Hillsdale, NJ: Lawrence Erlbaum Associates.<\/li>\n<\/ul>\n<p>[\/et_pb_text][\/et_pb_column][\/et_pb_row][\/et_pb_section]<\/p>\n","protected":false},"excerpt":{"rendered":"<p>&#8222;Kommunikation: Der unbeachtete Schl\u00fcssel zu einer erf\u00fcllenden Beziehung&#8220; \u00a0Die Kommunikation ist die Lebensader jeder Beziehung, und doch ist sie oft das am meisten vernachl\u00e4ssigte Element. In der schnelllebigen Welt von heute, wo Textnachrichten und Social Media h\u00e4ufig die traditionellen Gespr\u00e4che ersetzen, werden die Feinheiten der Kommunikation oft \u00fcbersehen. Eine umfassende Studie von Gottman &amp; Levenson [&hellip;]<\/p>\n","protected":false},"author":1,"featured_media":0,"parent":0,"menu_order":0,"comment_status":"closed","ping_status":"closed","template":"","meta":{"_et_pb_use_builder":"on","_et_pb_old_content":"","_et_gb_content_width":"","footnotes":""},"_links":{"self":[{"href":"https:\/\/beziehungstricks.de\/index.php?rest_route=\/wp\/v2\/pages\/35"}],"collection":[{"href":"https:\/\/beziehungstricks.de\/index.php?rest_route=\/wp\/v2\/pages"}],"about":[{"href":"https:\/\/beziehungstricks.de\/index.php?rest_route=\/wp\/v2\/types\/page"}],"author":[{"embeddable":true,"href":"https:\/\/beziehungstricks.de\/index.php?rest_route=\/wp\/v2\/users\/1"}],"replies":[{"embeddable":true,"href":"https:\/\/beziehungstricks.de\/index.php?rest_route=%2Fwp%2Fv2%2Fcomments&post=35"}],"version-history":[{"count":6,"href":"https:\/\/beziehungstricks.de\/index.php?rest_route=\/wp\/v2\/pages\/35\/revisions"}],"predecessor-version":[{"id":183,"href":"https:\/\/beziehungstricks.de\/index.php?rest_route=\/wp\/v2\/pages\/35\/revisions\/183"}],"wp:attachment":[{"href":"https:\/\/beziehungstricks.de\/index.php?rest_route=%2Fwp%2Fv2%2Fmedia&parent=35"}],"curies":[{"name":"wp","href":"https:\/\/api.w.org\/{rel}","templated":true}]}}