{"id":175,"date":"2023-09-10T15:16:41","date_gmt":"2023-09-10T13:16:41","guid":{"rendered":"https:\/\/beziehungstricks.de\/?page_id=175"},"modified":"2023-09-10T15:51:43","modified_gmt":"2023-09-10T13:51:43","slug":"persoenliches-wachstum-und-selbstentwicklung-in-der-beziehung","status":"publish","type":"page","link":"https:\/\/beziehungstricks.de\/?page_id=175","title":{"rendered":"Persoenliches Wachstum und Selbstentwicklung in der Beziehung"},"content":{"rendered":"<p>[et_pb_section fb_built=&#8220;1&#8243; next_background_color=&#8220;#f2f5f7&#8243; admin_label=&#8220;Hero&#8220; _builder_version=&#8220;4.17.0&#8243; _module_preset=&#8220;default&#8220; background_enable_color=&#8220;off&#8220; background_image=&#8220;https:\/\/beziehungstricks.de\/wp-content\/uploads\/2023\/09\/www.beziehungstricks.de-perso\u0308nliches-wachstum-in-einer-beziehung_Easy-Resize.com_.jpg&#8220; custom_padding=&#8220;120px||240px|||&#8220; bottom_divider_style=&#8220;wave2&#8243; bottom_divider_height=&#8220;150px&#8220; hover_enabled=&#8220;0&#8243; global_colors_info=&#8220;{}&#8220; alt=&#8220;www.beziehungstricks.de perso\u0308nliches wachstum in einer beziehung&#8220; title_text=&#8220;www.beziehungstricks.de perso\u0308nliches wachstum in einer beziehung&#8220; sticky_enabled=&#8220;0&#8243;][et_pb_row _builder_version=&#8220;4.16&#8243; _module_preset=&#8220;default&#8220; background_size=&#8220;initial&#8220; background_position=&#8220;top_left&#8220; background_repeat=&#8220;repeat&#8220; global_colors_info=&#8220;{}&#8220;][et_pb_column type=&#8220;4_4&#8243; _builder_version=&#8220;4.16&#8243; _module_preset=&#8220;default&#8220; custom_padding=&#8220;|||&#8220; global_colors_info=&#8220;{}&#8220; custom_padding__hover=&#8220;|||&#8220;][et_pb_text admin_label=&#8220;Title &#8220; _builder_version=&#8220;4.17.0&#8243; _module_preset=&#8220;default&#8220; text_font=&#8220;|700|||||||&#8220; text_text_color=&#8220;#FFFFFF&#8220; text_font_size=&#8220;2.5em&#8220; text_line_height=&#8220;1.8em&#8220; header_font=&#8220;Fredoka One||||||||&#8220; header_text_color=&#8220;#FFFFFF&#8220; header_font_size=&#8220;52px&#8220; header_line_height=&#8220;1.3em&#8220; text_orientation=&#8220;center&#8220; background_layout=&#8220;dark&#8220; max_width=&#8220;700px&#8220; module_alignment=&#8220;center&#8220; custom_margin=&#8220;||10px|&#8220; animation_style=&#8220;fade&#8220; hover_enabled=&#8220;0&#8243; text_font_size_tablet=&#8220;2em&#8220; text_font_size_phone=&#8220;2em&#8220; text_font_size_last_edited=&#8220;on|desktop&#8220; text_text_shadow_style=&#8220;preset3&#8243; text_text_shadow_color=&#8220;#000000&#8243; global_colors_info=&#8220;{}&#8220; sticky_enabled=&#8220;0&#8243;]<\/p>\n<h1>Persoenliches Wachstum und Selbstentwicklung in der Beziehung<\/h1>\n<p><em>\u00a0<\/em><\/p>\n<p>[\/et_pb_text][\/et_pb_column][\/et_pb_row][\/et_pb_section][et_pb_section fb_built=&#8220;1&#8243; admin_label=&#8220;Features&#8220; _builder_version=&#8220;4.16&#8243; _module_preset=&#8220;default&#8220; background_color=&#8220;#f2f5f7&#8243; custom_padding=&#8220;100px||120px|||&#8220; global_colors_info=&#8220;{}&#8220;][et_pb_row _builder_version=&#8220;4.17.0&#8243; _module_preset=&#8220;default&#8220; global_colors_info=&#8220;{}&#8220;][et_pb_column type=&#8220;4_4&#8243; _builder_version=&#8220;4.17.0&#8243; _module_preset=&#8220;default&#8220; global_colors_info=&#8220;{}&#8220;][et_pb_text admin_label=&#8220;Title &#8220; _builder_version=&#8220;4.17.0&#8243; _module_preset=&#8220;default&#8220; text_font=&#8220;Nunito||||||||&#8220; text_font_size=&#8220;18px&#8220; text_line_height=&#8220;1.8em&#8220; header_font=&#8220;Fredoka One||||||||&#8220; header_font_size=&#8220;52px&#8220; header_line_height=&#8220;1.3em&#8220; text_orientation=&#8220;center&#8220; background_layout=&#8220;dark&#8220; max_width=&#8220;700px&#8220; module_alignment=&#8220;center&#8220; custom_margin=&#8220;||10px|&#8220; animation_style=&#8220;fade&#8220; hover_enabled=&#8220;0&#8243; global_colors_info=&#8220;{}&#8220; sticky_enabled=&#8220;0&#8243;]<\/p>\n<p><span style=\"color: #000000;\">Es ist ein weit verbreiteter Irrglaube, dass in einer Beziehung alles perfekt sein muss. Doch wie jeder von uns wei\u00df, wird das Leben mit seinen H\u00f6hen und Tiefen uns oft vor Herausforderungen stellen. In einer Beziehung k\u00f6nnen diese Herausforderungen als Katalysator f\u00fcr pers\u00f6nliches Wachstum und Selbstentwicklung dienen. Dieser Prozess ist nicht immer einfach, aber mit dem richtigen Ansatz k\u00f6nnen Paare gemeinsam wachsen und sich weiterentwickeln.<\/span><\/p>\n<p>[\/et_pb_text][et_pb_divider show_divider=&#8220;off&#8220; _builder_version=&#8220;4.17.0&#8243; _module_preset=&#8220;default&#8220; global_colors_info=&#8220;{}&#8220;][\/et_pb_divider][et_pb_text _builder_version=&#8220;4.17.0&#8243; _module_preset=&#8220;default&#8220; text_font_size=&#8220;1.5em&#8220; hover_enabled=&#8220;0&#8243; global_colors_info=&#8220;{}&#8220; sticky_enabled=&#8220;0&#8243;]<\/p>\n<p style=\"text-align: center;\"><strong>Die Alltagsprobleme: Wo fangen wir an?<\/strong><\/p>\n<p>[\/et_pb_text][\/et_pb_column][\/et_pb_row][et_pb_row column_structure=&#8220;1_2,1_2&#8243; _builder_version=&#8220;4.17.0&#8243; _module_preset=&#8220;default&#8220; global_colors_info=&#8220;{}&#8220;][et_pb_column type=&#8220;1_2&#8243; _builder_version=&#8220;4.17.0&#8243; _module_preset=&#8220;default&#8220; global_colors_info=&#8220;{}&#8220;][et_pb_image src=&#8220;https:\/\/beziehungstricks.de\/wp-content\/uploads\/2023\/09\/beziehungstricks.de-missverstaendnis-in-einer-beziehung.jpg&#8220; alt=&#8220;beziehungstricks.de missverstaendnis in einer beziehung&#8220; title_text=&#8220;beziehungstricks.de missverstaendnis in einer beziehung&#8220; _builder_version=&#8220;4.17.0&#8243; _module_preset=&#8220;default&#8220; global_colors_info=&#8220;{}&#8220;][\/et_pb_image][\/et_pb_column][et_pb_column type=&#8220;1_2&#8243; _builder_version=&#8220;4.17.0&#8243; _module_preset=&#8220;default&#8220; global_colors_info=&#8220;{}&#8220;][et_pb_text admin_label=&#8220;Title &#8220; _builder_version=&#8220;4.17.0&#8243; _module_preset=&#8220;default&#8220; text_font=&#8220;Nunito||||||||&#8220; text_font_size=&#8220;18px&#8220; text_line_height=&#8220;1.8em&#8220; header_font=&#8220;Fredoka One||||||||&#8220; header_font_size=&#8220;52px&#8220; header_line_height=&#8220;1.3em&#8220; text_orientation=&#8220;center&#8220; background_layout=&#8220;dark&#8220; max_width=&#8220;700px&#8220; module_alignment=&#8220;center&#8220; custom_margin=&#8220;||10px|&#8220; animation_style=&#8220;fade&#8220; hover_enabled=&#8220;0&#8243; global_colors_info=&#8220;{}&#8220; sticky_enabled=&#8220;0&#8243;]<\/p>\n<ol>\n<li>\n<p><span style=\"color: #000000;\"><strong>Kommunikationsl\u00fccken<\/strong>: Laut einer Studie von Dr. John Gottman, einem renommierten Beziehungsforscher, scheitern 67% der Ehen aufgrund von Kommunikationsproblemen<sup><a href=\"https:\/\/chat.openai.com\/c\/d73889a3-9056-48c4-ad18-91f2e87ba4ec#user-content-fn-1%5E\" id=\"user-content-fnref-1%5E\" data-footnote-ref=\"true\" aria-describedby=\"footnote-label\" target=\"_new\" style=\"color: #000000;\" rel=\"noopener\">1<\/a><\/sup>.<\/span><\/p>\n<\/li>\n<li>\n<p><span style=\"color: #000000;\"><strong>Verlorene Individualit\u00e4t<\/strong>: In dem Bestreben, als Paar zu funktionieren, verlieren viele Menschen ihren Sinn f\u00fcr Individualit\u00e4t<sup><a href=\"https:\/\/chat.openai.com\/c\/d73889a3-9056-48c4-ad18-91f2e87ba4ec#user-content-fn-2%5E\" id=\"user-content-fnref-2%5E\" data-footnote-ref=\"true\" aria-describedby=\"footnote-label\" target=\"_new\" style=\"color: #000000;\" rel=\"noopener\">2<\/a><\/sup>.<\/span><\/p>\n<\/li>\n<li>\n<p><span style=\"color: #000000;\"><strong>Zeitmanagement<\/strong>: In der heutigen schnelllebigen Welt haben Paare oft Schwierigkeiten, Zeit f\u00fcreinander zu finden, was zu Entfremdung f\u00fchren kann<sup><a href=\"https:\/\/chat.openai.com\/c\/d73889a3-9056-48c4-ad18-91f2e87ba4ec#user-content-fn-3%5E\" id=\"user-content-fnref-3%5E\" data-footnote-ref=\"true\" aria-describedby=\"footnote-label\" target=\"_new\" style=\"color: #000000;\" rel=\"noopener\">3<\/a><\/sup>.<\/span><\/p>\n<\/li>\n<\/ol>\n<p>[\/et_pb_text][et_pb_text _builder_version=&#8220;4.17.0&#8243; _module_preset=&#8220;default&#8220; global_colors_info=&#8220;{}&#8220;][\/et_pb_text][\/et_pb_column][\/et_pb_row][\/et_pb_section][et_pb_section fb_built=&#8220;1&#8243; prev_background_color=&#8220;#f2f5f7&#8243; admin_label=&#8220;Services&#8220; _builder_version=&#8220;4.17.0&#8243; _module_preset=&#8220;default&#8220; background_color=&#8220;#88C4DD&#8220; background_enable_image=&#8220;off&#8220; background_size=&#8220;initial&#8220; background_blend=&#8220;overlay&#8220; custom_padding=&#8220;120px||120px|&#8220; top_divider_style=&#8220;wave&#8220; top_divider_height=&#8220;106px&#8220; global_colors_info=&#8220;{}&#8220;][et_pb_row _builder_version=&#8220;4.17.0&#8243; _module_preset=&#8220;default&#8220; custom_padding=&#8220;60px|||||&#8220; global_colors_info=&#8220;{}&#8220;][et_pb_column type=&#8220;4_4&#8243; _builder_version=&#8220;4.17.0&#8243; _module_preset=&#8220;default&#8220; global_colors_info=&#8220;{}&#8220;][et_pb_text admin_label=&#8220;Title &#8220; _builder_version=&#8220;4.17.0&#8243; _module_preset=&#8220;default&#8220; text_font=&#8220;Nunito||||||||&#8220; text_font_size=&#8220;18px&#8220; text_line_height=&#8220;1.8em&#8220; header_font=&#8220;Fredoka One||||||||&#8220; header_font_size=&#8220;52px&#8220; header_line_height=&#8220;1.3em&#8220; text_orientation=&#8220;center&#8220; background_layout=&#8220;dark&#8220; max_width=&#8220;700px&#8220; module_alignment=&#8220;center&#8220; custom_margin=&#8220;||10px|&#8220; animation_style=&#8220;fade&#8220; hover_enabled=&#8220;0&#8243; global_colors_info=&#8220;{}&#8220; sticky_enabled=&#8220;0&#8243;]<\/p>\n<p><span style=\"color: #000000;\"><strong>L\u00f6sungsvorschl\u00e4ge: Gemeinsam wachsen<\/strong><\/span><\/p>\n<p><span style=\"color: #000000;\"><strong>Selbstreflexion<\/strong>: Nehmen Sie sich Zeit f\u00fcr sich selbst, um Ihre Bed\u00fcrfnisse, W\u00fcnsche und \u00c4ngste zu verstehen. Dies kann durch Meditation, Tagebuchschreiben oder sogar Therapie erreicht werden<sup><a href=\"https:\/\/chat.openai.com\/c\/d73889a3-9056-48c4-ad18-91f2e87ba4ec#user-content-fn-4%5E\" id=\"user-content-fnref-4%5E\" data-footnote-ref=\"true\" aria-describedby=\"footnote-label\" target=\"_new\" style=\"color: #000000;\" rel=\"noopener\">4<\/a><\/sup>.<\/span><\/p>\n<p><span style=\"color: #000000;\"><strong>Offene Kommunikation<\/strong>: Lernen Sie, effektiv und empathisch mit Ihrem Partner zu kommunizieren. Hier kann beispielsweise die gewaltfreie Kommunikation nach Marshall B. Rosenberg helfen<sup><a href=\"https:\/\/chat.openai.com\/c\/d73889a3-9056-48c4-ad18-91f2e87ba4ec#user-content-fn-5%5E\" id=\"user-content-fnref-5%5E\" data-footnote-ref=\"true\" aria-describedby=\"footnote-label\" target=\"_new\" style=\"color: #000000;\" rel=\"noopener\">5<\/a><\/sup>.<\/span><\/p>\n<p><span style=\"color: #000000;\"><strong>Gemeinsame Ziele setzen<\/strong>: Arbeiten Sie mit Ihrem Partner zusammen, um gemeinsame Ziele zu setzen. Dies kann helfen, die Beziehung zu st\u00e4rken und beide Partner in dieselbe Richtung zu lenken.<\/span><\/p>\n<p><span style=\"color: #000000;\"><strong>Akzeptieren und Loslassen<\/strong>: Lernen Sie, die Vergangenheit loszulassen und Ihren Partner so zu akzeptieren, wie er ist.<\/span><\/p>\n<p>[\/et_pb_text][et_pb_text admin_label=&#8220;Title &#8220; _builder_version=&#8220;4.17.0&#8243; _module_preset=&#8220;default&#8220; text_font=&#8220;Nunito||||||||&#8220; text_font_size=&#8220;18px&#8220; text_line_height=&#8220;1.8em&#8220; header_font=&#8220;Fredoka One||||||||&#8220; header_font_size=&#8220;52px&#8220; header_line_height=&#8220;1.3em&#8220; text_orientation=&#8220;center&#8220; background_layout=&#8220;dark&#8220; max_width=&#8220;700px&#8220; module_alignment=&#8220;center&#8220; custom_margin=&#8220;||10px|&#8220; animation_style=&#8220;fade&#8220; hover_enabled=&#8220;0&#8243; global_colors_info=&#8220;{}&#8220; sticky_enabled=&#8220;0&#8243;]<\/p>\n<h2><\/h2>\n<h2><\/h2>\n<h2><\/h2>\n<h2><\/h2>\n<p><span style=\"color: #000000;\"><strong>Die Bedeutung von Wachstum in Beziehungen<\/strong><\/span><\/p>\n<p><span style=\"color: #000000;\">Pers\u00f6nliches Wachstum und Selbstentwicklung sind nicht nur f\u00fcr das individuelle Wohlbefinden wichtig, sondern auch f\u00fcr das \u00dcberleben und Gedeihen einer Beziehung. Eine Studie von Dr. Robert Levenson von der University of California fand heraus, dass Paare, die gemeinsam wachsen, eine h\u00f6here Zufriedenheit in ihren Beziehungen berichten<sup><a href=\"https:\/\/chat.openai.com\/c\/d73889a3-9056-48c4-ad18-91f2e87ba4ec#user-content-fn-6%5E\" id=\"user-content-fnref-6%5E\" data-footnote-ref=\"true\" aria-describedby=\"footnote-label\" target=\"_new\" style=\"color: #000000;\" rel=\"noopener\">6<\/a><\/sup>.<\/span><\/p>\n<p>[\/et_pb_text][et_pb_text admin_label=&#8220;Title &#8220; _builder_version=&#8220;4.17.0&#8243; _module_preset=&#8220;default&#8220; text_font=&#8220;Nunito||||||||&#8220; text_font_size=&#8220;18px&#8220; text_line_height=&#8220;1.8em&#8220; header_font=&#8220;Fredoka One||||||||&#8220; header_font_size=&#8220;52px&#8220; header_line_height=&#8220;1.3em&#8220; text_orientation=&#8220;center&#8220; background_layout=&#8220;dark&#8220; max_width=&#8220;700px&#8220; module_alignment=&#8220;center&#8220; custom_margin=&#8220;||10px|&#8220; animation_style=&#8220;fade&#8220; hover_enabled=&#8220;0&#8243; global_colors_info=&#8220;{}&#8220; sticky_enabled=&#8220;0&#8243;]<\/p>\n<h2><\/h2>\n<h2><\/h2>\n<h2><\/h2>\n<h2><\/h2>\n<h3 style=\"text-align: center;\"><span style=\"color: #000000;\"><strong>Schlussgedanken\u00a0<\/strong><\/span><\/h3>\n<p><span style=\"color: #000000;\">In der heutigen Gesellschaft gibt es einen weitverbreiteten Glauben, dass Beziehungen im Wesentlichen eine Selbstverst\u00e4ndlichkeit sind; dass, wenn man &#8222;den Richtigen&#8220; findet, alles von selbst l\u00e4uft. Aber, wie so viele Paare herausfinden, ist diese Vorstellung weit von der Realit\u00e4t entfernt. Beziehungen sind ein dynamischer Tanz, ein st\u00e4ndiges Geben und Nehmen, das Engagement, Bewusstsein und das Streben nach pers\u00f6nlichem Wachstum und Selbstentwicklung erfordert.<\/span><\/p>\n<p><span style=\"color: #000000;\">Beziehungen, insbesondere solche, die Jahrzehnte \u00fcberdauern, sind oft die herausforderndsten und zugleich lohnendsten Aspekte unseres Lebens. Sie sind Spiegel, durch die wir uns selbst \u2013 unsere St\u00e4rken, Schw\u00e4chen, \u00c4ngste und tiefsten W\u00fcnsche \u2013 klarer sehen k\u00f6nnen. In diesem Sinne sind sie nicht nur Bindungen zu einer anderen Person, sondern auch Wege zur Selbsterkenntnis und Selbstverbesserung.<\/span><\/p>\n<p><span style=\"color: #000000;\">Stellen Sie sich Beziehungen als G\u00e4rten vor, die kontinuierliche Pflege ben\u00f6tigen. Ein Garten, der nicht bew\u00e4ssert, beschnitten und gepflegt wird, wird verkommen und sterben. In \u00e4hnlicher Weise k\u00f6nnen Beziehungen ohne die notwendige Aufmerksamkeit und Pflege verblassen und uns erlauben, in Komplizenschaft, Missverst\u00e4ndnissen und Entfremdung gefangen zu werden. Pers\u00f6nliches Wachstum und Selbstentwicklung sind das Wasser und die N\u00e4hrstoffe dieses metaphorischen Gartens.<\/span><\/p>\n<p><span style=\"color: #000000;\">Eine gemeinsame Entwicklung in einer Beziehung bedeutet nicht nur, die F\u00e4higkeit zu haben, miteinander zu wachsen, sondern auch, sich gegenseitig den Raum zu geben, individuell zu wachsen. Es erfordert das Bewusstsein, dass jeder Partner ein eigenst\u00e4ndiges Wesen mit eigenen Tr\u00e4umen, Zielen und Herausforderungen ist. Durch das Verst\u00e4ndnis und die Unterst\u00fctzung des individuellen Wachstums des anderen k\u00f6nnen Paare gemeinsam neue H\u00f6hen erreichen und eine tiefere Verbindung zueinander aufbauen.<\/span><\/p>\n<p><span style=\"color: #000000;\">Es gibt auch eine Notwendigkeit, die Mythologie des &#8222;perfekten Paares&#8220; zu entmystifizieren. Keine Beziehung ist frei von Konflikten, und oft sind es gerade diese Konflikte, die das gr\u00f6\u00dfte Potenzial f\u00fcr Wachstum bieten. Anstatt Konflikte als Zeichen von Unvereinbarkeit oder als das Ende der Beziehung zu sehen, k\u00f6nnen sie als Gelegenheiten betrachtet werden, tiefere Ebenen des Verst\u00e4ndnisses und der Intimit\u00e4t zu erreichen.<\/span><\/p>\n<p><span style=\"color: #000000;\">Die Integration von Selbstentwicklung in das Beziehungsumfeld kann auch bedeuten, dass manchmal schwierige Entscheidungen getroffen werden m\u00fcssen. In einigen F\u00e4llen kann dies bedeuten, dass man erkennt, dass der beste Weg f\u00fcr beide Partner, zu wachsen und sich weiterzuentwickeln, darin besteht, getrennte Wege zu gehen. In anderen F\u00e4llen kann es bedeuten, sich Unterst\u00fctzung von au\u00dfen zu holen, sei es durch Therapie, Paarberatung oder andere Formen der Selbsthilfe.<\/span><\/p>\n<p><span style=\"color: #000000;\">Zusammenfassend l\u00e4sst sich sagen, dass eine erfolgreiche und bereichernde Beziehung weit mehr erfordert als blo\u00dfe Anziehung oder Verliebtheit. Es erfordert ein tiefes Engagement f\u00fcr das eigene Wachstum und das Wachstum des Partners. Es erfordert den Mut, sich den Herausforderungen und Unvollkommenheiten, die unvermeidlich auftauchen werden, zu stellen und sie als Gelegenheiten zur Weiterentwicklung zu nutzen.<\/span><\/p>\n<p><span style=\"color: #000000;\">Das Streben nach pers\u00f6nlichem Wachstum und Selbstentwicklung in der Beziehung erm\u00f6glicht es Paaren, nicht nur langlebige, sondern auch bedeutungsvolle, erf\u00fcllende und transformierende Beziehungen aufzubauen. Es ist ein st\u00e4ndiges Abenteuer, das Mut, Bewusstsein und ein offenes Herz erfordert. Es ist ein Weg, der es wert ist, gegangen zu werden. Denn letztendlich, in der Reise der Selbstentdeckung und des gemeinsamen Wachstums, finden wir nicht nur den wahren Wert unserer Beziehung, sondern auch den wahren Wert von uns selbst.<\/span><\/p>\n<p>[\/et_pb_text][\/et_pb_column][\/et_pb_row][et_pb_row _builder_version=&#8220;4.16&#8243; _module_preset=&#8220;default&#8220; custom_margin=&#8220;30px|||&#8220; global_colors_info=&#8220;{}&#8220;][et_pb_column type=&#8220;4_4&#8243; _builder_version=&#8220;4.16&#8243; _module_preset=&#8220;default&#8220; custom_padding=&#8220;|||&#8220; global_colors_info=&#8220;{}&#8220; custom_padding__hover=&#8220;|||&#8220;][et_pb_divider color=&#8220;rgba(255,255,255,0.5)&#8220; divider_weight=&#8220;4px&#8220; _builder_version=&#8220;4.16&#8243; _module_preset=&#8220;default&#8220; max_width=&#8220;60px&#8220; max_width_tablet=&#8220;11%&#8220; max_width_last_edited=&#8220;off|desktop&#8220; module_alignment=&#8220;center&#8220; height=&#8220;4px&#8220; animation_style=&#8220;slide&#8220; animation_direction=&#8220;top&#8220; animation_intensity_slide=&#8220;5%&#8220; animation_starting_opacity=&#8220;100%&#8220; global_colors_info=&#8220;{}&#8220;][\/et_pb_divider][\/et_pb_column][\/et_pb_row][et_pb_row _builder_version=&#8220;4.17.0&#8243; _module_preset=&#8220;default&#8220; global_colors_info=&#8220;{}&#8220;][et_pb_column type=&#8220;4_4&#8243; _builder_version=&#8220;4.17.0&#8243; _module_preset=&#8220;default&#8220; global_colors_info=&#8220;{}&#8220;][et_pb_text _builder_version=&#8220;4.17.0&#8243; _module_preset=&#8220;default&#8220; hover_enabled=&#8220;0&#8243; global_colors_info=&#8220;{}&#8220; sticky_enabled=&#8220;0&#8243;]<\/p>\n<p style=\"text-align: center;\"><span style=\"color: #ffffff;\">Quellen:<\/span><\/p>\n<section data-footnotes=\"true\" class=\"footnotes\">\n<ol>\n<li id=\"user-content-fn-1%5E\"><span style=\"color: #ffffff;\">Gottman, J. M. (1994). <em>What Predicts Divorce? The Relationship Between Marital Processes and Marital Outcomes<\/em>. Hillsdale, NJ: Lawrence Erlbaum.<\/span><\/li>\n<li id=\"user-content-fn-2%5E\"><span style=\"color: #ffffff;\">Hendrix, H. (1988). <em>Getting the Love You Want<\/em>. New York: Henry Holt and Company.<\/span><\/li>\n<li id=\"user-content-fn-3%5E\"><span style=\"color: #ffffff;\">Gershon, J. &amp; Gershon, J. (2000). <em>The Second Shift<\/em>. New York: Penguin Books.<\/span><\/li>\n<li id=\"user-content-fn-4%5E\"><span style=\"color: #ffffff;\">Kabat-Zinn, J. (1990). <em>Full Catastrophe Living<\/em>. New York: Delta.<\/span><\/li>\n<li id=\"user-content-fn-5%5E\"><span style=\"color: #ffffff;\">Rosenberg, M. B. (2003). <em>Nonviolent Communication<\/em>. Encinitas, CA: PuddleDancer Press.<\/span><\/li>\n<li id=\"user-content-fn-6%5E\"><span style=\"color: #ffffff;\">Levenson, R. W., &amp; Gottman, J. M. (1983). <em>Marital Interaction and Satisfaction: A Longitudinal View<\/em>. Journal of Consulting and Clinical Psychology, 51(1), 47-52.<\/span><\/li>\n<\/ol>\n<\/section>\n<p>[\/et_pb_text][\/et_pb_column][\/et_pb_row][\/et_pb_section]<\/p>\n","protected":false},"excerpt":{"rendered":"<p>Persoenliches Wachstum und Selbstentwicklung in der Beziehung \u00a0Es ist ein weit verbreiteter Irrglaube, dass in einer Beziehung alles perfekt sein muss. Doch wie jeder von uns wei\u00df, wird das Leben mit seinen H\u00f6hen und Tiefen uns oft vor Herausforderungen stellen. In einer Beziehung k\u00f6nnen diese Herausforderungen als Katalysator f\u00fcr pers\u00f6nliches Wachstum und Selbstentwicklung dienen. Dieser [&hellip;]<\/p>\n","protected":false},"author":1,"featured_media":0,"parent":0,"menu_order":0,"comment_status":"closed","ping_status":"closed","template":"","meta":{"_et_pb_use_builder":"on","_et_pb_old_content":"","_et_gb_content_width":"","footnotes":""},"_links":{"self":[{"href":"https:\/\/beziehungstricks.de\/index.php?rest_route=\/wp\/v2\/pages\/175"}],"collection":[{"href":"https:\/\/beziehungstricks.de\/index.php?rest_route=\/wp\/v2\/pages"}],"about":[{"href":"https:\/\/beziehungstricks.de\/index.php?rest_route=\/wp\/v2\/types\/page"}],"author":[{"embeddable":true,"href":"https:\/\/beziehungstricks.de\/index.php?rest_route=\/wp\/v2\/users\/1"}],"replies":[{"embeddable":true,"href":"https:\/\/beziehungstricks.de\/index.php?rest_route=%2Fwp%2Fv2%2Fcomments&post=175"}],"version-history":[{"count":2,"href":"https:\/\/beziehungstricks.de\/index.php?rest_route=\/wp\/v2\/pages\/175\/revisions"}],"predecessor-version":[{"id":182,"href":"https:\/\/beziehungstricks.de\/index.php?rest_route=\/wp\/v2\/pages\/175\/revisions\/182"}],"wp:attachment":[{"href":"https:\/\/beziehungstricks.de\/index.php?rest_route=%2Fwp%2Fv2%2Fmedia&parent=175"}],"curies":[{"name":"wp","href":"https:\/\/api.w.org\/{rel}","templated":true}]}}