{"id":168,"date":"2023-09-10T14:48:20","date_gmt":"2023-09-10T12:48:20","guid":{"rendered":"https:\/\/beziehungstricks.de\/?page_id=168"},"modified":"2023-09-10T15:15:14","modified_gmt":"2023-09-10T13:15:14","slug":"eifersucht-und-unsicherheit-wege-aus-dem-emotionalen-labyrinth","status":"publish","type":"page","link":"https:\/\/beziehungstricks.de\/?page_id=168","title":{"rendered":"Eifersucht und Unsicherheit: Wege aus dem emotionalen Labyrinth"},"content":{"rendered":"<p>[et_pb_section fb_built=&#8220;1&#8243; next_background_color=&#8220;#f2f5f7&#8243; admin_label=&#8220;Hero&#8220; _builder_version=&#8220;4.17.0&#8243; _module_preset=&#8220;default&#8220; background_enable_color=&#8220;off&#8220; background_image=&#8220;https:\/\/beziehungstricks.de\/wp-content\/uploads\/2023\/09\/beziehungstricks.de-eifersucht-in-einer-beziehung-und-wie-wir-damit-umgehen-koennen_-.jpg&#8220; custom_padding=&#8220;120px||240px|||&#8220; bottom_divider_style=&#8220;wave2&#8243; bottom_divider_height=&#8220;150px&#8220; hover_enabled=&#8220;0&#8243; global_colors_info=&#8220;{}&#8220; alt=&#8220;beziehungstricks.de eifersucht in einer beziehung und wie wir damit umgehen koennen_-&#8220; title_text=&#8220;beziehungstricks.de eifersucht in einer beziehung und wie wir damit umgehen koennen_-&#8220; sticky_enabled=&#8220;0&#8243;][et_pb_row _builder_version=&#8220;4.16&#8243; _module_preset=&#8220;default&#8220; background_size=&#8220;initial&#8220; background_position=&#8220;top_left&#8220; background_repeat=&#8220;repeat&#8220; global_colors_info=&#8220;{}&#8220;][et_pb_column type=&#8220;4_4&#8243; _builder_version=&#8220;4.16&#8243; _module_preset=&#8220;default&#8220; custom_padding=&#8220;|||&#8220; global_colors_info=&#8220;{}&#8220; custom_padding__hover=&#8220;|||&#8220;][et_pb_text admin_label=&#8220;Title &#8220; _builder_version=&#8220;4.17.0&#8243; _module_preset=&#8220;default&#8220; text_font=&#8220;|700|||||||&#8220; text_text_color=&#8220;#FFFFFF&#8220; text_font_size=&#8220;2.5em&#8220; text_line_height=&#8220;1.8em&#8220; header_font=&#8220;Fredoka One||||||||&#8220; header_text_color=&#8220;#FFFFFF&#8220; header_font_size=&#8220;52px&#8220; header_line_height=&#8220;1.3em&#8220; text_orientation=&#8220;center&#8220; background_layout=&#8220;dark&#8220; max_width=&#8220;700px&#8220; module_alignment=&#8220;center&#8220; custom_margin=&#8220;||10px|&#8220; animation_style=&#8220;fade&#8220; hover_enabled=&#8220;0&#8243; text_font_size_tablet=&#8220;2em&#8220; text_font_size_phone=&#8220;2em&#8220; text_font_size_last_edited=&#8220;on|desktop&#8220; text_text_shadow_style=&#8220;preset3&#8243; text_text_shadow_color=&#8220;#000000&#8243; global_colors_info=&#8220;{}&#8220; sticky_enabled=&#8220;0&#8243;]<\/p>\n<h1>Eifersucht und Unsicherheit: Wege aus dem emotionalen Labyrinth<\/h1>\n<p><em>\u00a0<\/em><\/p>\n<p>[\/et_pb_text][\/et_pb_column][\/et_pb_row][\/et_pb_section][et_pb_section fb_built=&#8220;1&#8243; admin_label=&#8220;Features&#8220; _builder_version=&#8220;4.16&#8243; _module_preset=&#8220;default&#8220; background_color=&#8220;#f2f5f7&#8243; custom_padding=&#8220;100px||120px|||&#8220; global_colors_info=&#8220;{}&#8220;][et_pb_row _builder_version=&#8220;4.17.0&#8243; _module_preset=&#8220;default&#8220; global_colors_info=&#8220;{}&#8220;][et_pb_column type=&#8220;4_4&#8243; _builder_version=&#8220;4.17.0&#8243; _module_preset=&#8220;default&#8220; global_colors_info=&#8220;{}&#8220;][et_pb_text admin_label=&#8220;Title &#8220; _builder_version=&#8220;4.17.0&#8243; _module_preset=&#8220;default&#8220; text_font=&#8220;Nunito||||||||&#8220; text_font_size=&#8220;18px&#8220; text_line_height=&#8220;1.8em&#8220; header_font=&#8220;Fredoka One||||||||&#8220; header_font_size=&#8220;52px&#8220; header_line_height=&#8220;1.3em&#8220; text_orientation=&#8220;center&#8220; background_layout=&#8220;dark&#8220; max_width=&#8220;700px&#8220; module_alignment=&#8220;center&#8220; custom_margin=&#8220;||10px|&#8220; animation_style=&#8220;fade&#8220; hover_enabled=&#8220;0&#8243; global_colors_info=&#8220;{}&#8220; sticky_enabled=&#8220;0&#8243;]<\/p>\n<p><span style=\"color: #000000;\">Wir alle kennen das unangenehme Gef\u00fchl von Eifersucht, das uns manchmal \u00fcberkommt. Oft hand in Hand mit der Eifersucht tritt Unsicherheit auf &#8211; eine unsichtbare Barriere, die unsere Beziehungen, unser Selbstwertgef\u00fchl und unser allt\u00e4gliches Leben beeinflussen kann. Aber wie entsteht Eifersucht? Wie geht man am besten damit um? Und welche L\u00f6sungen k\u00f6nnen wir finden, um mit diesen Gef\u00fchlen besser umzugehen?<\/span><\/p>\n<p>[\/et_pb_text][et_pb_divider show_divider=&#8220;off&#8220; _builder_version=&#8220;4.17.0&#8243; _module_preset=&#8220;default&#8220; global_colors_info=&#8220;{}&#8220;][\/et_pb_divider][et_pb_text _builder_version=&#8220;4.17.0&#8243; _module_preset=&#8220;default&#8220; text_font_size=&#8220;1.5em&#8220; hover_enabled=&#8220;0&#8243; global_colors_info=&#8220;{}&#8220; sticky_enabled=&#8220;0&#8243;]<\/p>\n<p style=\"text-align: center;\"><strong>Allt\u00e4gliche Probleme und Herausforderungen<\/strong><\/p>\n<p>[\/et_pb_text][\/et_pb_column][\/et_pb_row][et_pb_row column_structure=&#8220;1_2,1_2&#8243; _builder_version=&#8220;4.17.0&#8243; _module_preset=&#8220;default&#8220; global_colors_info=&#8220;{}&#8220;][et_pb_column type=&#8220;1_2&#8243; _builder_version=&#8220;4.17.0&#8243; _module_preset=&#8220;default&#8220; global_colors_info=&#8220;{}&#8220;][et_pb_image src=&#8220;https:\/\/beziehungstricks.de\/wp-content\/uploads\/2023\/09\/beziehungstricks.de-missverstaendnis-in-einer-beziehung.jpg&#8220; alt=&#8220;beziehungstricks.de missverstaendnis in einer beziehung&#8220; title_text=&#8220;beziehungstricks.de missverstaendnis in einer beziehung&#8220; _builder_version=&#8220;4.17.0&#8243; _module_preset=&#8220;default&#8220; global_colors_info=&#8220;{}&#8220;][\/et_pb_image][\/et_pb_column][et_pb_column type=&#8220;1_2&#8243; _builder_version=&#8220;4.17.0&#8243; _module_preset=&#8220;default&#8220; global_colors_info=&#8220;{}&#8220;][et_pb_text admin_label=&#8220;Title &#8220; _builder_version=&#8220;4.17.0&#8243; _module_preset=&#8220;default&#8220; text_font=&#8220;Nunito||||||||&#8220; text_font_size=&#8220;18px&#8220; text_line_height=&#8220;1.8em&#8220; header_font=&#8220;Fredoka One||||||||&#8220; header_font_size=&#8220;52px&#8220; header_line_height=&#8220;1.3em&#8220; text_orientation=&#8220;center&#8220; background_layout=&#8220;dark&#8220; max_width=&#8220;700px&#8220; module_alignment=&#8220;center&#8220; custom_margin=&#8220;||10px|&#8220; animation_style=&#8220;fade&#8220; hover_enabled=&#8220;0&#8243; global_colors_info=&#8220;{}&#8220; sticky_enabled=&#8220;0&#8243;]<\/p>\n<p><span style=\"color: #000000;\">Eifersucht und Unsicherheit k\u00f6nnen in vielen verschiedenen Situationen auftreten. Ein kurzer Blick des Partners zu einer anderen Person, ein verpasstes Telefonat oder ein neuer Freundeskreis \u2013 all das kann Gef\u00fchle der Unsicherheit und Eifersucht ausl\u00f6sen. Laut Bringle und Buunk (1991) f\u00fchren oft vergangene negative Erfahrungen oder tieferliegende \u00c4ngste zu Eifersucht.<\/span><\/p>\n<p><span style=\"color: #000000;\">Ein weiteres Alltagsproblem, das aus Unsicherheit entsteht, ist das st\u00e4ndige Vergleichen mit anderen. In unserer durch soziale Medien gepr\u00e4gten Welt kann der st\u00e4ndige Vergleich mit anderen zu Unsicherheit und Selbstzweifeln f\u00fchren (Vogel et al., 2015).<\/span><\/p>\n<p>[\/et_pb_text][et_pb_text _builder_version=&#8220;4.17.0&#8243; _module_preset=&#8220;default&#8220; global_colors_info=&#8220;{}&#8220;][\/et_pb_text][\/et_pb_column][\/et_pb_row][\/et_pb_section][et_pb_section fb_built=&#8220;1&#8243; prev_background_color=&#8220;#f2f5f7&#8243; admin_label=&#8220;Services&#8220; _builder_version=&#8220;4.17.0&#8243; _module_preset=&#8220;default&#8220; background_color=&#8220;#88C4DD&#8220; background_enable_image=&#8220;off&#8220; background_size=&#8220;initial&#8220; background_blend=&#8220;overlay&#8220; custom_padding=&#8220;120px||120px|&#8220; top_divider_style=&#8220;wave&#8220; top_divider_height=&#8220;106px&#8220; global_colors_info=&#8220;{}&#8220;][et_pb_row _builder_version=&#8220;4.17.0&#8243; _module_preset=&#8220;default&#8220; custom_padding=&#8220;60px|||||&#8220; global_colors_info=&#8220;{}&#8220;][et_pb_column type=&#8220;4_4&#8243; _builder_version=&#8220;4.17.0&#8243; _module_preset=&#8220;default&#8220; global_colors_info=&#8220;{}&#8220;][et_pb_text admin_label=&#8220;Title &#8220; _builder_version=&#8220;4.17.0&#8243; _module_preset=&#8220;default&#8220; text_font=&#8220;Nunito||||||||&#8220; text_font_size=&#8220;18px&#8220; text_line_height=&#8220;1.8em&#8220; header_font=&#8220;Fredoka One||||||||&#8220; header_font_size=&#8220;52px&#8220; header_line_height=&#8220;1.3em&#8220; text_orientation=&#8220;center&#8220; background_layout=&#8220;dark&#8220; max_width=&#8220;700px&#8220; module_alignment=&#8220;center&#8220; custom_margin=&#8220;||10px|&#8220; animation_style=&#8220;fade&#8220; hover_enabled=&#8220;0&#8243; global_colors_info=&#8220;{}&#8220; sticky_enabled=&#8220;0&#8243;]<\/p>\n<h3><span style=\"color: #000000;\"><strong>Gemeinsamkeiten bei den Problemen<\/strong><\/span><\/h3>\n<p><span style=\"color: #000000;\">Die Hauptgemeinsamkeit zwischen Eifersucht und Unsicherheit ist das fehlende Selbstwertgef\u00fchl und die Angst, nicht gut genug zu sein. Das Gef\u00fchl, ersetzt oder verlassen zu werden, kann sowohl durch Eifersucht als auch durch Unsicherheit hervorgerufen werden.<\/span><\/p>\n<p>[\/et_pb_text][et_pb_text admin_label=&#8220;Title &#8220; _builder_version=&#8220;4.17.0&#8243; _module_preset=&#8220;default&#8220; text_font=&#8220;Nunito||||||||&#8220; text_font_size=&#8220;18px&#8220; text_line_height=&#8220;1.8em&#8220; header_font=&#8220;Fredoka One||||||||&#8220; header_font_size=&#8220;52px&#8220; header_line_height=&#8220;1.3em&#8220; text_orientation=&#8220;center&#8220; background_layout=&#8220;dark&#8220; max_width=&#8220;700px&#8220; module_alignment=&#8220;center&#8220; custom_margin=&#8220;||10px|&#8220; animation_style=&#8220;fade&#8220; hover_enabled=&#8220;0&#8243; global_colors_info=&#8220;{}&#8220; sticky_enabled=&#8220;0&#8243;]<\/p>\n<h2><\/h2>\n<h2><\/h2>\n<h2><\/h2>\n<h2><\/h2>\n<p><span style=\"color: #000000;\"><strong>L\u00f6sungsans\u00e4tze<\/strong><\/span><\/p>\n<p><span style=\"color: #000000;\"><strong>1. Selbstreflexion<\/strong>: Es ist wichtig zu erkennen, wann und warum man eifers\u00fcchtig oder unsicher wird. Das Bewusstsein eigener Emotionen kann helfen, besser damit umzugehen (Leary, 2007).<\/span><\/p>\n<p><span style=\"color: #000000;\"><strong>2. Offene Kommunikation<\/strong>: In Beziehungen ist es entscheidend, offen \u00fcber Gef\u00fchle zu sprechen. Das Schaffen eines sicheren Raumes, in dem jeder seine Sorgen und \u00c4ngste teilen kann, minimiert Missverst\u00e4ndnisse (Knobloch &amp; Solomon, 2002).<\/span><\/p>\n<p><span style=\"color: #000000;\"><strong>3. Selbstwertgef\u00fchl st\u00e4rken<\/strong>: Das Arbeiten am eigenen Selbstwertgef\u00fchl kann dazu beitragen, Unsicherheit und Eifersucht zu reduzieren. Sei es durch Therapie, Meditation oder Sport &#8211; es gibt viele Wege, das Selbstwertgef\u00fchl zu st\u00e4rken (Orth et al., 2012).<\/span><\/p>\n<p>[\/et_pb_text][et_pb_text admin_label=&#8220;Title &#8220; _builder_version=&#8220;4.17.0&#8243; _module_preset=&#8220;default&#8220; text_font=&#8220;Nunito||||||||&#8220; text_font_size=&#8220;18px&#8220; text_line_height=&#8220;1.8em&#8220; header_font=&#8220;Fredoka One||||||||&#8220; header_font_size=&#8220;52px&#8220; header_line_height=&#8220;1.3em&#8220; text_orientation=&#8220;center&#8220; background_layout=&#8220;dark&#8220; max_width=&#8220;700px&#8220; module_alignment=&#8220;center&#8220; custom_margin=&#8220;||10px|&#8220; animation_style=&#8220;fade&#8220; hover_enabled=&#8220;0&#8243; global_colors_info=&#8220;{}&#8220; sticky_enabled=&#8220;0&#8243;]<\/p>\n<h2><\/h2>\n<h2><\/h2>\n<h2><\/h2>\n<h2><\/h2>\n<p><span style=\"color: #000000;\">Eifersucht und Unsicherheit sind Emotionen, die jeder in unterschiedlichem Ma\u00dfe erlebt hat. Sie sind oft miteinander verflochten und k\u00f6nnen Beziehungen stark beeinflussen. Um die Wurzeln dieser Gef\u00fchle zu verstehen, m\u00fcssen wir tief in die Psyche des Einzelnen eintauchen und die allt\u00e4glichen Situationen erkennen, in denen sie sich manifestieren.<\/span><\/p>\n<p><span style=\"color: #000000;\"><strong>Ursachen von Eifersucht und Unsicherheit<\/strong><\/span><\/p>\n<ul>\n<li><span style=\"color: #000000;\"><strong>Fr\u00fchere Beziehungserfahrungen<\/strong>: Personen, die in fr\u00fcheren Beziehungen betrogen wurden oder schlechte Erfahrungen gemacht haben, neigen oft dazu, in zuk\u00fcnftigen Beziehungen eifers\u00fcchtig oder unsicher zu sein.<\/span><\/li>\n<li><span style=\"color: #000000;\"><strong>Geringes Selbstwertgef\u00fchl<\/strong>: Menschen, die von sich selbst ein schlechtes Bild haben oder sich selbst als ungen\u00fcgend empfinden, k\u00f6nnen eher eifers\u00fcchtig auf die Erfolge und Beziehungen anderer werden.<\/span><\/li>\n<li><span style=\"color: #000000;\"><strong>Vergleichen mit anderen<\/strong>: Das st\u00e4ndige Vergleichen mit anderen, sei es durch soziale Medien oder im t\u00e4glichen Leben, kann Unsicherheiten sch\u00fcren und Eifersucht f\u00f6rdern.<\/span><\/li>\n<\/ul>\n<p><span style=\"color: #000000;\"><strong>Alltagsbeispiele<\/strong><\/span><\/p>\n<p><span style=\"color: #000000;\"><strong>Soziale Medien<\/strong>: Anna bemerkt, dass ihr Partner auf den Bildern einer anderen Frau in den sozialen Medien \u201egef\u00e4llt mir\u201c klickt. Dies f\u00fchrt zu Unsicherheit und Eifersucht, obwohl ihr Partner keinen Hintergedanken hatte.<\/span><\/p>\n<p><span style=\"color: #000000;\"><strong>Freunde des anderen Geschlechts<\/strong>: Tom f\u00fchlt sich unwohl, wenn seine Freundin Zeit mit ihrem m\u00e4nnlichen besten Freund verbringt. Seine Unsicherheit r\u00fchrt von der Tatsache her, dass er sich selbst nicht gut genug f\u00fchlt und Angst hat, sie zu verlieren.<\/span><\/p>\n<p><span style=\"color: #000000;\"><strong>Arbeit und Karriere<\/strong>: Lisa ist erfolgreich in ihrer Karriere, w\u00e4hrend ihr Partner gerade Arbeitslosigkeit erlebt. Er wird eifers\u00fcchtig auf ihre Erfolge und f\u00fchlt sich unsicher, weil er momentan nicht der \u201eErn\u00e4hrer\u201c der Familie ist.<\/span><\/p>\n<p><span style=\"color: #000000;\"><strong>L\u00f6sungsans\u00e4tze<\/strong><\/span><\/p>\n<ul>\n<li><span style=\"color: #000000;\"><strong>Offene Kommunikation<\/strong>: In einer Beziehung ist es unerl\u00e4sslich, offen \u00fcber Gef\u00fchle zu sprechen. Wenn Anna ihrem Partner mitteilt, wie sie sich f\u00fchlt, wenn er anderen Frauen in den sozialen Medien folgt, kann er ihre Gef\u00fchle besser verstehen und ber\u00fccksichtigen.<\/span><\/li>\n<li><span style=\"color: #000000;\"><strong>Selbstbewusstsein st\u00e4rken<\/strong>: Tom k\u00f6nnte Wege finden, sein Selbstwertgef\u00fchl zu steigern, sei es durch Hobbys, Sport oder Therapie. Wenn er sich selbstbewusster f\u00fchlt, wird er weniger wahrscheinlich von Unsicherheit \u00fcberw\u00e4ltigt.<\/span><\/li>\n<li><span style=\"color: #000000;\"><strong>Vermeiden von Vergleichen<\/strong>: Jeder Mensch und jede Beziehung ist einzigartig. Es ist wichtig zu erkennen, dass der Vergleich mit anderen oft zu falschen Schlussfolgerungen f\u00fchrt. Lisa&#8217;s Partner k\u00f6nnte sich auf seine eigenen St\u00e4rken konzentrieren und sich daran erinnern, dass er mehr ist als nur sein Berufsstatus.<\/span><\/li>\n<li><span style=\"color: #000000;\"><strong>Professionelle Hilfe<\/strong>: In schweren F\u00e4llen von Eifersucht und Unsicherheit kann es hilfreich sein, professionelle Hilfe in Anspruch zu nehmen, um die tieferen Ursachen dieser Gef\u00fchle zu erkennen und Strategien zur Bew\u00e4ltigung zu entwickeln.<\/span><\/li>\n<\/ul>\n<p>[\/et_pb_text][et_pb_text admin_label=&#8220;Title &#8220; _builder_version=&#8220;4.17.0&#8243; _module_preset=&#8220;default&#8220; text_font=&#8220;Nunito||||||||&#8220; text_font_size=&#8220;18px&#8220; text_line_height=&#8220;1.8em&#8220; header_font=&#8220;Fredoka One||||||||&#8220; header_font_size=&#8220;52px&#8220; header_line_height=&#8220;1.3em&#8220; text_orientation=&#8220;center&#8220; background_layout=&#8220;dark&#8220; max_width=&#8220;700px&#8220; module_alignment=&#8220;center&#8220; custom_margin=&#8220;||10px|&#8220; animation_style=&#8220;fade&#8220; hover_enabled=&#8220;0&#8243; global_colors_info=&#8220;{}&#8220; sticky_enabled=&#8220;0&#8243;]<\/p>\n<h2><\/h2>\n<h2><\/h2>\n<h2><\/h2>\n<h2><\/h2>\n<h3 style=\"text-align: center;\"><span style=\"color: #000000;\"><strong>Schlussgedanken\u00a0<\/strong><\/span><\/h3>\n<p><span style=\"color: #000000;\">Eifersucht und Unsicherheit, zwei Emotionen, die tief in der menschlichen Erfahrung verwurzelt sind, k\u00f6nnen zweifelsohne das Fundament einer Beziehung ersch\u00fcttern. Sie repr\u00e4sentieren oft tief verwurzelte \u00c4ngste und Selbstzweifel, die, wenn sie nicht angegangen werden, das Potential haben, das Vertrauen und die Harmonie zwischen Partnern zu zerst\u00f6ren. Dennoch, wie jede Herausforderung im Leben, bieten auch diese Emotionen eine Gelegenheit zum Wachstum, zur Reflexion und zur St\u00e4rkung der Bindungen.<\/span><\/p>\n<p><span style=\"color: #000000;\">Das Erkennen und Akzeptieren dieser Gef\u00fchle ist der erste Schritt in einem Prozess der Heilung und Selbstentdeckung. Es ist wichtig zu verstehen, dass niemand immun gegen Eifersucht und Unsicherheit ist; sie sind menschliche Gef\u00fchle, die in jedem von uns existieren. Das Wichtigste ist jedoch, wie wir auf sie reagieren und wie wir sie in Chancen zur Selbstverbesserung umwandeln.<\/span><\/p>\n<p><span style=\"color: #000000;\">Die guten Nachrichten sind, dass jede Beziehung, die durch die St\u00fcrme der Eifersucht und Unsicherheit navigiert, am Ende st\u00e4rker werden kann. Wenn Paare die Herausforderungen erkennen, offen kommunizieren und gemeinsam daran arbeiten, Unsicherheiten zu \u00fcberwinden, werden sie feststellen, dass ihr Vertrauen zueinander vertieft und ihre Verbindung gest\u00e4rkt wird.<\/span><\/p>\n<p><span style=\"color: #000000;\">In der Tat kann das Bew\u00e4ltigen von Eifersucht und Unsicherheit zu tieferen, empathischeren Gespr\u00e4chen f\u00fchren, die beiden Partnern helfen, sich verstandener und gesch\u00e4tzt zu f\u00fchlen. Es ist eine Reise der Selbstentdeckung, des Lernens und des Wachsens \u2013 sowohl als Individuum als auch als Paar.<\/span><\/p>\n<p><span style=\"color: #000000;\">Zum Schluss ist es essenziell zu betonen, dass in der Dunkelheit der Eifersucht und Unsicherheit immer ein Lichtstrahl der Hoffnung und des Potentials f\u00fcr Wachstum und tiefe Verbindung besteht. Jede Herausforderung, die wir im Leben meistern, macht uns st\u00e4rker und lehrt uns mehr \u00fcber uns selbst und die Menschen, die wir lieben. Mit dem richtigen Ansatz, Verst\u00e4ndnis und Unterst\u00fctzung k\u00f6nnen wir Eifersucht und Unsicherheit \u00fcberwinden und zu einer liebevolleren, verst\u00e4ndnisvolleren Version von uns selbst werden.<\/span><\/p>\n<p>[\/et_pb_text][\/et_pb_column][\/et_pb_row][et_pb_row _builder_version=&#8220;4.16&#8243; _module_preset=&#8220;default&#8220; custom_margin=&#8220;30px|||&#8220; global_colors_info=&#8220;{}&#8220;][et_pb_column type=&#8220;4_4&#8243; _builder_version=&#8220;4.16&#8243; _module_preset=&#8220;default&#8220; custom_padding=&#8220;|||&#8220; global_colors_info=&#8220;{}&#8220; custom_padding__hover=&#8220;|||&#8220;][et_pb_divider color=&#8220;rgba(255,255,255,0.5)&#8220; divider_weight=&#8220;4px&#8220; _builder_version=&#8220;4.16&#8243; _module_preset=&#8220;default&#8220; max_width=&#8220;60px&#8220; max_width_tablet=&#8220;11%&#8220; max_width_last_edited=&#8220;off|desktop&#8220; module_alignment=&#8220;center&#8220; height=&#8220;4px&#8220; animation_style=&#8220;slide&#8220; animation_direction=&#8220;top&#8220; animation_intensity_slide=&#8220;5%&#8220; animation_starting_opacity=&#8220;100%&#8220; global_colors_info=&#8220;{}&#8220;][\/et_pb_divider][\/et_pb_column][\/et_pb_row][et_pb_row _builder_version=&#8220;4.17.0&#8243; _module_preset=&#8220;default&#8220; global_colors_info=&#8220;{}&#8220;][et_pb_column type=&#8220;4_4&#8243; _builder_version=&#8220;4.17.0&#8243; _module_preset=&#8220;default&#8220; global_colors_info=&#8220;{}&#8220;][et_pb_text _builder_version=&#8220;4.17.0&#8243; _module_preset=&#8220;default&#8220; hover_enabled=&#8220;0&#8243; global_colors_info=&#8220;{}&#8220; sticky_enabled=&#8220;0&#8243;]<\/p>\n<p style=\"text-align: center;\"><span style=\"color: #ffffff;\">Quellen:<\/span><\/p>\n<p><span style=\"color: #ffffff;\">Bringle, R. G., &amp; Buunk, B. (1991). Extradyadic relationships and sexual jealousy. In Handbook of personal relationships (pp. 135-153). Wiley.Vogel, E. A., Rose, J. P., Roberts, L. R., &amp; Eckles, K. (2015). Social comparison, social media, and self-esteem. Psychology of Popular Media Culture, 4(4), 206.<\/span><\/p>\n<p><span style=\"color: #ffffff;\">White, G. L. (1980). Physical and interpersonal determinants of interpersonal attraction in college students&#8216; dating relationships. Journal of Social Psychology, 111(2), 241-250.<\/span><\/p>\n<p><span style=\"color: #ffffff;\">Leary, M. R. (2007). Motivational and emotional aspects of the self. Annual Review of Psychology, 58, 317-344.<\/span><\/p>\n<p><span style=\"color: #ffffff;\">Knobloch, L. K., &amp; Solomon, D. H. (2002). Intimacy and the magnitude and experience of episodic relational uncertainty within romantic relationships. Personal Relationships, 9(4), 457-478.<\/span><\/p>\n<p><span style=\"color: #ffffff;\">Orth, U., Robins, R. W., &amp; Meier, L. L. (2012). Disentangling the effects of low self-esteem and stressful events on depression: Findings from three longitudinal studies. Journal of Personality and Social Psychology, 103(1), 158.<\/span><\/p>\n<p><span style=\"color: #ffffff;\">Harris, C. R. (2003). A review of sex differences in sexual jealousy, including self-report data, psychophysiological responses, interpersonal violence, and morbid jealousy. Personality and Social Psychology Review, 7(2), 102-128.<\/span><\/p>\n<p>[\/et_pb_text][\/et_pb_column][\/et_pb_row][\/et_pb_section]<\/p>\n","protected":false},"excerpt":{"rendered":"<p>Eifersucht und Unsicherheit: Wege aus dem emotionalen Labyrinth \u00a0Wir alle kennen das unangenehme Gef\u00fchl von Eifersucht, das uns manchmal \u00fcberkommt. Oft hand in Hand mit der Eifersucht tritt Unsicherheit auf &#8211; eine unsichtbare Barriere, die unsere Beziehungen, unser Selbstwertgef\u00fchl und unser allt\u00e4gliches Leben beeinflussen kann. Aber wie entsteht Eifersucht? Wie geht man am besten damit [&hellip;]<\/p>\n","protected":false},"author":1,"featured_media":0,"parent":0,"menu_order":0,"comment_status":"closed","ping_status":"closed","template":"","meta":{"_et_pb_use_builder":"on","_et_pb_old_content":"","_et_gb_content_width":"","footnotes":""},"_links":{"self":[{"href":"https:\/\/beziehungstricks.de\/index.php?rest_route=\/wp\/v2\/pages\/168"}],"collection":[{"href":"https:\/\/beziehungstricks.de\/index.php?rest_route=\/wp\/v2\/pages"}],"about":[{"href":"https:\/\/beziehungstricks.de\/index.php?rest_route=\/wp\/v2\/types\/page"}],"author":[{"embeddable":true,"href":"https:\/\/beziehungstricks.de\/index.php?rest_route=\/wp\/v2\/users\/1"}],"replies":[{"embeddable":true,"href":"https:\/\/beziehungstricks.de\/index.php?rest_route=%2Fwp%2Fv2%2Fcomments&post=168"}],"version-history":[{"count":2,"href":"https:\/\/beziehungstricks.de\/index.php?rest_route=\/wp\/v2\/pages\/168\/revisions"}],"predecessor-version":[{"id":173,"href":"https:\/\/beziehungstricks.de\/index.php?rest_route=\/wp\/v2\/pages\/168\/revisions\/173"}],"wp:attachment":[{"href":"https:\/\/beziehungstricks.de\/index.php?rest_route=%2Fwp%2Fv2%2Fmedia&parent=168"}],"curies":[{"name":"wp","href":"https:\/\/api.w.org\/{rel}","templated":true}]}}