{"id":161,"date":"2023-09-10T14:11:04","date_gmt":"2023-09-10T12:11:04","guid":{"rendered":"https:\/\/beziehungstricks.de\/?page_id=161"},"modified":"2023-09-10T14:39:11","modified_gmt":"2023-09-10T12:39:11","slug":"die-kunst-der-gemeinsamen-haushaltsfuehrung-probleme-gemeinsamkeiten-und-loesungen","status":"publish","type":"page","link":"https:\/\/beziehungstricks.de\/?page_id=161","title":{"rendered":"Die Kunst der gemeinsamen Haushaltsf\u00fchrung: Probleme, Gemeinsamkeiten und L\u00f6sungen"},"content":{"rendered":"<p>[et_pb_section fb_built=&#8220;1&#8243; next_background_color=&#8220;#f2f5f7&#8243; admin_label=&#8220;Hero&#8220; _builder_version=&#8220;4.17.0&#8243; _module_preset=&#8220;default&#8220; background_enable_color=&#8220;off&#8220; background_image=&#8220;https:\/\/beziehungstricks.de\/wp-content\/uploads\/2023\/09\/www.bieziehungstricks.de-gemeinsamer-haushalt-bei-paaren-.jpg&#8220; custom_padding=&#8220;120px||240px|||&#8220; bottom_divider_style=&#8220;wave2&#8243; bottom_divider_height=&#8220;150px&#8220; hover_enabled=&#8220;0&#8243; global_colors_info=&#8220;{}&#8220; alt=&#8220;www.bieziehungstricks.de gemeinsamer haushalt bei paaren-&#8220; title_text=&#8220;www.bieziehungstricks.de gemeinsamer haushalt bei paaren-&#8220; sticky_enabled=&#8220;0&#8243;][et_pb_row _builder_version=&#8220;4.16&#8243; _module_preset=&#8220;default&#8220; background_size=&#8220;initial&#8220; background_position=&#8220;top_left&#8220; background_repeat=&#8220;repeat&#8220; global_colors_info=&#8220;{}&#8220;][et_pb_column type=&#8220;4_4&#8243; _builder_version=&#8220;4.16&#8243; _module_preset=&#8220;default&#8220; custom_padding=&#8220;|||&#8220; global_colors_info=&#8220;{}&#8220; custom_padding__hover=&#8220;|||&#8220;][et_pb_text admin_label=&#8220;Title &#8220; _builder_version=&#8220;4.17.0&#8243; _module_preset=&#8220;default&#8220; text_font=&#8220;|700|||||||&#8220; text_text_color=&#8220;#FFFFFF&#8220; text_font_size=&#8220;2.5em&#8220; text_line_height=&#8220;1.8em&#8220; header_font=&#8220;Fredoka One||||||||&#8220; header_text_color=&#8220;#FFFFFF&#8220; header_font_size=&#8220;52px&#8220; header_line_height=&#8220;1.3em&#8220; text_orientation=&#8220;center&#8220; background_layout=&#8220;dark&#8220; max_width=&#8220;700px&#8220; module_alignment=&#8220;center&#8220; custom_margin=&#8220;||10px|&#8220; animation_style=&#8220;fade&#8220; hover_enabled=&#8220;0&#8243; text_font_size_tablet=&#8220;2em&#8220; text_font_size_phone=&#8220;2em&#8220; text_font_size_last_edited=&#8220;on|desktop&#8220; text_text_shadow_style=&#8220;preset3&#8243; text_text_shadow_color=&#8220;#000000&#8243; global_colors_info=&#8220;{}&#8220; sticky_enabled=&#8220;0&#8243;]<\/p>\n<h1><strong>Die Kunst der gemeinsamen Haushaltsf\u00fchrung: Probleme, Gemeinsamkeiten und L\u00f6sungen<\/strong><\/h1>\n<p><em>\u00a0<\/em><\/p>\n<p>[\/et_pb_text][\/et_pb_column][\/et_pb_row][\/et_pb_section][et_pb_section fb_built=&#8220;1&#8243; admin_label=&#8220;Features&#8220; _builder_version=&#8220;4.16&#8243; _module_preset=&#8220;default&#8220; background_color=&#8220;#f2f5f7&#8243; custom_padding=&#8220;100px||120px|||&#8220; global_colors_info=&#8220;{}&#8220;][et_pb_row _builder_version=&#8220;4.17.0&#8243; _module_preset=&#8220;default&#8220; global_colors_info=&#8220;{}&#8220;][et_pb_column type=&#8220;4_4&#8243; _builder_version=&#8220;4.17.0&#8243; _module_preset=&#8220;default&#8220; global_colors_info=&#8220;{}&#8220;][et_pb_text admin_label=&#8220;Title &#8220; _builder_version=&#8220;4.17.0&#8243; _module_preset=&#8220;default&#8220; text_font=&#8220;Nunito||||||||&#8220; text_font_size=&#8220;18px&#8220; text_line_height=&#8220;1.8em&#8220; header_font=&#8220;Fredoka One||||||||&#8220; header_font_size=&#8220;52px&#8220; header_line_height=&#8220;1.3em&#8220; text_orientation=&#8220;center&#8220; background_layout=&#8220;dark&#8220; max_width=&#8220;700px&#8220; module_alignment=&#8220;center&#8220; custom_margin=&#8220;||10px|&#8220; animation_style=&#8220;fade&#8220; hover_enabled=&#8220;0&#8243; global_colors_info=&#8220;{}&#8220; sticky_enabled=&#8220;0&#8243;]<\/p>\n<p><span style=\"color: #000000;\">Das Zusammenleben ist eine Herausforderung, aber auch eine der sch\u00f6nsten Erfahrungen, die Paare gemeinsam erleben k\u00f6nnen. Doch neben den vielen sch\u00f6nen Momenten gibt es auch weniger angenehme Pflichten: die gemeinsame Haushaltsf\u00fchrung. Wer macht was? Wer k\u00fcmmert sich um die Rechnungen? Wer um den Abwasch? Und warum sind die Socken wieder nicht im W\u00e4schekorb?<\/span><\/p>\n<p>[\/et_pb_text][et_pb_divider show_divider=&#8220;off&#8220; _builder_version=&#8220;4.17.0&#8243; _module_preset=&#8220;default&#8220; global_colors_info=&#8220;{}&#8220;][\/et_pb_divider][et_pb_text _builder_version=&#8220;4.17.0&#8243; _module_preset=&#8220;default&#8220; text_font_size=&#8220;1.5em&#8220; hover_enabled=&#8220;0&#8243; global_colors_info=&#8220;{}&#8220; sticky_enabled=&#8220;0&#8243;]<\/p>\n<h3 style=\"text-align: center;\"><strong>Die Alltagsprobleme der gemeinsamen Haushaltsf\u00fchrung<\/strong><\/h3>\n<p>[\/et_pb_text][\/et_pb_column][\/et_pb_row][et_pb_row column_structure=&#8220;1_2,1_2&#8243; _builder_version=&#8220;4.17.0&#8243; _module_preset=&#8220;default&#8220; global_colors_info=&#8220;{}&#8220;][et_pb_column type=&#8220;1_2&#8243; _builder_version=&#8220;4.17.0&#8243; _module_preset=&#8220;default&#8220; global_colors_info=&#8220;{}&#8220;][et_pb_image src=&#8220;https:\/\/beziehungstricks.de\/wp-content\/uploads\/2023\/09\/beziehungstricks.de-missverstaendnis-in-einer-beziehung.jpg&#8220; alt=&#8220;beziehungstricks.de missverstaendnis in einer beziehung&#8220; title_text=&#8220;beziehungstricks.de missverstaendnis in einer beziehung&#8220; _builder_version=&#8220;4.17.0&#8243; _module_preset=&#8220;default&#8220; global_colors_info=&#8220;{}&#8220;][\/et_pb_image][\/et_pb_column][et_pb_column type=&#8220;1_2&#8243; _builder_version=&#8220;4.17.0&#8243; _module_preset=&#8220;default&#8220; global_colors_info=&#8220;{}&#8220;][et_pb_text admin_label=&#8220;Title &#8220; _builder_version=&#8220;4.17.0&#8243; _module_preset=&#8220;default&#8220; text_font=&#8220;Nunito||||||||&#8220; text_font_size=&#8220;18px&#8220; text_line_height=&#8220;1.8em&#8220; header_font=&#8220;Fredoka One||||||||&#8220; header_font_size=&#8220;52px&#8220; header_line_height=&#8220;1.3em&#8220; text_orientation=&#8220;center&#8220; background_layout=&#8220;dark&#8220; max_width=&#8220;700px&#8220; module_alignment=&#8220;center&#8220; custom_margin=&#8220;||10px|&#8220; animation_style=&#8220;fade&#8220; hover_enabled=&#8220;0&#8243; global_colors_info=&#8220;{}&#8220; sticky_enabled=&#8220;0&#8243;]<\/p>\n<p><span style=\"color: #000000;\">Wenn es um den gemeinsamen Haushalt geht, gibt es viele potenzielle Konfliktquellen. Einige der h\u00e4ufigsten sind:<\/span><\/p>\n<ol>\n<li><span style=\"color: #000000;\"><strong>Ungleichm\u00e4\u00dfige Aufgabenverteilung<\/strong>: Eine Studie des Statistischen Bundesamtes zeigt, dass Frauen im Durchschnitt mehr Zeit f\u00fcr Hausarbeit aufwenden als M\u00e4nner^1^.<\/span><\/li>\n<li><span style=\"color: #000000;\"><strong>Unterschiedliche Priorit\u00e4ten<\/strong>: W\u00e4hrend der eine Partner es liebt, das Zuhause immer blitzsauber zu halten, kann es dem anderen v\u00f6llig ausreichen, wenn gelegentlich aufger\u00e4umt wird.<\/span><\/li>\n<li><span style=\"color: #000000;\"><strong>Finanzielle Fragen<\/strong>: Wer zahlt was? Wie wird das Einkommen geteilt? Wie geht man mit unerwarteten Ausgaben um?<\/span><\/li>\n<\/ol>\n<p><span style=\"color: #000000;\">Diese Probleme k\u00f6nnen zu Spannungen f\u00fchren und sogar die stabilsten Beziehungen auf die Probe stellen.<\/span><\/p>\n<p>[\/et_pb_text][et_pb_text _builder_version=&#8220;4.17.0&#8243; _module_preset=&#8220;default&#8220; global_colors_info=&#8220;{}&#8220;][\/et_pb_text][\/et_pb_column][\/et_pb_row][\/et_pb_section][et_pb_section fb_built=&#8220;1&#8243; prev_background_color=&#8220;#f2f5f7&#8243; admin_label=&#8220;Services&#8220; _builder_version=&#8220;4.17.0&#8243; _module_preset=&#8220;default&#8220; background_color=&#8220;#88C4DD&#8220; background_enable_image=&#8220;off&#8220; background_size=&#8220;initial&#8220; background_blend=&#8220;overlay&#8220; custom_padding=&#8220;120px||120px|&#8220; top_divider_style=&#8220;wave&#8220; top_divider_height=&#8220;106px&#8220; global_colors_info=&#8220;{}&#8220;][et_pb_row _builder_version=&#8220;4.17.0&#8243; _module_preset=&#8220;default&#8220; custom_padding=&#8220;60px|||||&#8220; global_colors_info=&#8220;{}&#8220;][et_pb_column type=&#8220;4_4&#8243; _builder_version=&#8220;4.17.0&#8243; _module_preset=&#8220;default&#8220; global_colors_info=&#8220;{}&#8220;][et_pb_text admin_label=&#8220;Title &#8220; _builder_version=&#8220;4.17.0&#8243; _module_preset=&#8220;default&#8220; text_font=&#8220;Nunito||||||||&#8220; text_font_size=&#8220;18px&#8220; text_line_height=&#8220;1.8em&#8220; header_font=&#8220;Fredoka One||||||||&#8220; header_font_size=&#8220;52px&#8220; header_line_height=&#8220;1.3em&#8220; text_orientation=&#8220;center&#8220; background_layout=&#8220;dark&#8220; max_width=&#8220;700px&#8220; module_alignment=&#8220;center&#8220; custom_margin=&#8220;||10px|&#8220; animation_style=&#8220;fade&#8220; hover_enabled=&#8220;0&#8243; global_colors_info=&#8220;{}&#8220; sticky_enabled=&#8220;0&#8243;]<\/p>\n<h3><span style=\"color: #000000;\"><strong>Gemeinsamkeiten bei den Problemen<\/strong><\/span><\/h3>\n<p><span style=\"color: #000000;\">Obwohl die genannten Probleme unterschiedlich sind, haben sie einige Gemeinsamkeiten. Erstens drehen sich viele von ihnen um Kommunikation oder besser gesagt, um mangelnde Kommunikation. Zweitens sind sie oft mit unklaren Erwartungen verbunden. Wenn Paare nicht klar definieren, was jeder von ihnen erwartet, k\u00f6nnen Missverst\u00e4ndnisse und Entt\u00e4uschungen entstehen.<\/span><\/p>\n<p>[\/et_pb_text][et_pb_text admin_label=&#8220;Title &#8220; _builder_version=&#8220;4.17.0&#8243; _module_preset=&#8220;default&#8220; text_font=&#8220;Nunito||||||||&#8220; text_font_size=&#8220;18px&#8220; text_line_height=&#8220;1.8em&#8220; header_font=&#8220;Fredoka One||||||||&#8220; header_font_size=&#8220;52px&#8220; header_line_height=&#8220;1.3em&#8220; text_orientation=&#8220;center&#8220; background_layout=&#8220;dark&#8220; max_width=&#8220;700px&#8220; module_alignment=&#8220;center&#8220; custom_margin=&#8220;||10px|&#8220; animation_style=&#8220;fade&#8220; hover_enabled=&#8220;0&#8243; global_colors_info=&#8220;{}&#8220; sticky_enabled=&#8220;0&#8243;]<\/p>\n<h2><\/h2>\n<h2><\/h2>\n<h2><\/h2>\n<h2><\/h2>\n<h3><span style=\"color: #000000;\"><strong>L\u00f6sungsvorschl\u00e4ge f\u00fcr eine harmonische Haushaltsf\u00fchrung<\/strong><\/span><\/h3>\n<p><span style=\"color: #000000;\"><strong><\/strong><\/span><\/p>\n<p><span style=\"color: #000000;\"><strong>Kommunikation<\/strong>: Wie in so vielen Bereichen des Lebens ist auch hier die Kommunikation der Schl\u00fcssel. Nehmt euch regelm\u00e4\u00dfig Zeit, um \u00fcber eure Erwartungen, W\u00fcnsche und Bed\u00fcrfnisse in Bezug auf den Haushalt zu sprechen.<\/span><\/p>\n<p><span style=\"color: #000000;\"><strong>Ein Haushaltsplan<\/strong>: Erstellt einen Plan, wer welche Aufgaben \u00fcbernimmt. Dies kann flexibel sein und sich \u00e4ndern, aber es hilft, eine Grundlage zu haben.<\/span><\/p>\n<p><span style=\"color: #000000;\"><strong>Finanzen transparent halten<\/strong>: Besprecht eure finanziellen Verh\u00e4ltnisse offen und ehrlich. \u00dcberlegt, ob ein gemeinsames Konto sinnvoll ist oder ob jeder sein eigenes Konto behalten sollte. Nutzt Tools wie Haushaltsbuch-Apps, um einen \u00dcberblick \u00fcber eure Ausgaben zu behalten^2^.<\/span><\/p>\n<p><span style=\"color: #000000;\"><strong>Kompromisse eingehen<\/strong>: Vielleicht magst du es, wenn die K\u00fcche immer sauber ist, w\u00e4hrend dein Partner es nicht so genau nimmt. Findet einen Mittelweg, mit dem beide leben k\u00f6nnen.<\/span><\/p>\n<p><span style=\"color: #000000;\"><strong>Euch gegenseitig Wertsch\u00e4tzung zeigen<\/strong>: Es mag trivial klingen, aber ein einfaches &#8222;Danke&#8220; kann Wunder wirken. Zeigt eurem Partner regelm\u00e4\u00dfig, dass ihr seine Bem\u00fchungen im Haushalt sch\u00e4tzt.<\/span><\/p>\n<p>[\/et_pb_text][et_pb_text admin_label=&#8220;Title &#8220; _builder_version=&#8220;4.17.0&#8243; _module_preset=&#8220;default&#8220; text_font=&#8220;Nunito||||||||&#8220; text_font_size=&#8220;18px&#8220; text_line_height=&#8220;1.8em&#8220; header_font=&#8220;Fredoka One||||||||&#8220; header_font_size=&#8220;52px&#8220; header_line_height=&#8220;1.3em&#8220; text_orientation=&#8220;center&#8220; background_layout=&#8220;dark&#8220; max_width=&#8220;700px&#8220; module_alignment=&#8220;center&#8220; custom_margin=&#8220;||10px|&#8220; animation_style=&#8220;fade&#8220; hover_enabled=&#8220;0&#8243; global_colors_info=&#8220;{}&#8220; sticky_enabled=&#8220;0&#8243;]<\/p>\n<h2><\/h2>\n<h2><\/h2>\n<h2><\/h2>\n<h2><\/h2>\n<h3 style=\"text-align: center;\"><span style=\"color: #000000;\"><strong>Schlussgedanken\u00a0<\/strong><\/span><\/h3>\n<p><span style=\"color: #000000;\">Eine funktionierende Haushaltsf\u00fchrung ist nicht nur ein Pluspunkt f\u00fcr die Sauberkeit und Ordnung eures Zuhauses. Es geht auch um Respekt, Wertsch\u00e4tzung und Teamarbeit. Ein gut organisierter Haushalt kann zu einem harmonischeren Zusammenleben f\u00fchren und sogar eure Beziehung st\u00e4rken.<\/span><\/p>\n<p><span style=\"color: #000000;\">Zum Abschluss ein Zitat von Haim Ginott: &#8222;Im Familienleben geht es nicht um Ordnung und Harmonie, sondern um ein Gleichgewicht von Ordnung und Chaos, von Harmonie und Disharmonie.&#8220;^3^ Es geht nicht darum, Perfektion zu erreichen, sondern ein Zuhause zu schaffen, in dem beide Partner sich wohlf\u00fchlen und respektiert f\u00fchlen.<\/span><\/p>\n<p>[\/et_pb_text][\/et_pb_column][\/et_pb_row][et_pb_row _builder_version=&#8220;4.16&#8243; _module_preset=&#8220;default&#8220; custom_margin=&#8220;30px|||&#8220; global_colors_info=&#8220;{}&#8220;][et_pb_column type=&#8220;4_4&#8243; _builder_version=&#8220;4.16&#8243; _module_preset=&#8220;default&#8220; custom_padding=&#8220;|||&#8220; global_colors_info=&#8220;{}&#8220; custom_padding__hover=&#8220;|||&#8220;][et_pb_divider color=&#8220;rgba(255,255,255,0.5)&#8220; divider_weight=&#8220;4px&#8220; _builder_version=&#8220;4.16&#8243; _module_preset=&#8220;default&#8220; max_width=&#8220;60px&#8220; max_width_tablet=&#8220;11%&#8220; max_width_last_edited=&#8220;off|desktop&#8220; module_alignment=&#8220;center&#8220; height=&#8220;4px&#8220; animation_style=&#8220;slide&#8220; animation_direction=&#8220;top&#8220; animation_intensity_slide=&#8220;5%&#8220; animation_starting_opacity=&#8220;100%&#8220; global_colors_info=&#8220;{}&#8220;][\/et_pb_divider][\/et_pb_column][\/et_pb_row][et_pb_row _builder_version=&#8220;4.17.0&#8243; _module_preset=&#8220;default&#8220; global_colors_info=&#8220;{}&#8220;][et_pb_column type=&#8220;4_4&#8243; _builder_version=&#8220;4.17.0&#8243; _module_preset=&#8220;default&#8220; global_colors_info=&#8220;{}&#8220;][et_pb_text _builder_version=&#8220;4.17.0&#8243; _module_preset=&#8220;default&#8220; hover_enabled=&#8220;0&#8243; global_colors_info=&#8220;{}&#8220; sticky_enabled=&#8220;0&#8243;]<\/p>\n<p style=\"text-align: center;\"><span style=\"color: #ffffff;\">Quellen:<\/span><\/p>\n<p style=\"text-align: center;\"><span style=\"color: #ffffff;\"><span><span style=\"color: #0000ff;\"><a href=\"https:\/\/www.destatis.de\/DE\/Home\/_inhalt.html\" style=\"color: #0000ff;\">Statistisches Bundesamt<\/a><\/span> (2019).\u00a0 <\/span><\/span><span style=\"color: #ffffff;\"><em>Zeitverwendung in Deutschland<\/em><span>.<\/span><\/span><\/p>\n<p style=\"text-align: center;\"><span style=\"color: #ffffff;\"><span>Collins, H. (2018). <em>Finanzen in Partnerschaften: Gemeinsam planen und sparen<\/em>. M\u00fcnchen: Finanzbuch Verlag.<\/span><\/span><\/p>\n<p style=\"text-align: center;\"><span style=\"color: #ffffff;\"><span>Ginott, H. (1965). <em>Zwischen Eltern und Kind<\/em>. New York: Macmillan<\/span><\/span><\/p>\n<p>[\/et_pb_text][\/et_pb_column][\/et_pb_row][\/et_pb_section]<\/p>\n","protected":false},"excerpt":{"rendered":"<p>Die Kunst der gemeinsamen Haushaltsf\u00fchrung: Probleme, Gemeinsamkeiten und L\u00f6sungen \u00a0Das Zusammenleben ist eine Herausforderung, aber auch eine der sch\u00f6nsten Erfahrungen, die Paare gemeinsam erleben k\u00f6nnen. Doch neben den vielen sch\u00f6nen Momenten gibt es auch weniger angenehme Pflichten: die gemeinsame Haushaltsf\u00fchrung. Wer macht was? Wer k\u00fcmmert sich um die Rechnungen? Wer um den Abwasch? Und warum [&hellip;]<\/p>\n","protected":false},"author":1,"featured_media":0,"parent":0,"menu_order":0,"comment_status":"closed","ping_status":"closed","template":"","meta":{"_et_pb_use_builder":"on","_et_pb_old_content":"","_et_gb_content_width":"","footnotes":""},"_links":{"self":[{"href":"https:\/\/beziehungstricks.de\/index.php?rest_route=\/wp\/v2\/pages\/161"}],"collection":[{"href":"https:\/\/beziehungstricks.de\/index.php?rest_route=\/wp\/v2\/pages"}],"about":[{"href":"https:\/\/beziehungstricks.de\/index.php?rest_route=\/wp\/v2\/types\/page"}],"author":[{"embeddable":true,"href":"https:\/\/beziehungstricks.de\/index.php?rest_route=\/wp\/v2\/users\/1"}],"replies":[{"embeddable":true,"href":"https:\/\/beziehungstricks.de\/index.php?rest_route=%2Fwp%2Fv2%2Fcomments&post=161"}],"version-history":[{"count":2,"href":"https:\/\/beziehungstricks.de\/index.php?rest_route=\/wp\/v2\/pages\/161\/revisions"}],"predecessor-version":[{"id":165,"href":"https:\/\/beziehungstricks.de\/index.php?rest_route=\/wp\/v2\/pages\/161\/revisions\/165"}],"wp:attachment":[{"href":"https:\/\/beziehungstricks.de\/index.php?rest_route=%2Fwp%2Fv2%2Fmedia&parent=161"}],"curies":[{"name":"wp","href":"https:\/\/api.w.org\/{rel}","templated":true}]}}