{"id":153,"date":"2023-09-10T13:28:30","date_gmt":"2023-09-10T11:28:30","guid":{"rendered":"https:\/\/beziehungstricks.de\/?page_id=153"},"modified":"2023-09-10T14:10:53","modified_gmt":"2023-09-10T12:10:53","slug":"grenzen-setzen-in-einer-beziehung-die-kunst-des-gegenseitigen-respekts-und-verstaendnisses","status":"publish","type":"page","link":"https:\/\/beziehungstricks.de\/?page_id=153","title":{"rendered":"Grenzen setzen in einer Beziehung: Die Kunst des gegenseitigen Respekts und Verstaendnisses"},"content":{"rendered":"<p>[et_pb_section fb_built=&#8220;1&#8243; next_background_color=&#8220;#f2f5f7&#8243; admin_label=&#8220;Hero&#8220; _builder_version=&#8220;4.17.0&#8243; _module_preset=&#8220;default&#8220; background_enable_color=&#8220;off&#8220; background_image=&#8220;https:\/\/beziehungstricks.de\/wp-content\/uploads\/2023\/09\/www.beziehungstricks.de-grenzen-setzen-in-einer-beziehung-respekt-und-verstaendnis-.jpg&#8220; custom_padding=&#8220;120px||240px|||&#8220; bottom_divider_style=&#8220;wave2&#8243; bottom_divider_height=&#8220;150px&#8220; hover_enabled=&#8220;0&#8243; global_colors_info=&#8220;{}&#8220; alt=&#8220;www.beziehungstricks.de grenzen setzen in einer beziehung respekt und verstaendnis-&#8220; title_text=&#8220;www.beziehungstricks.de grenzen setzen in einer beziehung respekt und verstaendnis-&#8220; sticky_enabled=&#8220;0&#8243;][et_pb_row _builder_version=&#8220;4.16&#8243; _module_preset=&#8220;default&#8220; background_size=&#8220;initial&#8220; background_position=&#8220;top_left&#8220; background_repeat=&#8220;repeat&#8220; global_colors_info=&#8220;{}&#8220;][et_pb_column type=&#8220;4_4&#8243; _builder_version=&#8220;4.16&#8243; _module_preset=&#8220;default&#8220; custom_padding=&#8220;|||&#8220; global_colors_info=&#8220;{}&#8220; custom_padding__hover=&#8220;|||&#8220;][et_pb_text admin_label=&#8220;Title &#8220; _builder_version=&#8220;4.17.0&#8243; _module_preset=&#8220;default&#8220; text_font=&#8220;|700|||||||&#8220; text_text_color=&#8220;#FFFFFF&#8220; text_font_size=&#8220;2.5em&#8220; text_line_height=&#8220;1.8em&#8220; header_font=&#8220;Fredoka One||||||||&#8220; header_text_color=&#8220;#FFFFFF&#8220; header_font_size=&#8220;52px&#8220; header_line_height=&#8220;1.3em&#8220; text_orientation=&#8220;center&#8220; background_layout=&#8220;dark&#8220; max_width=&#8220;700px&#8220; module_alignment=&#8220;center&#8220; custom_margin=&#8220;||10px|&#8220; animation_style=&#8220;fade&#8220; hover_enabled=&#8220;0&#8243; text_font_size_tablet=&#8220;2em&#8220; text_font_size_phone=&#8220;2em&#8220; text_font_size_last_edited=&#8220;on|desktop&#8220; text_text_shadow_style=&#8220;preset3&#8243; text_text_shadow_color=&#8220;#000000&#8243; global_colors_info=&#8220;{}&#8220; sticky_enabled=&#8220;0&#8243;]<\/p>\n<h1><strong>Grenzen setzen in einer Beziehung: Die Kunst des gegenseitigen Respekts und Verst\u00e4ndnisses<\/strong><\/h1>\n<p><em>\u00a0<\/em><\/p>\n<p>[\/et_pb_text][\/et_pb_column][\/et_pb_row][\/et_pb_section][et_pb_section fb_built=&#8220;1&#8243; admin_label=&#8220;Features&#8220; _builder_version=&#8220;4.16&#8243; _module_preset=&#8220;default&#8220; background_color=&#8220;#f2f5f7&#8243; custom_padding=&#8220;100px||120px|||&#8220; global_colors_info=&#8220;{}&#8220;][et_pb_row _builder_version=&#8220;4.17.0&#8243; _module_preset=&#8220;default&#8220; global_colors_info=&#8220;{}&#8220;][et_pb_column type=&#8220;4_4&#8243; _builder_version=&#8220;4.17.0&#8243; _module_preset=&#8220;default&#8220; global_colors_info=&#8220;{}&#8220;][et_pb_text admin_label=&#8220;Title &#8220; _builder_version=&#8220;4.17.0&#8243; _module_preset=&#8220;default&#8220; text_font=&#8220;Nunito||||||||&#8220; text_font_size=&#8220;18px&#8220; text_line_height=&#8220;1.8em&#8220; header_font=&#8220;Fredoka One||||||||&#8220; header_font_size=&#8220;52px&#8220; header_line_height=&#8220;1.3em&#8220; text_orientation=&#8220;center&#8220; background_layout=&#8220;dark&#8220; max_width=&#8220;700px&#8220; module_alignment=&#8220;center&#8220; custom_margin=&#8220;||10px|&#8220; animation_style=&#8220;fade&#8220; hover_enabled=&#8220;0&#8243; global_colors_info=&#8220;{}&#8220; sticky_enabled=&#8220;0&#8243;]<\/p>\n<p><span style=\"color: #000000;\">Wer kennt das nicht: Wir beginnen eine Beziehung mit rosaroten Brillen, erleben Momente purer Harmonie und denken, dass es immer so weitergehen wird. Doch mit der Zeit treten Alltagsprobleme auf. Oftmals beginnen kleine Missverst\u00e4ndnisse zu wachsen, sich zu h\u00e4ufen und k\u00f6nnen letztlich zu ernsthaften Konflikten f\u00fchren.<\/span><\/p>\n<p><span style=\"color: #000000;\">Zu Beginn einer Beziehung ist alles neu und aufregend. Die gemeinsamen Stunden scheinen zu fliegen, doch bald zeigen sich die ersten Risse im Fundament. Dies kann sich in verschiedenen Formen manifestieren: Die Eifersucht, wenn der Partner zu viel Zeit mit Freunden verbringt, der \u00c4rger \u00fcber st\u00e4ndige Unordnung oder die Meinungsverschiedenheiten \u00fcber gemeinsame Finanzen. Jeder, der schon einmal in einer Beziehung war, hat solche oder \u00e4hnliche Probleme erlebt.<\/span><\/p>\n<p>[\/et_pb_text][et_pb_divider show_divider=&#8220;off&#8220; _builder_version=&#8220;4.17.0&#8243; _module_preset=&#8220;default&#8220; global_colors_info=&#8220;{}&#8220;][\/et_pb_divider][et_pb_text _builder_version=&#8220;4.17.0&#8243; _module_preset=&#8220;default&#8220; text_font_size=&#8220;1.5em&#8220; hover_enabled=&#8220;0&#8243; global_colors_info=&#8220;{}&#8220; sticky_enabled=&#8220;0&#8243;]<\/p>\n<h3 style=\"text-align: center;\"><strong>Die Problematischen Alltagsprobleme<\/strong><\/h3>\n<p>[\/et_pb_text][\/et_pb_column][\/et_pb_row][et_pb_row column_structure=&#8220;1_2,1_2&#8243; _builder_version=&#8220;4.17.0&#8243; _module_preset=&#8220;default&#8220; global_colors_info=&#8220;{}&#8220;][et_pb_column type=&#8220;1_2&#8243; _builder_version=&#8220;4.17.0&#8243; _module_preset=&#8220;default&#8220; global_colors_info=&#8220;{}&#8220;][et_pb_image src=&#8220;https:\/\/beziehungstricks.de\/wp-content\/uploads\/2023\/09\/beziehungstricks.de-missverstaendnis-in-einer-beziehung.jpg&#8220; alt=&#8220;beziehungstricks.de missverstaendnis in einer beziehung&#8220; title_text=&#8220;beziehungstricks.de missverstaendnis in einer beziehung&#8220; _builder_version=&#8220;4.17.0&#8243; _module_preset=&#8220;default&#8220; global_colors_info=&#8220;{}&#8220;][\/et_pb_image][\/et_pb_column][et_pb_column type=&#8220;1_2&#8243; _builder_version=&#8220;4.17.0&#8243; _module_preset=&#8220;default&#8220; global_colors_info=&#8220;{}&#8220;][et_pb_text admin_label=&#8220;Title &#8220; _builder_version=&#8220;4.17.0&#8243; _module_preset=&#8220;default&#8220; text_font=&#8220;Nunito||||||||&#8220; text_font_size=&#8220;18px&#8220; text_line_height=&#8220;1.8em&#8220; header_font=&#8220;Fredoka One||||||||&#8220; header_font_size=&#8220;52px&#8220; header_line_height=&#8220;1.3em&#8220; text_orientation=&#8220;center&#8220; background_layout=&#8220;dark&#8220; max_width=&#8220;700px&#8220; module_alignment=&#8220;center&#8220; custom_margin=&#8220;||10px|&#8220; animation_style=&#8220;fade&#8220; hover_enabled=&#8220;0&#8243; global_colors_info=&#8220;{}&#8220; sticky_enabled=&#8220;0&#8243;]<\/p>\n<p><span style=\"color: #000000;\">Ein weit verbreitetes Problem in Beziehungen ist die fehlende Kommunikation. Laut Dr. John Gottman, einem der f\u00fchrenden Beziehungsforscher unserer Zeit, sind 69% der Konflikte in einer Beziehung unl\u00f6sbar, was bedeutet, dass sie wiederholt auftreten, ohne jemals wirklich gel\u00f6st zu werden^1^. Eines der Hauptprobleme, die zu solchen unl\u00f6sbaren Konflikten f\u00fchren, ist die Unf\u00e4higkeit oder der Unwille, miteinander zu sprechen und sich gegenseitig zuzuh\u00f6ren.<\/span><\/p>\n<p><span style=\"color: #000000;\">Ein weiteres h\u00e4ufiges Problem ist die Unklarheit \u00fcber Grenzen. Was f\u00fcr den einen akzeptabel ist, mag f\u00fcr den anderen ein absolutes No-Go sein. Dies kann sich auf verschiedene Bereiche beziehen, sei es Privatsph\u00e4re, Freizeitaktivit\u00e4ten oder die Verteilung von Verantwortlichkeiten im Haushalt.<\/span><\/p>\n<p>[\/et_pb_text][et_pb_text _builder_version=&#8220;4.17.0&#8243; _module_preset=&#8220;default&#8220; global_colors_info=&#8220;{}&#8220;][\/et_pb_text][\/et_pb_column][\/et_pb_row][\/et_pb_section][et_pb_section fb_built=&#8220;1&#8243; prev_background_color=&#8220;#f2f5f7&#8243; admin_label=&#8220;Services&#8220; _builder_version=&#8220;4.17.0&#8243; _module_preset=&#8220;default&#8220; background_color=&#8220;#88C4DD&#8220; background_enable_image=&#8220;off&#8220; background_size=&#8220;initial&#8220; background_blend=&#8220;overlay&#8220; custom_padding=&#8220;120px||120px|&#8220; top_divider_style=&#8220;wave&#8220; top_divider_height=&#8220;106px&#8220; global_colors_info=&#8220;{}&#8220;][et_pb_row _builder_version=&#8220;4.17.0&#8243; _module_preset=&#8220;default&#8220; custom_padding=&#8220;60px|||||&#8220; global_colors_info=&#8220;{}&#8220;][et_pb_column type=&#8220;4_4&#8243; _builder_version=&#8220;4.17.0&#8243; _module_preset=&#8220;default&#8220; global_colors_info=&#8220;{}&#8220;][et_pb_text admin_label=&#8220;Title &#8220; _builder_version=&#8220;4.17.0&#8243; _module_preset=&#8220;default&#8220; text_font=&#8220;Nunito||||||||&#8220; text_font_size=&#8220;18px&#8220; text_line_height=&#8220;1.8em&#8220; header_font=&#8220;Fredoka One||||||||&#8220; header_font_size=&#8220;52px&#8220; header_line_height=&#8220;1.3em&#8220; text_orientation=&#8220;center&#8220; background_layout=&#8220;dark&#8220; max_width=&#8220;700px&#8220; module_alignment=&#8220;center&#8220; custom_margin=&#8220;||10px|&#8220; animation_style=&#8220;fade&#8220; hover_enabled=&#8220;0&#8243; global_colors_info=&#8220;{}&#8220; sticky_enabled=&#8220;0&#8243;]<\/p>\n<h3><span style=\"color: #000000;\"><strong>Erkennen der Gemeinsamkeiten<\/strong><\/span><\/h3>\n<p><span style=\"color: #000000;\">Die meisten dieser Probleme haben eine gemeinsame Wurzel: Das Fehlen von klaren Grenzen und das Fehlen von Kommunikation \u00fcber diese Grenzen. In vielen F\u00e4llen sind es unklare oder fehlende Grenzen, die zu Missverst\u00e4ndnissen und Konflikten f\u00fchren. Dabei geht es nicht darum, sich einzuschr\u00e4nken oder dem Partner Dinge zu verbieten, sondern darum, die eigenen Bed\u00fcrfnisse und Werte zu erkennen und zu kommunizieren und dabei den Partner zu respektieren und dessen Grenzen zu akzeptieren.<\/span><\/p>\n<p>[\/et_pb_text][et_pb_text admin_label=&#8220;Title &#8220; _builder_version=&#8220;4.17.0&#8243; _module_preset=&#8220;default&#8220; text_font=&#8220;Nunito||||||||&#8220; text_font_size=&#8220;18px&#8220; text_line_height=&#8220;1.8em&#8220; header_font=&#8220;Fredoka One||||||||&#8220; header_font_size=&#8220;52px&#8220; header_line_height=&#8220;1.3em&#8220; text_orientation=&#8220;center&#8220; background_layout=&#8220;dark&#8220; max_width=&#8220;700px&#8220; module_alignment=&#8220;center&#8220; custom_margin=&#8220;||10px|&#8220; animation_style=&#8220;fade&#8220; hover_enabled=&#8220;0&#8243; global_colors_info=&#8220;{}&#8220; sticky_enabled=&#8220;0&#8243;]<\/p>\n<h2><\/h2>\n<h2><\/h2>\n<h2><\/h2>\n<h2><\/h2>\n<h3><span style=\"color: #000000;\"><strong>L\u00f6sungsvorschl\u00e4ge<\/strong><\/span><\/h3>\n<p><span style=\"color: #000000;\">Um diese Probleme zu \u00fcberwinden und Grenzen effektiv zu setzen, schlagen Experten verschiedene Ans\u00e4tze vor:<\/span><\/p>\n<p><span style=\"color: #000000;\"><strong>1. Kommunikation<\/strong>: Redet miteinander! Stellt sicher, dass ihr regelm\u00e4\u00dfig Check-ins habt, bei denen ihr \u00fcber eure Gef\u00fchle, Bed\u00fcrfnisse und W\u00fcnsche sprecht^2^.<\/span><\/p>\n<p><span style=\"color: #000000;\"><strong>2. Klare Grenzen setzen<\/strong>: Definiert, was f\u00fcr euch akzeptabel ist und was nicht. Dies kann flexibel sein und sich mit der Zeit \u00e4ndern, aber es ist wichtig, dass beide Partner wissen, wo die Grenzen liegen.<\/span><\/p>\n<p><span style=\"color: #000000;\"><strong>3. Respektiert die Grenzen des anderen<\/strong>: Es ist wichtig, dass beide Partner die Grenzen des anderen respektieren und nicht versuchen, sie st\u00e4ndig zu \u00fcberschreiten oder zu verschieben.<\/span><\/p>\n<p><span style=\"color: #000000;\"><strong>4. Sucht nach Kompromissen<\/strong>: Es wird Zeiten geben, in denen eure Grenzen nicht \u00fcbereinstimmen. In solchen F\u00e4llen ist es wichtig, einen Kompromiss zu finden, mit dem beide leben k\u00f6nnen.<\/span><\/p>\n<p>[\/et_pb_text][et_pb_text admin_label=&#8220;Title &#8220; _builder_version=&#8220;4.17.0&#8243; _module_preset=&#8220;default&#8220; text_font=&#8220;Nunito||||||||&#8220; text_font_size=&#8220;18px&#8220; text_line_height=&#8220;1.8em&#8220; header_font=&#8220;Fredoka One||||||||&#8220; header_font_size=&#8220;52px&#8220; header_line_height=&#8220;1.3em&#8220; text_orientation=&#8220;center&#8220; background_layout=&#8220;dark&#8220; max_width=&#8220;700px&#8220; module_alignment=&#8220;center&#8220; custom_margin=&#8220;||10px|&#8220; animation_style=&#8220;fade&#8220; hover_enabled=&#8220;0&#8243; global_colors_info=&#8220;{}&#8220; sticky_enabled=&#8220;0&#8243;]<\/p>\n<h2><\/h2>\n<h2><\/h2>\n<h2><\/h2>\n<h2><\/h2>\n<h3 style=\"text-align: center;\"><span style=\"color: #000000;\"><strong>Schlussgedanken\u00a0<\/strong><\/span><\/h3>\n<p><span style=\"color: #000000;\">Grenzen in einer Beziehung zu setzen ist nicht nur wichtig, um Konflikte zu vermeiden. Es geht darum, eine Umgebung des gegenseitigen Respekts und Verst\u00e4ndnisses zu schaffen, in der beide Partner wachsen und sich weiterentwickeln k\u00f6nnen. Eine gesunde Beziehung basiert auf Vertrauen, und dieses Vertrauen kann nur in einer Umgebung wachsen, in der beide Partner sich sicher und respektiert f\u00fchlen.<\/span><\/p>\n<p><span style=\"color: #000000;\">Es ist auch wichtig zu verstehen, dass Grenzen nicht starr sind. Sie k\u00f6nnen und sollten sich mit der Zeit entwickeln, da sich auch Menschen und Beziehungen entwickeln. Doch das Wichtigste ist, dass diese Grenzen klar kommuniziert und respektiert werden.<\/span><\/p>\n<p><span style=\"color: #000000;\">Zum Abschluss m\u00f6chte ich noch ein Zitat von Brene Brown mitgeben: &#8222;Die klaren Grenzen, die wir setzen, sind der Weg zu wahrer Freiheit und Respekt &#8211; sowohl f\u00fcr uns selbst als auch f\u00fcr die anderen.&#8220;^3^<\/span><\/p>\n<p><span style=\"color: #000000;\">In einer Beziehung zu sein bedeutet nicht, sich selbst zu verlieren, sondern vielmehr, sich selbst und den Partner in einem sicheren Rahmen zu finden und zu lieben.<\/span><\/p>\n<p>[\/et_pb_text][\/et_pb_column][\/et_pb_row][et_pb_row _builder_version=&#8220;4.16&#8243; _module_preset=&#8220;default&#8220; custom_margin=&#8220;30px|||&#8220; global_colors_info=&#8220;{}&#8220;][et_pb_column type=&#8220;4_4&#8243; _builder_version=&#8220;4.16&#8243; _module_preset=&#8220;default&#8220; custom_padding=&#8220;|||&#8220; global_colors_info=&#8220;{}&#8220; custom_padding__hover=&#8220;|||&#8220;][et_pb_divider color=&#8220;rgba(255,255,255,0.5)&#8220; divider_weight=&#8220;4px&#8220; _builder_version=&#8220;4.16&#8243; _module_preset=&#8220;default&#8220; max_width=&#8220;60px&#8220; max_width_tablet=&#8220;11%&#8220; max_width_last_edited=&#8220;off|desktop&#8220; module_alignment=&#8220;center&#8220; height=&#8220;4px&#8220; animation_style=&#8220;slide&#8220; animation_direction=&#8220;top&#8220; animation_intensity_slide=&#8220;5%&#8220; animation_starting_opacity=&#8220;100%&#8220; global_colors_info=&#8220;{}&#8220;][\/et_pb_divider][\/et_pb_column][\/et_pb_row][et_pb_row _builder_version=&#8220;4.17.0&#8243; _module_preset=&#8220;default&#8220; hover_enabled=&#8220;0&#8243; global_colors_info=&#8220;{}&#8220; sticky_enabled=&#8220;0&#8243;][et_pb_column type=&#8220;4_4&#8243; _builder_version=&#8220;4.17.0&#8243; _module_preset=&#8220;default&#8220; global_colors_info=&#8220;{}&#8220;][et_pb_text _builder_version=&#8220;4.17.0&#8243; _module_preset=&#8220;default&#8220; hover_enabled=&#8220;0&#8243; global_colors_info=&#8220;{}&#8220; sticky_enabled=&#8220;0&#8243;]<\/p>\n<p style=\"text-align: center;\"><span style=\"color: #ffffff;\">Gottman, J. M. (1994). <em>What Predicts Divorce? The Relationship Between Marital Processes and Marital Outcomes<\/em>. Hillsdale, NJ: Erlbaum. <a href=\"https:\/\/www.gottman.com\/blog\" target=\"_new\" style=\"color: #ffffff;\" rel=\"noopener\">https:\/\/www.gottman.com\/blog<\/a><\/span><\/p>\n<p>[\/et_pb_text][\/et_pb_column][\/et_pb_row][\/et_pb_section]<\/p>\n","protected":false},"excerpt":{"rendered":"<p>Grenzen setzen in einer Beziehung: Die Kunst des gegenseitigen Respekts und Verst\u00e4ndnisses \u00a0Wer kennt das nicht: Wir beginnen eine Beziehung mit rosaroten Brillen, erleben Momente purer Harmonie und denken, dass es immer so weitergehen wird. Doch mit der Zeit treten Alltagsprobleme auf. Oftmals beginnen kleine Missverst\u00e4ndnisse zu wachsen, sich zu h\u00e4ufen und k\u00f6nnen letztlich zu [&hellip;]<\/p>\n","protected":false},"author":1,"featured_media":0,"parent":0,"menu_order":0,"comment_status":"closed","ping_status":"closed","template":"","meta":{"_et_pb_use_builder":"on","_et_pb_old_content":"","_et_gb_content_width":"","footnotes":""},"_links":{"self":[{"href":"https:\/\/beziehungstricks.de\/index.php?rest_route=\/wp\/v2\/pages\/153"}],"collection":[{"href":"https:\/\/beziehungstricks.de\/index.php?rest_route=\/wp\/v2\/pages"}],"about":[{"href":"https:\/\/beziehungstricks.de\/index.php?rest_route=\/wp\/v2\/types\/page"}],"author":[{"embeddable":true,"href":"https:\/\/beziehungstricks.de\/index.php?rest_route=\/wp\/v2\/users\/1"}],"replies":[{"embeddable":true,"href":"https:\/\/beziehungstricks.de\/index.php?rest_route=%2Fwp%2Fv2%2Fcomments&post=153"}],"version-history":[{"count":2,"href":"https:\/\/beziehungstricks.de\/index.php?rest_route=\/wp\/v2\/pages\/153\/revisions"}],"predecessor-version":[{"id":160,"href":"https:\/\/beziehungstricks.de\/index.php?rest_route=\/wp\/v2\/pages\/153\/revisions\/160"}],"wp:attachment":[{"href":"https:\/\/beziehungstricks.de\/index.php?rest_route=%2Fwp%2Fv2%2Fmedia&parent=153"}],"curies":[{"name":"wp","href":"https:\/\/api.w.org\/{rel}","templated":true}]}}