{"id":143,"date":"2023-09-10T10:12:12","date_gmt":"2023-09-10T08:12:12","guid":{"rendered":"https:\/\/beziehungstricks.de\/?page_id=143"},"modified":"2023-09-10T13:04:24","modified_gmt":"2023-09-10T11:04:24","slug":"das-geheimnis-langjaehriger-paare-wie-sie-die-alltaeglichen-stuerme-ueberstehen","status":"publish","type":"page","link":"https:\/\/beziehungstricks.de\/?page_id=143","title":{"rendered":"Das Geheimnis langj\u00e4hriger Paare: Wie sie die allt\u00e4glichen St\u00fcrme \u00fcberstehen"},"content":{"rendered":"<p>[et_pb_section fb_built=&#8220;1&#8243; next_background_color=&#8220;#f2f5f7&#8243; admin_label=&#8220;Hero&#8220; _builder_version=&#8220;4.17.0&#8243; _module_preset=&#8220;default&#8220; background_enable_color=&#8220;off&#8220; background_image=&#8220;https:\/\/beziehungstricks.de\/wp-content\/uploads\/2023\/09\/beziehungstricks.de-das-geheimniss-langjaehriger-Beziehungen_.jpg&#8220; custom_padding=&#8220;120px||240px|||&#8220; bottom_divider_style=&#8220;wave2&#8243; bottom_divider_height=&#8220;150px&#8220; hover_enabled=&#8220;0&#8243; global_colors_info=&#8220;{}&#8220; alt=&#8220;beziehungstricks.de das geheimniss langjaehriger Beziehungen_&#8220; title_text=&#8220;beziehungstricks.de das geheimniss langjaehriger Beziehungen_&#8220; sticky_enabled=&#8220;0&#8243;][et_pb_row _builder_version=&#8220;4.16&#8243; _module_preset=&#8220;default&#8220; background_size=&#8220;initial&#8220; background_position=&#8220;top_left&#8220; background_repeat=&#8220;repeat&#8220; global_colors_info=&#8220;{}&#8220;][et_pb_column type=&#8220;4_4&#8243; _builder_version=&#8220;4.16&#8243; _module_preset=&#8220;default&#8220; custom_padding=&#8220;|||&#8220; global_colors_info=&#8220;{}&#8220; custom_padding__hover=&#8220;|||&#8220;][et_pb_text admin_label=&#8220;Title &#8220; _builder_version=&#8220;4.17.0&#8243; _module_preset=&#8220;default&#8220; text_font=&#8220;|700|||||||&#8220; text_text_color=&#8220;#FFFFFF&#8220; text_font_size=&#8220;2.5em&#8220; text_line_height=&#8220;1.8em&#8220; header_font=&#8220;Fredoka One||||||||&#8220; header_text_color=&#8220;#FFFFFF&#8220; header_font_size=&#8220;52px&#8220; header_line_height=&#8220;1.3em&#8220; text_orientation=&#8220;center&#8220; background_layout=&#8220;dark&#8220; max_width=&#8220;700px&#8220; module_alignment=&#8220;center&#8220; custom_margin=&#8220;||10px|&#8220; animation_style=&#8220;fade&#8220; hover_enabled=&#8220;0&#8243; text_font_size_tablet=&#8220;2em&#8220; text_font_size_phone=&#8220;2em&#8220; text_font_size_last_edited=&#8220;on|desktop&#8220; text_text_shadow_style=&#8220;preset3&#8243; text_text_shadow_color=&#8220;#000000&#8243; global_colors_info=&#8220;{}&#8220; sticky_enabled=&#8220;0&#8243;]<\/p>\n<h1><strong>Das Geheimnis langj\u00e4hriger Paare: Eine Reise durch Erinnerungen und gemeinsame Tr\u00e4ume<\/strong><\/h1>\n<p><em>\u00a0<\/em><\/p>\n<p>[\/et_pb_text][\/et_pb_column][\/et_pb_row][\/et_pb_section][et_pb_section fb_built=&#8220;1&#8243; admin_label=&#8220;Features&#8220; _builder_version=&#8220;4.16&#8243; _module_preset=&#8220;default&#8220; background_color=&#8220;#f2f5f7&#8243; custom_padding=&#8220;100px||120px|||&#8220; global_colors_info=&#8220;{}&#8220;][et_pb_row _builder_version=&#8220;4.17.0&#8243; _module_preset=&#8220;default&#8220; global_colors_info=&#8220;{}&#8220;][et_pb_column type=&#8220;4_4&#8243; _builder_version=&#8220;4.17.0&#8243; _module_preset=&#8220;default&#8220; global_colors_info=&#8220;{}&#8220;][et_pb_text admin_label=&#8220;Title &#8220; _builder_version=&#8220;4.17.0&#8243; _module_preset=&#8220;default&#8220; text_font=&#8220;Nunito||||||||&#8220; text_font_size=&#8220;18px&#8220; text_line_height=&#8220;1.8em&#8220; header_font=&#8220;Fredoka One||||||||&#8220; header_font_size=&#8220;52px&#8220; header_line_height=&#8220;1.3em&#8220; text_orientation=&#8220;center&#8220; background_layout=&#8220;dark&#8220; max_width=&#8220;700px&#8220; module_alignment=&#8220;center&#8220; custom_margin=&#8220;||10px|&#8220; animation_style=&#8220;fade&#8220; hover_enabled=&#8220;0&#8243; global_colors_info=&#8220;{}&#8220; sticky_enabled=&#8220;0&#8243;]<\/p>\n<p><span style=\"color: #000000;\">Eine Beziehung ist wie eine Reise \u2013 sie hat ihre H\u00f6hen und Tiefen, ihre sonnigen Tage und ihre St\u00fcrme. Doch durch alle Jahreszeiten hindurch, vom ersten Fr\u00fchling der Verliebtheit bis zum goldenen Herbst des gemeinsamen Alterns, gibt es Geheimnisse, die Paare zusammenhalten. Werfen wir einen Blick auf diese Reise und entdecken, welche H\u00fcrden in unterschiedlichen Jahren auftreten und wie man sie meistern kann<\/span><\/p>\n<p>[\/et_pb_text][et_pb_divider show_divider=&#8220;off&#8220; _builder_version=&#8220;4.17.0&#8243; _module_preset=&#8220;default&#8220; global_colors_info=&#8220;{}&#8220;][\/et_pb_divider][et_pb_text _builder_version=&#8220;4.17.0&#8243; _module_preset=&#8220;default&#8220; text_font_size=&#8220;1.5em&#8220; hover_enabled=&#8220;0&#8243; global_colors_info=&#8220;{}&#8220; sticky_enabled=&#8220;0&#8243;]<\/p>\n<h3 style=\"text-align: center;\"><strong>Die ersten Jahre: Die Zeit der Entdeckung<\/strong><\/h3>\n<p>[\/et_pb_text][\/et_pb_column][\/et_pb_row][et_pb_row column_structure=&#8220;1_2,1_2&#8243; _builder_version=&#8220;4.17.0&#8243; _module_preset=&#8220;default&#8220; global_colors_info=&#8220;{}&#8220;][et_pb_column type=&#8220;1_2&#8243; _builder_version=&#8220;4.17.0&#8243; _module_preset=&#8220;default&#8220; global_colors_info=&#8220;{}&#8220;][et_pb_image src=&#8220;https:\/\/beziehungstricks.de\/wp-content\/uploads\/2023\/09\/beziehungstricks.de-missverstaendnis-in-einer-beziehung.jpg&#8220; alt=&#8220;beziehungstricks.de missverstaendnis in einer beziehung&#8220; title_text=&#8220;beziehungstricks.de missverstaendnis in einer beziehung&#8220; _builder_version=&#8220;4.17.0&#8243; _module_preset=&#8220;default&#8220; global_colors_info=&#8220;{}&#8220;][\/et_pb_image][\/et_pb_column][et_pb_column type=&#8220;1_2&#8243; _builder_version=&#8220;4.17.0&#8243; _module_preset=&#8220;default&#8220; global_colors_info=&#8220;{}&#8220;][et_pb_text admin_label=&#8220;Title &#8220; _builder_version=&#8220;4.17.0&#8243; _module_preset=&#8220;default&#8220; text_font=&#8220;Nunito||||||||&#8220; text_font_size=&#8220;18px&#8220; text_line_height=&#8220;1.8em&#8220; header_font=&#8220;Fredoka One||||||||&#8220; header_font_size=&#8220;52px&#8220; header_line_height=&#8220;1.3em&#8220; text_orientation=&#8220;center&#8220; background_layout=&#8220;dark&#8220; max_width=&#8220;700px&#8220; module_alignment=&#8220;center&#8220; custom_margin=&#8220;||10px|&#8220; animation_style=&#8220;fade&#8220; hover_enabled=&#8220;0&#8243; global_colors_info=&#8220;{}&#8220; sticky_enabled=&#8220;0&#8243;]<\/p>\n<p><span style=\"color: #000000;\">In den Anfangsjahren einer Beziehung erkunden Paare einander. Es ist eine Zeit des Kennenlernens, der Schmetterlinge im Bauch und des gemeinsamen Erlebens von \u201eersten Malen\u201c. Doch w\u00e4hrend dieser romantischen Phase k\u00f6nnen auch die ersten H\u00fcrden auftreten: Kommunikationsprobleme, unterschiedliche Erwartungen oder Konflikte \u00fcber Zukunftspl\u00e4ne.<\/span><\/p>\n<p><span style=\"color: #000000;\"><strong>Kleiner Tipp:<\/strong> Offene Kommunikation ist der Schl\u00fcssel. H\u00f6ren Sie wirklich zu und versuchen Sie, Ihren Partner ohne Urteil zu verstehen.<\/span><\/p>\n<p>[\/et_pb_text][et_pb_text _builder_version=&#8220;4.17.0&#8243; _module_preset=&#8220;default&#8220; global_colors_info=&#8220;{}&#8220;][\/et_pb_text][\/et_pb_column][\/et_pb_row][\/et_pb_section][et_pb_section fb_built=&#8220;1&#8243; prev_background_color=&#8220;#f2f5f7&#8243; admin_label=&#8220;Services&#8220; _builder_version=&#8220;4.17.0&#8243; _module_preset=&#8220;default&#8220; background_color=&#8220;#88C4DD&#8220; background_enable_image=&#8220;off&#8220; background_size=&#8220;initial&#8220; background_blend=&#8220;overlay&#8220; custom_padding=&#8220;120px||120px|&#8220; top_divider_style=&#8220;wave&#8220; top_divider_height=&#8220;106px&#8220; global_colors_info=&#8220;{}&#8220;][et_pb_row _builder_version=&#8220;4.17.0&#8243; _module_preset=&#8220;default&#8220; custom_padding=&#8220;60px|||||&#8220; global_colors_info=&#8220;{}&#8220;][et_pb_column type=&#8220;4_4&#8243; _builder_version=&#8220;4.17.0&#8243; _module_preset=&#8220;default&#8220; global_colors_info=&#8220;{}&#8220;][et_pb_text admin_label=&#8220;Title &#8220; _builder_version=&#8220;4.17.0&#8243; _module_preset=&#8220;default&#8220; text_font=&#8220;Nunito||||||||&#8220; text_font_size=&#8220;18px&#8220; text_line_height=&#8220;1.8em&#8220; header_font=&#8220;Fredoka One||||||||&#8220; header_font_size=&#8220;52px&#8220; header_line_height=&#8220;1.3em&#8220; text_orientation=&#8220;center&#8220; background_layout=&#8220;dark&#8220; max_width=&#8220;700px&#8220; module_alignment=&#8220;center&#8220; custom_margin=&#8220;||10px|&#8220; animation_style=&#8220;fade&#8220; hover_enabled=&#8220;0&#8243; global_colors_info=&#8220;{}&#8220; sticky_enabled=&#8220;0&#8243;]<\/p>\n<h3><span style=\"color: #000000;\"><strong>Das mittlere Stadium: Routine und Vertrautheit<\/strong><\/span><\/h3>\n<p><span style=\"color: #000000;\">Nachdem die ersten Jahre vor\u00fcber sind, setzen sich Paare oft in einer Routine fest. Das Leben kann sich wiederholen, und der Alltag kann manchmal erdr\u00fcckend wirken. In dieser Phase sind Herausforderungen wie Karrierever\u00e4nderungen, finanzielle Probleme oder die Geburt von Kindern h\u00e4ufig.<\/span><\/p>\n<p><span style=\"color: #000000;\"><strong>Kleiner Tipp:<\/strong> Integrieren Sie regelm\u00e4\u00dfige &#8222;Date Nights&#8220; in Ihre Routine. Diese kleinen Ausbr\u00fcche aus dem Alltag k\u00f6nnen helfen, die Romantik am Leben zu erhalten und die Verbindung zu st\u00e4rken.<\/span><\/p>\n<p>[\/et_pb_text][et_pb_text admin_label=&#8220;Title &#8220; _builder_version=&#8220;4.17.0&#8243; _module_preset=&#8220;default&#8220; text_font=&#8220;Nunito||||||||&#8220; text_font_size=&#8220;18px&#8220; text_line_height=&#8220;1.8em&#8220; header_font=&#8220;Fredoka One||||||||&#8220; header_font_size=&#8220;52px&#8220; header_line_height=&#8220;1.3em&#8220; text_orientation=&#8220;center&#8220; background_layout=&#8220;dark&#8220; max_width=&#8220;700px&#8220; module_alignment=&#8220;center&#8220; custom_margin=&#8220;||10px|&#8220; animation_style=&#8220;fade&#8220; hover_enabled=&#8220;0&#8243; global_colors_info=&#8220;{}&#8220; sticky_enabled=&#8220;0&#8243;]<\/p>\n<h2><\/h2>\n<h2><\/h2>\n<h2><\/h2>\n<h2><\/h2>\n<h3><span style=\"color: #000000;\"><strong>Die sp\u00e4teren Jahre: Vertiefte Bindung<\/strong><\/span><\/h3>\n<p><span style=\"color: #000000;\">In den sp\u00e4teren Jahren einer Beziehung haben viele Paare gemeinsam viel durchgemacht. Sie teilen Erinnerungen, haben gemeinsame Freunde und vielleicht eine Familie. Doch auch hier k\u00f6nnen H\u00fcrden auftreten, etwa gesundheitliche Probleme oder das sogenannte &#8222;leere Nest&#8220;-Syndrom, wenn Kinder ausziehen.<\/span><\/p>\n<p><span style=\"color: #000000;\"><strong>Kleiner Tipp:<\/strong> Finden Sie gemeinsame Hobbies und Interessen, die Sie zusammen verfolgen k\u00f6nnen. Dies kann helfen, die Bindung zu vertiefen und neuen Schwung in die Beziehung zu bringen.<\/span><\/p>\n<p><span style=\"color: #000000;\">In jeder dieser Phasen k\u00f6nnen die kleinen Dinge, die Erinnerungen und die gemeinsamen Tr\u00e4ume, eine gro\u00dfe Rolle spielen. Ein innovatives Produkt, das hierbei helfen kann, ist ein besonderes Armband von Infinity Moments. Dieses Armband bietet Paaren die M\u00f6glichkeit, ihre wertvollsten Momente festzuhalten, Erinnerungen zu teilen und gemeinsam in die Zukunft zu blicken.<\/span><\/p>\n<p><span style=\"color: #000000;\">Durch H\u00f6hen und Tiefen, durch alle Jahreszeiten einer Beziehung hindurch, kann dieses Armband dazu beitragen, das Band zwischen zwei Menschen zu st\u00e4rken und sie daran zu erinnern, warum sie die Reise \u00fcberhaupt begonnen haben.<\/span><\/p>\n<p><span style=\"color: #000000;\">Das Geheimnis langj\u00e4hriger Paare liegt also nicht nur in der Liebe selbst, sondern auch darin, wie sie ihre gemeinsame Reise dokumentieren, ihre Tr\u00e4ume teilen und sich st\u00e4ndig daran erinnern, warum sie zusammen sind.<\/span><\/p>\n<p>[\/et_pb_text][et_pb_text admin_label=&#8220;Title &#8220; _builder_version=&#8220;4.17.0&#8243; _module_preset=&#8220;default&#8220; text_font=&#8220;Nunito||||||||&#8220; text_font_size=&#8220;18px&#8220; text_line_height=&#8220;1.8em&#8220; header_font=&#8220;Fredoka One||||||||&#8220; header_font_size=&#8220;52px&#8220; header_line_height=&#8220;1.3em&#8220; text_orientation=&#8220;center&#8220; background_layout=&#8220;dark&#8220; max_width=&#8220;700px&#8220; module_alignment=&#8220;center&#8220; custom_margin=&#8220;||10px|&#8220; animation_style=&#8220;fade&#8220; hover_enabled=&#8220;0&#8243; global_colors_info=&#8220;{}&#8220; sticky_enabled=&#8220;0&#8243;]<\/p>\n<h2><\/h2>\n<h2><\/h2>\n<h2><\/h2>\n<h2><\/h2>\n<h3 style=\"text-align: center;\"><span style=\"color: #000000;\"><strong>Schlussgedanken\u00a0<\/strong><\/span><\/h3>\n<p><span style=\"color: #000000;\">Der Lebensweg, den zwei Menschen gemeinsam gehen, ist weit mehr als die Summe ihrer individuellen Erlebnisse. Jede Beziehung ist eine st\u00e4ndige Evolution, ein dynamisches Wechselspiel zwischen zwei Seelen, die zusammenwachsen, sich weiterentwickeln und dabei immer tiefer miteinander verwoben sind. Der Wert einer Beziehung ist nicht immer sofort erkennbar, doch mit der Zeit und dem richtigen Einsatz wird er unermesslich.<\/span><\/p>\n<p><span style=\"color: #000000;\">Viele Paare heutzutage sind auf der Suche nach dem &#8222;perfekten Moment&#8220;, dem euphorischen Hoch, das durch romantische Filme und Literatur idealisiert wird. Doch wahre Liebe und Bindung entstehen nicht in diesen fl\u00fcchtigen Augenblicken der Ekstase. Sie wachsen in den ruhigen Momenten, in denen wir uns wirklich sehen und h\u00f6ren, in den Zeiten, in denen wir uns unterst\u00fctzen, und ja, sogar in den Konflikten, die uns herausfordern und letztlich st\u00e4rken.<\/span><\/p>\n<p><span style=\"color: #000000;\">Beziehungen sind wie edle Weine. Sie beginnen als rohe, unverarbeitete Substanz, die mit der Zeit reift, sich entwickelt und schlie\u00dflich ihr volles Bouquet entfaltet. Es ist diese Reifung, die eine Beziehung wertvoll macht. Wie bei einem guten Wein erfordert auch eine Beziehung Geduld, Sorgfalt und das richtige Umfeld, um ihr volles Potenzial zu entfalten.<\/span><\/p>\n<p><span style=\"color: #000000;\">Jede Etappe einer Beziehung \u2013 ob es die ersten Jahre des Kennenlernens, die mittleren Jahre der Routine oder die sp\u00e4teren Jahre der vertieften Bindung sind \u2013 hat ihre eigenen Herausforderungen und Freuden. Doch mit jeder gemeisterten Herausforderung, mit jeder \u00fcberwundenen H\u00fcrde, wird die Bindung zwischen den Partnern st\u00e4rker. Es ist wie das Verweben von zwei Seilen zu einem st\u00e4rkeren, unzerbrechlichen Band.<\/span><\/p>\n<p><span style=\"color: #000000;\">Einige denken vielleicht, dass Investition in eine Beziehung bedeutet, st\u00e4ndig gro\u00dfe Gesten der Liebe und Zuneigung zu zeigen. Aber oft sind es die kleinen Dinge, die z\u00e4hlen. Es ist das Zuh\u00f6ren, wenn der andere spricht, das Halten der Hand in schwierigen Zeiten, das Lachen \u00fcber einen gemeinsamen Insider-Witz oder das Erinnern an besondere Momente.<\/span><\/p>\n<p><span style=\"color: #000000;\">Und hier zeigt sich auch der wahre Wert des zuvor erw\u00e4hnten Armbandes. Es mag auf den ersten Blick wie ein einfaches Accessoire erscheinen, aber es repr\u00e4sentiert so viel mehr. Es ist ein st\u00e4ndiger Begleiter durch den Alltag, der uns an all die kleinen und gro\u00dfen Momente erinnert, die wir gemeinsam erlebt haben. Es ist ein Symbol daf\u00fcr, wie wertvoll es ist, in eine Beziehung zu investieren und gemeinsam Erinnerungen zu schaffen.<\/span><\/p>\n<p><span style=\"color: #000000;\">Das Sch\u00f6ne an diesem Armband ist, dass es mit der Zeit wertvoller wird \u2013 genau wie eine Beziehung. Je mehr Erinnerungen, Tr\u00e4ume und W\u00fcnsche Sie darin festhalten, desto kostbarer wird es. Es wird zu einem lebendigen Zeugnis Ihrer gemeinsamen Reise, ein st\u00e4ndiger Reminder an all die M\u00fchen, die investiert wurden, und all die Freuden, die daraus entstanden sind.<\/span><\/p>\n<p><span style=\"color: #000000;\">Als Lena K. kann ich pers\u00f6nlich bezeugen, wie sehr dieses Armband ein Teil unseres Alltags geworden ist. Jedes Mal, wenn ich es betrachte oder ber\u00fchre, werde ich an all die wunderbaren Momente erinnert, die mein Partner und ich gemeinsam geteilt haben. Es erinnert mich daran, dass wahre Liebe Zeit, Geduld und Anstrengung erfordert, und dass diese Investition es wert ist.<\/span><\/p>\n<p><span style=\"color: #000000;\">Abschlie\u00dfend m\u00f6chte ich betonen, dass der Wert einer Beziehung nicht in materiellen Dingen gemessen wird, sondern in den gemeinsamen Erlebnissen, den geteilten Tr\u00e4umen und den \u00fcberwundenen Herausforderungen. Es sind diese Elemente, die mit der Zeit eine Beziehung st\u00e4rken und ihr Tiefe verleihen. Und mit Hilfsmitteln wie dem Armband k\u00f6nnen wir uns t\u00e4glich an diesen Wert erinnern und ihn feiern. Jede Investition in Liebe, Zeit und M\u00fche zahlt sich aus, und das Ergebnis ist ein unzerbrechliches Band, das zwei Menschen f\u00fcr immer verbindet.<\/span><\/p>\n<p>[\/et_pb_text][\/et_pb_column][\/et_pb_row][et_pb_row _builder_version=&#8220;4.16&#8243; _module_preset=&#8220;default&#8220; custom_margin=&#8220;30px|||&#8220; global_colors_info=&#8220;{}&#8220;][et_pb_column type=&#8220;4_4&#8243; _builder_version=&#8220;4.16&#8243; _module_preset=&#8220;default&#8220; custom_padding=&#8220;|||&#8220; global_colors_info=&#8220;{}&#8220; custom_padding__hover=&#8220;|||&#8220;][et_pb_divider color=&#8220;rgba(255,255,255,0.5)&#8220; divider_weight=&#8220;4px&#8220; _builder_version=&#8220;4.16&#8243; _module_preset=&#8220;default&#8220; max_width=&#8220;60px&#8220; max_width_tablet=&#8220;11%&#8220; max_width_last_edited=&#8220;off|desktop&#8220; module_alignment=&#8220;center&#8220; height=&#8220;4px&#8220; animation_style=&#8220;slide&#8220; animation_direction=&#8220;top&#8220; animation_intensity_slide=&#8220;5%&#8220; animation_starting_opacity=&#8220;100%&#8220; global_colors_info=&#8220;{}&#8220;][\/et_pb_divider][\/et_pb_column][\/et_pb_row][et_pb_row _builder_version=&#8220;4.17.0&#8243; _module_preset=&#8220;default&#8220; global_colors_info=&#8220;{}&#8220;][et_pb_column type=&#8220;4_4&#8243; _builder_version=&#8220;4.17.0&#8243; _module_preset=&#8220;default&#8220; global_colors_info=&#8220;{}&#8220;][et_pb_text _builder_version=&#8220;4.17.0&#8243; _module_preset=&#8220;default&#8220; hover_enabled=&#8220;0&#8243; sticky_enabled=&#8220;0&#8243;]<\/p>\n<p style=\"text-align: center;\"><span style=\"color: #ffffff;\">Quellen:<\/span><\/p>\n<p style=\"text-align: center;\"><span style=\"color: #ffffff;\">Finkel, E. J. (2017). The All-or-Nothing Marriage: How the Best Marriages Work. Dutton<\/span><\/p>\n<p style=\"text-align: center;\"><span style=\"color: #ffffff;\">Gottman, J. M., &amp; Silver, N. (1999). The Seven Principles for Making Marriage Work. Crown.<\/span><\/p>\n<p style=\"text-align: center;\"><strong><span style=\"color: #0000ff;\"><a href=\"https:\/\/infinity-moments.com\/\" style=\"color: #0000ff;\"><\/a><\/span><\/strong><\/p>\n<p style=\"text-align: center;\"><span style=\"color: #ffffff;\">Link zu den Armb\u00e4ndern und Informationen \u00a0<\/span><strong><span style=\"color: #0000ff;\"><a href=\"https:\/\/infinity-moments.com\/\" style=\"color: #0000ff;\">Infinity Moments\u00a0<\/a><\/span><\/strong><\/p>\n<p>[\/et_pb_text][\/et_pb_column][\/et_pb_row][\/et_pb_section]<\/p>\n","protected":false},"excerpt":{"rendered":"<p>Das Geheimnis langj\u00e4hriger Paare: Eine Reise durch Erinnerungen und gemeinsame Tr\u00e4ume \u00a0Eine Beziehung ist wie eine Reise \u2013 sie hat ihre H\u00f6hen und Tiefen, ihre sonnigen Tage und ihre St\u00fcrme. Doch durch alle Jahreszeiten hindurch, vom ersten Fr\u00fchling der Verliebtheit bis zum goldenen Herbst des gemeinsamen Alterns, gibt es Geheimnisse, die Paare zusammenhalten. Werfen wir [&hellip;]<\/p>\n","protected":false},"author":1,"featured_media":0,"parent":0,"menu_order":0,"comment_status":"closed","ping_status":"closed","template":"","meta":{"_et_pb_use_builder":"on","_et_pb_old_content":"","_et_gb_content_width":"","footnotes":""},"_links":{"self":[{"href":"https:\/\/beziehungstricks.de\/index.php?rest_route=\/wp\/v2\/pages\/143"}],"collection":[{"href":"https:\/\/beziehungstricks.de\/index.php?rest_route=\/wp\/v2\/pages"}],"about":[{"href":"https:\/\/beziehungstricks.de\/index.php?rest_route=\/wp\/v2\/types\/page"}],"author":[{"embeddable":true,"href":"https:\/\/beziehungstricks.de\/index.php?rest_route=\/wp\/v2\/users\/1"}],"replies":[{"embeddable":true,"href":"https:\/\/beziehungstricks.de\/index.php?rest_route=%2Fwp%2Fv2%2Fcomments&post=143"}],"version-history":[{"count":4,"href":"https:\/\/beziehungstricks.de\/index.php?rest_route=\/wp\/v2\/pages\/143\/revisions"}],"predecessor-version":[{"id":152,"href":"https:\/\/beziehungstricks.de\/index.php?rest_route=\/wp\/v2\/pages\/143\/revisions\/152"}],"wp:attachment":[{"href":"https:\/\/beziehungstricks.de\/index.php?rest_route=%2Fwp%2Fv2%2Fmedia&parent=143"}],"curies":[{"name":"wp","href":"https:\/\/api.w.org\/{rel}","templated":true}]}}