{"id":133,"date":"2023-09-10T09:37:25","date_gmt":"2023-09-10T07:37:25","guid":{"rendered":"https:\/\/beziehungstricks.de\/?page_id=133"},"modified":"2023-09-10T10:11:59","modified_gmt":"2023-09-10T08:11:59","slug":"beziehungen-nach-einem-betrug-wieder-aufbauen-ein-weg-zurueck-zum-vertrauen","status":"publish","type":"page","link":"https:\/\/beziehungstricks.de\/?page_id=133","title":{"rendered":"Beziehungen nach einem Betrug wieder aufbauen: Ein Weg zur\u00fcck zum Vertrauen"},"content":{"rendered":"<p>[et_pb_section fb_built=&#8220;1&#8243; next_background_color=&#8220;#f2f5f7&#8243; admin_label=&#8220;Hero&#8220; _builder_version=&#8220;4.17.0&#8243; _module_preset=&#8220;default&#8220; background_enable_color=&#8220;off&#8220; background_image=&#8220;https:\/\/beziehungstricks.de\/wp-content\/uploads\/2023\/09\/beziehungstricks.de-Beziehungen-nach-einem-Betrug-wieder-aufbauen_.jpg&#8220; custom_padding=&#8220;120px||240px|||&#8220; bottom_divider_style=&#8220;wave2&#8243; bottom_divider_height=&#8220;150px&#8220; hover_enabled=&#8220;0&#8243; global_colors_info=&#8220;{}&#8220; alt=&#8220;beziehungstricks.de Beziehungen nach einem Betrug wieder aufbauen_&#8220; title_text=&#8220;beziehungstricks.de Beziehungen nach einem Betrug wieder aufbauen_&#8220; sticky_enabled=&#8220;0&#8243;][et_pb_row _builder_version=&#8220;4.16&#8243; _module_preset=&#8220;default&#8220; background_size=&#8220;initial&#8220; background_position=&#8220;top_left&#8220; background_repeat=&#8220;repeat&#8220; global_colors_info=&#8220;{}&#8220;][et_pb_column type=&#8220;4_4&#8243; _builder_version=&#8220;4.16&#8243; _module_preset=&#8220;default&#8220; custom_padding=&#8220;|||&#8220; global_colors_info=&#8220;{}&#8220; custom_padding__hover=&#8220;|||&#8220;][et_pb_text admin_label=&#8220;Title &#8220; _builder_version=&#8220;4.17.0&#8243; _module_preset=&#8220;default&#8220; text_font=&#8220;|700|||||||&#8220; text_text_color=&#8220;#FFFFFF&#8220; text_font_size=&#8220;2.5em&#8220; text_line_height=&#8220;1.8em&#8220; header_font=&#8220;Fredoka One||||||||&#8220; header_text_color=&#8220;#FFFFFF&#8220; header_font_size=&#8220;52px&#8220; header_line_height=&#8220;1.3em&#8220; text_orientation=&#8220;center&#8220; background_layout=&#8220;dark&#8220; max_width=&#8220;700px&#8220; module_alignment=&#8220;center&#8220; custom_margin=&#8220;||10px|&#8220; animation_style=&#8220;fade&#8220; hover_enabled=&#8220;0&#8243; text_font_size_tablet=&#8220;2em&#8220; text_font_size_phone=&#8220;2em&#8220; text_font_size_last_edited=&#8220;on|desktop&#8220; text_text_shadow_style=&#8220;preset3&#8243; text_text_shadow_color=&#8220;#000000&#8243; global_colors_info=&#8220;{}&#8220; sticky_enabled=&#8220;0&#8243;]<\/p>\n<h1><strong>Beziehungen nach einem Betrug wieder aufbauen: Ein Weg zur\u00fcck zum Vertrauen<\/strong><span> <\/span><\/h1>\n<p><em>\u00a0<\/em><\/p>\n<p>[\/et_pb_text][\/et_pb_column][\/et_pb_row][\/et_pb_section][et_pb_section fb_built=&#8220;1&#8243; admin_label=&#8220;Features&#8220; _builder_version=&#8220;4.16&#8243; _module_preset=&#8220;default&#8220; background_color=&#8220;#f2f5f7&#8243; custom_padding=&#8220;100px||120px|||&#8220; global_colors_info=&#8220;{}&#8220;][et_pb_row _builder_version=&#8220;4.17.0&#8243; _module_preset=&#8220;default&#8220; global_colors_info=&#8220;{}&#8220;][et_pb_column type=&#8220;4_4&#8243; _builder_version=&#8220;4.17.0&#8243; _module_preset=&#8220;default&#8220; global_colors_info=&#8220;{}&#8220;][et_pb_text admin_label=&#8220;Title &#8220; _builder_version=&#8220;4.17.0&#8243; _module_preset=&#8220;default&#8220; text_font=&#8220;Nunito||||||||&#8220; text_font_size=&#8220;18px&#8220; text_line_height=&#8220;1.8em&#8220; header_font=&#8220;Fredoka One||||||||&#8220; header_font_size=&#8220;52px&#8220; header_line_height=&#8220;1.3em&#8220; text_orientation=&#8220;center&#8220; background_layout=&#8220;dark&#8220; max_width=&#8220;700px&#8220; module_alignment=&#8220;center&#8220; custom_margin=&#8220;||10px|&#8220; animation_style=&#8220;fade&#8220; hover_enabled=&#8220;0&#8243; global_colors_info=&#8220;{}&#8220; sticky_enabled=&#8220;0&#8243;]<\/p>\n<p><span style=\"color: #000000;\">Ein unsichtbares Band, gewoben aus Vertrauen und Verst\u00e4ndnis, verbindet zwei Menschen in einer Beziehung. Wenn dieses Band durch einen Betrug zerrissen wird, ist der Schmerz intensiv und beinahe greifbar. Doch kann dieses Band je wiederhergestellt werden?<\/span><\/p>\n<p>[\/et_pb_text][et_pb_divider show_divider=&#8220;off&#8220; _builder_version=&#8220;4.17.0&#8243; _module_preset=&#8220;default&#8220; global_colors_info=&#8220;{}&#8220;][\/et_pb_divider][et_pb_text _builder_version=&#8220;4.17.0&#8243; _module_preset=&#8220;default&#8220; text_font_size=&#8220;1.5em&#8220; hover_enabled=&#8220;0&#8243; global_colors_info=&#8220;{}&#8220; sticky_enabled=&#8220;0&#8243;]<\/p>\n<h2 style=\"text-align: center;\">Alltag nach dem nach dem Seitensprung?<\/h2>\n<p>[\/et_pb_text][\/et_pb_column][\/et_pb_row][et_pb_row column_structure=&#8220;1_2,1_2&#8243; _builder_version=&#8220;4.17.0&#8243; _module_preset=&#8220;default&#8220; global_colors_info=&#8220;{}&#8220;][et_pb_column type=&#8220;1_2&#8243; _builder_version=&#8220;4.17.0&#8243; _module_preset=&#8220;default&#8220; global_colors_info=&#8220;{}&#8220;][et_pb_image src=&#8220;https:\/\/beziehungstricks.de\/wp-content\/uploads\/2023\/09\/beziehungstricks.de-missverstaendnis-in-einer-beziehung.jpg&#8220; alt=&#8220;beziehungstricks.de missverstaendnis in einer beziehung&#8220; title_text=&#8220;beziehungstricks.de missverstaendnis in einer beziehung&#8220; _builder_version=&#8220;4.17.0&#8243; _module_preset=&#8220;default&#8220; global_colors_info=&#8220;{}&#8220;][\/et_pb_image][\/et_pb_column][et_pb_column type=&#8220;1_2&#8243; _builder_version=&#8220;4.17.0&#8243; _module_preset=&#8220;default&#8220; global_colors_info=&#8220;{}&#8220;][et_pb_text admin_label=&#8220;Title &#8220; _builder_version=&#8220;4.17.0&#8243; _module_preset=&#8220;default&#8220; text_font=&#8220;Nunito||||||||&#8220; text_font_size=&#8220;18px&#8220; text_line_height=&#8220;1.8em&#8220; header_font=&#8220;Fredoka One||||||||&#8220; header_font_size=&#8220;52px&#8220; header_line_height=&#8220;1.3em&#8220; text_orientation=&#8220;center&#8220; background_layout=&#8220;dark&#8220; max_width=&#8220;700px&#8220; module_alignment=&#8220;center&#8220; custom_margin=&#8220;||10px|&#8220; animation_style=&#8220;fade&#8220; hover_enabled=&#8220;0&#8243; global_colors_info=&#8220;{}&#8220; sticky_enabled=&#8220;0&#8243;]<\/p>\n<p><span style=\"color: #000000;\">Stellen Sie sich vor, Sie kommen nach Hause und finden heraus, dass Ihr Partner Sie betrogen hat. Dieses ersch\u00fctternde Erlebnis zieht den Boden unter Ihren F\u00fc\u00dfen weg. Pl\u00f6tzliche Gef\u00fchle von Wut, Entt\u00e4uschung, Verwirrung und Selbstzweifel \u00fcberschwemmen Sie.<\/span><\/p>\n<p><span style=\"color: #000000;\">Einige Studien zeigen, dass Betrug zu den traumatischsten Erfahrungen geh\u00f6rt, die jemand in einer Beziehung durchmachen kann<sup><a href=\"https:\/\/chat.openai.com\/c\/d73889a3-9056-48c4-ad18-91f2e87ba4ec#user-content-fn-1%5E\" id=\"user-content-fnref-1%5E\" data-footnote-ref=\"true\" aria-describedby=\"footnote-label\" target=\"_new\" style=\"color: #000000;\" rel=\"noopener\">1<\/a><\/sup>. Es ist nicht nur der physische Akt des Betrugs, der verletzt, sondern auch das verlorene Vertrauen, das gebrochene Versprechen und das Gef\u00fchl des Verlusts.<\/span><\/p>\n<p>[\/et_pb_text][et_pb_text _builder_version=&#8220;4.17.0&#8243; _module_preset=&#8220;default&#8220; global_colors_info=&#8220;{}&#8220;][\/et_pb_text][\/et_pb_column][\/et_pb_row][\/et_pb_section][et_pb_section fb_built=&#8220;1&#8243; prev_background_color=&#8220;#f2f5f7&#8243; admin_label=&#8220;Services&#8220; _builder_version=&#8220;4.17.0&#8243; _module_preset=&#8220;default&#8220; background_color=&#8220;#88C4DD&#8220; background_enable_image=&#8220;off&#8220; background_size=&#8220;initial&#8220; background_blend=&#8220;overlay&#8220; custom_padding=&#8220;120px||120px|&#8220; top_divider_style=&#8220;wave&#8220; top_divider_height=&#8220;106px&#8220; global_colors_info=&#8220;{}&#8220;][et_pb_row _builder_version=&#8220;4.17.0&#8243; _module_preset=&#8220;default&#8220; custom_padding=&#8220;60px|||||&#8220; global_colors_info=&#8220;{}&#8220;][et_pb_column type=&#8220;4_4&#8243; _builder_version=&#8220;4.17.0&#8243; _module_preset=&#8220;default&#8220; global_colors_info=&#8220;{}&#8220;][et_pb_text admin_label=&#8220;Title &#8220; _builder_version=&#8220;4.17.0&#8243; _module_preset=&#8220;default&#8220; text_font=&#8220;Nunito||||||||&#8220; text_font_size=&#8220;18px&#8220; text_line_height=&#8220;1.8em&#8220; header_font=&#8220;Fredoka One||||||||&#8220; header_font_size=&#8220;52px&#8220; header_line_height=&#8220;1.3em&#8220; text_orientation=&#8220;center&#8220; background_layout=&#8220;dark&#8220; max_width=&#8220;700px&#8220; module_alignment=&#8220;center&#8220; custom_margin=&#8220;||10px|&#8220; animation_style=&#8220;fade&#8220; hover_enabled=&#8220;0&#8243; global_colors_info=&#8220;{}&#8220; sticky_enabled=&#8220;0&#8243;]<\/p>\n<h3><span style=\"color: #000000;\"><strong>Ein Gro\u00dfteil der Paare, die einen Betrug erlebt haben, berichten von \u00e4hnlichen Problemen:<\/strong><\/span><\/h3>\n<p><span style=\"color: #000000;\"><strong><\/strong><\/span><\/p>\n<p><span style=\"color: #000000;\"><strong>1. Verlust des Vertrauens<\/strong>: Das Vertrauen, das einmal so selbstverst\u00e4ndlich war, ist verschwunden.<\/span><\/p>\n<p><span style=\"color: #000000;\"><strong>2. Kommunikationsschwierigkeiten<\/strong>: Das Paar findet es schwierig, offen \u00fcber das Geschehene zu sprechen.<\/span><\/p>\n<p><span style=\"color: #000000;\"><strong>3. Schuldgef\u00fchle und Selbstzweifel<\/strong>: Der betrogene Partner fragt sich, ob er irgendwie schuld ist oder ob er h\u00e4tte etwas anders machen k\u00f6nnen.<\/span><\/p>\n<p>[\/et_pb_text][et_pb_text admin_label=&#8220;Title &#8220; _builder_version=&#8220;4.17.0&#8243; _module_preset=&#8220;default&#8220; text_font=&#8220;Nunito||||||||&#8220; text_font_size=&#8220;18px&#8220; text_line_height=&#8220;1.8em&#8220; header_font=&#8220;Fredoka One||||||||&#8220; header_font_size=&#8220;52px&#8220; header_line_height=&#8220;1.3em&#8220; text_orientation=&#8220;center&#8220; background_layout=&#8220;dark&#8220; max_width=&#8220;700px&#8220; module_alignment=&#8220;center&#8220; custom_margin=&#8220;||10px|&#8220; animation_style=&#8220;fade&#8220; hover_enabled=&#8220;0&#8243; global_colors_info=&#8220;{}&#8220; sticky_enabled=&#8220;0&#8243;]<\/p>\n<h2><\/h2>\n<h2><\/h2>\n<h2><\/h2>\n<h2><\/h2>\n<p><strong><span style=\"color: #000000;\">L\u00f6sungsans\u00e4tze zusammen gefasst<\/span><\/strong><\/p>\n<p><span style=\"color: #000000;\">W\u00e4hrend die Wunden, die ein Betrug hinterl\u00e4sst, tief sind, ist es nicht unm\u00f6glich, die Beziehung wieder aufzubauen. Hier sind einige Vorschl\u00e4ge zusammengfasst (ich gehe gleich noch weiter darauf ein):<\/span><\/p>\n<p><span style=\"color: #000000;\"><strong>Professionelle Hilfe in Anspruch nehmen<\/strong>: Ein Therapeut oder Berater kann helfen, die Kommunikation wiederherzustellen und Wege zu finden, das Vertrauen wieder aufzubauen<sup><a href=\"https:\/\/chat.openai.com\/c\/d73889a3-9056-48c4-ad18-91f2e87ba4ec#user-content-fn-2%5E\" id=\"user-content-fnref-2%5E\" data-footnote-ref=\"true\" aria-describedby=\"footnote-label\" target=\"_new\" style=\"color: #000000;\" rel=\"noopener\">2<\/a><\/sup>.<\/span><\/p>\n<p><span style=\"color: #000000;\"><strong>Offene Kommunikation<\/strong>: Beide Partner m\u00fcssen bereit sein, offen \u00fcber den Betrug und ihre Gef\u00fchle zu sprechen.<\/span><\/p>\n<p><span style=\"color: #000000;\"><strong>Zeit<\/strong>: Die Heilung braucht Zeit. Es ist wichtig zu akzeptieren, dass die Dinge nicht \u00fcber Nacht besser werden.<\/span><\/p>\n<p>[\/et_pb_text][\/et_pb_column][\/et_pb_row][et_pb_row _builder_version=&#8220;4.16&#8243; _module_preset=&#8220;default&#8220; custom_margin=&#8220;30px|||&#8220; global_colors_info=&#8220;{}&#8220;][et_pb_column type=&#8220;4_4&#8243; _builder_version=&#8220;4.16&#8243; _module_preset=&#8220;default&#8220; custom_padding=&#8220;|||&#8220; global_colors_info=&#8220;{}&#8220; custom_padding__hover=&#8220;|||&#8220;][et_pb_divider color=&#8220;rgba(255,255,255,0.5)&#8220; divider_weight=&#8220;4px&#8220; _builder_version=&#8220;4.16&#8243; _module_preset=&#8220;default&#8220; max_width=&#8220;60px&#8220; max_width_tablet=&#8220;11%&#8220; max_width_last_edited=&#8220;off|desktop&#8220; module_alignment=&#8220;center&#8220; height=&#8220;4px&#8220; animation_style=&#8220;slide&#8220; animation_direction=&#8220;top&#8220; animation_intensity_slide=&#8220;5%&#8220; animation_starting_opacity=&#8220;100%&#8220; global_colors_info=&#8220;{}&#8220;][\/et_pb_divider][et_pb_text admin_label=&#8220;Title &#8220; _builder_version=&#8220;4.17.0&#8243; _module_preset=&#8220;default&#8220; text_font=&#8220;Nunito||||||||&#8220; text_font_size=&#8220;18px&#8220; text_line_height=&#8220;1.8em&#8220; header_font=&#8220;Fredoka One||||||||&#8220; header_font_size=&#8220;52px&#8220; header_line_height=&#8220;1.3em&#8220; text_orientation=&#8220;center&#8220; background_layout=&#8220;dark&#8220; max_width=&#8220;700px&#8220; module_alignment=&#8220;center&#8220; custom_margin=&#8220;||10px|&#8220; animation_style=&#8220;fade&#8220; hover_enabled=&#8220;0&#8243; global_colors_info=&#8220;{}&#8220; sticky_enabled=&#8220;0&#8243;]<\/p>\n<h3><span style=\"color: #000000;\">N\u00f6tige Schritte, um eine Beziehung nach einem Betrug zu retten<\/span><\/h3>\n<p><span style=\"color: #000000;\">Die Regeneration einer Beziehung nach einem Betrug ist eine Herausforderung, die sowohl kognitive als auch emotionale Anstrengung erfordert. Der Weg zur Vergebung und zum Wiederaufbau ist komplex und beinhaltet verschiedene Phasen.<\/span><\/p>\n<h4><span style=\"color: #000000;\">1. <strong>Anerkennung des Verrats<\/strong><\/span><\/h4>\n<p><span style=\"color: #000000;\">Der erste Schritt ist die Anerkennung dessen, was passiert ist. Der betr\u00fcgende Partner muss das volle Ausma\u00df seiner Handlungen erkennen und akzeptieren. Statistisch gesehen haben viele Menschen, die betr\u00fcgen, Schwierigkeiten, die Tragweite ihrer Taten zu realisieren, oft aus Scham oder Selbstschutz<sup><a href=\"https:\/\/chat.openai.com\/c\/d73889a3-9056-48c4-ad18-91f2e87ba4ec#user-content-fn-4%5E\" id=\"user-content-fnref-4%5E\" data-footnote-ref=\"true\" aria-describedby=\"footnote-label\" target=\"_new\" style=\"color: #000000;\" rel=\"noopener\">1<\/a><\/sup>.<\/span><\/p>\n<p><span style=\"color: #000000;\">Der betrogene Partner wird sich oftmals fragen: &#8222;Warum?&#8220; Er oder sie f\u00fchlt sich nicht nur von dem Partner verraten, sondern oft auch von sich selbst, ausgel\u00f6st durch Selbstzweifel und Unsicherheit.<\/span><\/p>\n<h4><span style=\"color: #000000;\">2. <strong>Kommunikation ist der Schl\u00fcssel<\/strong><\/span><\/h4>\n<p><span style=\"color: #000000;\">In vielen F\u00e4llen, in denen Paare sich f\u00fcr die Fortsetzung ihrer Beziehung entschieden haben, spielte die offene Kommunikation eine zentrale Rolle<sup><a href=\"https:\/\/chat.openai.com\/c\/d73889a3-9056-48c4-ad18-91f2e87ba4ec#user-content-fn-5%5E\" id=\"user-content-fnref-5%5E\" data-footnote-ref=\"true\" aria-describedby=\"footnote-label\" target=\"_new\" style=\"color: #000000;\" rel=\"noopener\">2<\/a><\/sup>. Der dialogische Austausch erm\u00f6glicht beiden Partnern, ihre Gef\u00fchle, \u00c4ngste und Bedenken zu \u00e4u\u00dfern.<\/span><\/p>\n<p><span style=\"color: #000000;\">Der betr\u00fcgende Partner sollte bereit sein, Fragen ehrlich und offen zu beantworten. Die betrogene Person braucht Klarheit, um den Heilungsprozess zu beginnen.<\/span><\/p>\n<h4><span style=\"color: #000000;\">3. <strong>Verstehen der Ursache<\/strong><\/span><\/h4>\n<p><span style=\"color: #000000;\">Es ist wesentlich zu verstehen, was den Betrug ausgel\u00f6st hat. War es ein Moment der Schw\u00e4che? F\u00fchlte sich einer der Partner vernachl\u00e4ssigt oder ungeliebt? Oft sind es unerf\u00fcllte emotionale Bed\u00fcrfnisse oder tief verwurzelte pers\u00f6nliche Probleme, die zu einem Betrug f\u00fchren k\u00f6nnen<sup><a href=\"https:\/\/chat.openai.com\/c\/d73889a3-9056-48c4-ad18-91f2e87ba4ec#user-content-fn-6%5E\" id=\"user-content-fnref-6%5E\" data-footnote-ref=\"true\" aria-describedby=\"footnote-label\" target=\"_new\" style=\"color: #000000;\" rel=\"noopener\">3<\/a><\/sup>. Das Verst\u00e4ndnis der tieferen Ursachen kann helfen, zuk\u00fcnftige Fehler zu vermeiden.<\/span><\/p>\n<h4><span style=\"color: #000000;\">4. <strong>Therapie und Beratung<\/strong><\/span><\/h4>\n<p><span style=\"color: #000000;\">Paartherapie wird h\u00e4ufig als hilfreiches Instrument betrachtet, um Beziehungen nach einem Betrug wiederherzustellen<sup><a href=\"https:\/\/chat.openai.com\/c\/d73889a3-9056-48c4-ad18-91f2e87ba4ec#user-content-fn-7%5E\" id=\"user-content-fnref-7%5E\" data-footnote-ref=\"true\" aria-describedby=\"footnote-label\" target=\"_new\" style=\"color: #000000;\" rel=\"noopener\">4<\/a><\/sup>. Ein erfahrener Therapeut kann dem Paar helfen, durch den Schmerz zu navigieren, Verst\u00e4ndnis und Empathie zu f\u00f6rdern und Techniken bereitstellen, um das Vertrauen wieder aufzubauen.<\/span><\/p>\n<h4><span style=\"color: #000000;\">5. <strong>Vergebung und Loslassen<\/strong><\/span><\/h4>\n<p><span style=\"color: #000000;\">Vergebung ist ein Prozess, kein einmaliges Ereignis. Es kann Monate oder sogar Jahre dauern, bis der betrogene Partner bereit ist zu vergeben. Aber es ist ein notwendiger Schritt. Das bedeutet nicht, dass man das Geschehene vergisst, sondern dass man entscheidet, nicht l\u00e4nger von Rachegef\u00fchlen oder Bitterkeit beherrscht zu werden.<\/span><\/p>\n<h4><span style=\"color: #000000;\">6. <strong>Neugestaltung der Beziehung<\/strong><\/span><\/h4>\n<p><span style=\"color: #000000;\">Beide Partner m\u00fcssen gemeinsam daran arbeiten, ihre Beziehung neu zu definieren. Das bedeutet, neue Grenzen zu setzen, Erwartungen klar zu definieren und sicherzustellen, dass beide Partner sich in der Beziehung wertgesch\u00e4tzt und geliebt f\u00fchlen.<\/span><\/p>\n<h3><span style=\"color: #000000;\">Schlussfolgerung<\/span><\/h3>\n<p><span style=\"color: #000000;\">Der Betrug ist zweifelsohne ein schwerer Schlag f\u00fcr jede Beziehung. Aber mit Engagement, Zeit und Anstrengung kann das zerbrochene Vertrauen wiederhergestellt werden. Der Prozess ist schmerzhaft und herausfordernd, aber viele Paare finden, dass ihre Beziehung nach der \u00dcberwindung solcher Hindernisse st\u00e4rker und tiefer wird.<\/span><\/p>\n<p>[\/et_pb_text][\/et_pb_column][\/et_pb_row][et_pb_row _builder_version=&#8220;4.17.0&#8243; _module_preset=&#8220;default&#8220; global_colors_info=&#8220;{}&#8220;][et_pb_column type=&#8220;4_4&#8243; _builder_version=&#8220;4.17.0&#8243; _module_preset=&#8220;default&#8220; global_colors_info=&#8220;{}&#8220;][et_pb_text admin_label=&#8220;Title &#8220; _builder_version=&#8220;4.17.0&#8243; _module_preset=&#8220;default&#8220; text_font=&#8220;Nunito||||||||&#8220; text_font_size=&#8220;18px&#8220; text_line_height=&#8220;1.8em&#8220; header_font=&#8220;Fredoka One||||||||&#8220; header_font_size=&#8220;52px&#8220; header_line_height=&#8220;1.3em&#8220; text_orientation=&#8220;center&#8220; background_layout=&#8220;dark&#8220; max_width=&#8220;700px&#8220; module_alignment=&#8220;center&#8220; custom_margin=&#8220;||10px|&#8220; animation_style=&#8220;fade&#8220; hover_enabled=&#8220;0&#8243; global_colors_info=&#8220;{}&#8220; sticky_enabled=&#8220;0&#8243;]<\/p>\n<h3><\/h3>\n<h3><\/h3>\n<h3><\/h3>\n<h3><\/h3>\n<p><strong><span style=\"color: #000000;\">Schlussgedanken<\/span><\/strong><\/p>\n<h3><strong><span style=\"color: #000000;\">Der m\u00fchsame Weg des Wiederaufbaus: Warum sich die Anstrengung lohnen kann<\/span><\/strong><\/h3>\n<p><span style=\"color: #000000;\">Der Schock und der Schmerz, der sich nach dem Aufdecken eines Betrugs einstellt, ist oft l\u00e4hmend. Der Gedanke, durch den Prozess der Heilung und des Wiederaufbaus der Beziehung zu gehen, kann \u00fcberw\u00e4ltigend erscheinen. Ist es den Aufwand wert? K\u00f6nnen die Wunden wirklich heilen? Dies sind berechtigte Fragen, und w\u00e4hrend es keine Einheitsantwort gibt, haben viele Paare festgestellt, dass das Durchhalten trotz aller Schwierigkeiten zu einer st\u00e4rkeren und tieferen Bindung f\u00fchren kann.<\/span><\/p>\n<p><span style=\"color: #000000;\"><strong>Gemeinsames Wachstum<\/strong><\/span><\/p>\n<p><span style=\"color: #000000;\">Wenn man den Schmerz \u00fcberwindet und sich dem Wiederaufbau widmet, gibt es f\u00fcr beide Partner eine Gelegenheit zum pers\u00f6nlichen und gemeinsamen Wachstum. Ein Betrug kann oft das Resultat tief verwurzelter Probleme oder Unzufriedenheiten in der Beziehung sein. W\u00e4hrend der Heilungsphase haben Paare die Gelegenheit, diese Probleme zu erkennen, sich ihnen zu stellen und letztendlich L\u00f6sungen zu finden.<\/span><\/p>\n<p><span style=\"color: #000000;\">Der Verrat kann als ein Weckruf dienen, der beide Partner dazu bringt, die tats\u00e4chlichen Probleme und Differenzen in ihrer Beziehung zu identifizieren und anzugehen. Es kann eine Chance sein, zu lernen, besser zu kommunizieren, einander mehr zu sch\u00e4tzen und die Beziehung als etwas Wertvolles und Fragiles zu betrachten, das Pflege und Aufmerksamkeit erfordert.<\/span><\/p>\n<p><span style=\"color: #000000;\"><strong>Neudefinition der Bindung<\/strong><\/span><\/p>\n<p><span style=\"color: #000000;\">Ein Verrat kann das Fundament einer Beziehung ersch\u00fcttern. Aber es bietet auch die Gelegenheit, eine neue Basis zu schaffen, eine, die m\u00f6glicherweise solider und stabiler ist als die vorherige. Viele Paare, die den Prozess des Wiederaufbaus durchlaufen haben, sprechen davon, wie sie ihre Beziehung neu definieren, indem sie klare Erwartungen setzen, Grenzen festlegen und sich ein tieferes Verst\u00e4ndnis ihrer individuellen Bed\u00fcrfnisse und W\u00fcnsche erarbeiten.<\/span><\/p>\n<p><span style=\"color: #000000;\"><strong>Erfahren von Resilienz<\/strong><\/span><\/p>\n<p><span style=\"color: #000000;\">Beziehungen, genau wie das Leben, sind niemals perfekt. Sie sind voller H\u00f6hen und Tiefen. Durch den Prozess des Wiederaufbaus nach einem Betrug entwickeln Paare eine Form der Resilienz, die sie darauf vorbereitet, zuk\u00fcnftige Herausforderungen zu bew\u00e4ltigen. Diese F\u00e4higkeit, R\u00fcckschl\u00e4ge zu \u00fcberstehen und daraus gest\u00e4rkt hervorzugehen, ist nicht nur f\u00fcr ihre Beziehung, sondern auch f\u00fcr andere Lebensbereiche von unsch\u00e4tzbarem Wert.<\/span><\/p>\n<p><span style=\"color: #000000;\"><strong>Wiedererlangung von Vertrauen<\/strong><\/span><\/p>\n<p><span style=\"color: #000000;\">Es mag kontraintuitiv erscheinen, aber Paare, die erfolgreich einen Betrug \u00fcberstanden haben, berichten oft, dass ihr Vertrauen zueinander st\u00e4rker ist als zuvor. Warum? Weil das Wiedererlangen von Vertrauen nach einem derart schwerwiegenden Vertrauensbruch oft bedeutet, dass dieses neu gewonnene Vertrauen tiefer und unersch\u00fctterlicher ist.<\/span><\/p>\n<p><span style=\"color: #000000;\"><strong>Abschlie\u00dfende Gedanken<\/strong><\/span><\/p>\n<p><span style=\"color: #000000;\">Es w\u00e4re unehrlich zu sagen, dass der Wiederaufbau einer Beziehung nach einem Verrat einfach ist. Es erfordert Arbeit, Engagement und vor allem den Wunsch beider Partner, zusammenzubleiben und die Beziehung zu st\u00e4rken. Doch der Silberstreifen dieser oft dunklen Wolke ist, dass es eine Gelegenheit bietet, etwas Neues und Besseres aus der Asche des Alten zu schaffen.<\/span><\/p>\n<p><span style=\"color: #000000;\">F\u00fcr diejenigen, die sich auf diesen Weg begeben, lohnt sich die Anstrengung oft. Nicht nur wegen der Wiederherstellung dessen, was verloren ging, sondern auch wegen des Potenzials f\u00fcr eine tiefere, reichere und erf\u00fcllendere Beziehung. Es ist eine Reise der Selbstentdeckung, des gegenseitigen Verst\u00e4ndnisses und, am wichtigsten, der Liebe. Und am Ende des Tages ist Liebe, trotz aller Imperfektionen und Fehler, immer den Aufwand wert.<\/span><\/p>\n<p>[\/et_pb_text][\/et_pb_column][\/et_pb_row][\/et_pb_section]<\/p>\n","protected":false},"excerpt":{"rendered":"<p>Beziehungen nach einem Betrug wieder aufbauen: Ein Weg zur\u00fcck zum Vertrauen \u00a0Ein unsichtbares Band, gewoben aus Vertrauen und Verst\u00e4ndnis, verbindet zwei Menschen in einer Beziehung. Wenn dieses Band durch einen Betrug zerrissen wird, ist der Schmerz intensiv und beinahe greifbar. Doch kann dieses Band je wiederhergestellt werden?Alltag nach dem nach dem Seitensprung?Stellen Sie sich vor, [&hellip;]<\/p>\n","protected":false},"author":1,"featured_media":0,"parent":0,"menu_order":0,"comment_status":"closed","ping_status":"closed","template":"","meta":{"_et_pb_use_builder":"on","_et_pb_old_content":"","_et_gb_content_width":"","footnotes":""},"_links":{"self":[{"href":"https:\/\/beziehungstricks.de\/index.php?rest_route=\/wp\/v2\/pages\/133"}],"collection":[{"href":"https:\/\/beziehungstricks.de\/index.php?rest_route=\/wp\/v2\/pages"}],"about":[{"href":"https:\/\/beziehungstricks.de\/index.php?rest_route=\/wp\/v2\/types\/page"}],"author":[{"embeddable":true,"href":"https:\/\/beziehungstricks.de\/index.php?rest_route=\/wp\/v2\/users\/1"}],"replies":[{"embeddable":true,"href":"https:\/\/beziehungstricks.de\/index.php?rest_route=%2Fwp%2Fv2%2Fcomments&post=133"}],"version-history":[{"count":3,"href":"https:\/\/beziehungstricks.de\/index.php?rest_route=\/wp\/v2\/pages\/133\/revisions"}],"predecessor-version":[{"id":139,"href":"https:\/\/beziehungstricks.de\/index.php?rest_route=\/wp\/v2\/pages\/133\/revisions\/139"}],"wp:attachment":[{"href":"https:\/\/beziehungstricks.de\/index.php?rest_route=%2Fwp%2Fv2%2Fmedia&parent=133"}],"curies":[{"name":"wp","href":"https:\/\/api.w.org\/{rel}","templated":true}]}}