{"id":127,"date":"2023-09-10T09:08:01","date_gmt":"2023-09-10T07:08:01","guid":{"rendered":"https:\/\/beziehungstricks.de\/?page_id=127"},"modified":"2023-09-10T09:36:58","modified_gmt":"2023-09-10T07:36:58","slug":"gesundheitliche-herausforderungen-in-partnerschaften","status":"publish","type":"page","link":"https:\/\/beziehungstricks.de\/?page_id=127","title":{"rendered":"Gesundheitliche Herausforderungen in Partnerschaften"},"content":{"rendered":"<p>[et_pb_section fb_built=&#8220;1&#8243; next_background_color=&#8220;#f2f5f7&#8243; admin_label=&#8220;Hero&#8220; _builder_version=&#8220;4.17.0&#8243; _module_preset=&#8220;default&#8220; background_enable_color=&#8220;off&#8220; background_image=&#8220;https:\/\/beziehungstricks.de\/wp-content\/uploads\/2023\/09\/beziehungstricks.de-krankheit-in-einer-partnerschaft-1-1.jpg&#8220; custom_padding=&#8220;120px||240px|||&#8220; bottom_divider_style=&#8220;wave2&#8243; bottom_divider_height=&#8220;150px&#8220; hover_enabled=&#8220;0&#8243; global_colors_info=&#8220;{}&#8220; alt=&#8220;beziehungstricks.de krankheit in einer partnerschaft-&#8220; title_text=&#8220;beziehungstricks.de krankheit in einer partnerschaft-&#8220; sticky_enabled=&#8220;0&#8243;][et_pb_row _builder_version=&#8220;4.16&#8243; _module_preset=&#8220;default&#8220; background_size=&#8220;initial&#8220; background_position=&#8220;top_left&#8220; background_repeat=&#8220;repeat&#8220; global_colors_info=&#8220;{}&#8220;][et_pb_column type=&#8220;4_4&#8243; _builder_version=&#8220;4.16&#8243; _module_preset=&#8220;default&#8220; custom_padding=&#8220;|||&#8220; global_colors_info=&#8220;{}&#8220; custom_padding__hover=&#8220;|||&#8220;][et_pb_text admin_label=&#8220;Title &#8220; _builder_version=&#8220;4.17.0&#8243; _module_preset=&#8220;default&#8220; text_font=&#8220;|700|||||||&#8220; text_text_color=&#8220;#FFFFFF&#8220; text_font_size=&#8220;2.5em&#8220; text_line_height=&#8220;1.8em&#8220; header_font=&#8220;Fredoka One||||||||&#8220; header_text_color=&#8220;#FFFFFF&#8220; header_font_size=&#8220;52px&#8220; header_line_height=&#8220;1.3em&#8220; text_orientation=&#8220;center&#8220; background_layout=&#8220;dark&#8220; max_width=&#8220;700px&#8220; module_alignment=&#8220;center&#8220; custom_margin=&#8220;||10px|&#8220; animation_style=&#8220;fade&#8220; hover_enabled=&#8220;0&#8243; text_font_size_tablet=&#8220;2em&#8220; text_font_size_phone=&#8220;2em&#8220; text_font_size_last_edited=&#8220;on|desktop&#8220; text_text_shadow_style=&#8220;preset3&#8243; text_text_shadow_color=&#8220;#000000&#8243; global_colors_info=&#8220;{}&#8220; sticky_enabled=&#8220;0&#8243;]<\/p>\n<h1><strong>Gesundheitliche Herausforderungen in Partnerschaften: Gemeinsam st\u00e4rker<\/strong><\/h1>\n<p><em>\u00a0<\/em><\/p>\n<p>[\/et_pb_text][\/et_pb_column][\/et_pb_row][\/et_pb_section][et_pb_section fb_built=&#8220;1&#8243; admin_label=&#8220;Features&#8220; _builder_version=&#8220;4.16&#8243; _module_preset=&#8220;default&#8220; background_color=&#8220;#f2f5f7&#8243; custom_padding=&#8220;100px||120px|||&#8220; global_colors_info=&#8220;{}&#8220;][et_pb_row _builder_version=&#8220;4.17.0&#8243; _module_preset=&#8220;default&#8220; global_colors_info=&#8220;{}&#8220;][et_pb_column type=&#8220;4_4&#8243; _builder_version=&#8220;4.17.0&#8243; _module_preset=&#8220;default&#8220; global_colors_info=&#8220;{}&#8220;][et_pb_text admin_label=&#8220;Title &#8220; _builder_version=&#8220;4.17.0&#8243; _module_preset=&#8220;default&#8220; text_font=&#8220;Nunito||||||||&#8220; text_font_size=&#8220;18px&#8220; text_line_height=&#8220;1.8em&#8220; header_font=&#8220;Fredoka One||||||||&#8220; header_font_size=&#8220;52px&#8220; header_line_height=&#8220;1.3em&#8220; text_orientation=&#8220;center&#8220; background_layout=&#8220;dark&#8220; max_width=&#8220;700px&#8220; module_alignment=&#8220;center&#8220; custom_margin=&#8220;||10px|&#8220; animation_style=&#8220;fade&#8220; hover_enabled=&#8220;0&#8243; global_colors_info=&#8220;{}&#8220; sticky_enabled=&#8220;0&#8243;]<\/p>\n<p><span style=\"color: #000000;\">Die Gesundheit ist das h\u00f6chste Gut. Doch was, wenn diese ins Wanken ger\u00e4t? Besonders in Partnerschaften k\u00f6nnen gesundheitliche Herausforderungen nicht nur den Betroffenen, sondern auch den Partner belasten. In diesem Artikel nehmen wir diese Probleme unter die Lupe und suchen nach L\u00f6sungen, um als Paar gest\u00e4rkt daraus hervorzugehen.<\/span><\/p>\n<p>[\/et_pb_text][et_pb_divider show_divider=&#8220;off&#8220; _builder_version=&#8220;4.17.0&#8243; _module_preset=&#8220;default&#8220; global_colors_info=&#8220;{}&#8220;][\/et_pb_divider][et_pb_text _builder_version=&#8220;4.17.0&#8243; _module_preset=&#8220;default&#8220; text_font_size=&#8220;1.5em&#8220; hover_enabled=&#8220;0&#8243; global_colors_info=&#8220;{}&#8220; sticky_enabled=&#8220;0&#8243;]<\/p>\n<h2 style=\"text-align: center;\">Alltagsprobleme: Das Leben im Schatten der Krankheit<\/h2>\n<p>[\/et_pb_text][\/et_pb_column][\/et_pb_row][et_pb_row column_structure=&#8220;1_2,1_2&#8243; _builder_version=&#8220;4.17.0&#8243; _module_preset=&#8220;default&#8220; global_colors_info=&#8220;{}&#8220;][et_pb_column type=&#8220;1_2&#8243; _builder_version=&#8220;4.17.0&#8243; _module_preset=&#8220;default&#8220; global_colors_info=&#8220;{}&#8220;][et_pb_image src=&#8220;https:\/\/beziehungstricks.de\/wp-content\/uploads\/2023\/09\/beziehungstricks.de-missverstaendnis-in-einer-beziehung.jpg&#8220; alt=&#8220;beziehungstricks.de missverstaendnis in einer beziehung&#8220; title_text=&#8220;beziehungstricks.de missverstaendnis in einer beziehung&#8220; _builder_version=&#8220;4.17.0&#8243; _module_preset=&#8220;default&#8220; global_colors_info=&#8220;{}&#8220;][\/et_pb_image][\/et_pb_column][et_pb_column type=&#8220;1_2&#8243; _builder_version=&#8220;4.17.0&#8243; _module_preset=&#8220;default&#8220; global_colors_info=&#8220;{}&#8220;][et_pb_text admin_label=&#8220;Title &#8220; _builder_version=&#8220;4.17.0&#8243; _module_preset=&#8220;default&#8220; text_font=&#8220;Nunito||||||||&#8220; text_font_size=&#8220;18px&#8220; text_line_height=&#8220;1.8em&#8220; header_font=&#8220;Fredoka One||||||||&#8220; header_font_size=&#8220;52px&#8220; header_line_height=&#8220;1.3em&#8220; text_orientation=&#8220;center&#8220; background_layout=&#8220;dark&#8220; max_width=&#8220;700px&#8220; module_alignment=&#8220;center&#8220; custom_margin=&#8220;||10px|&#8220; animation_style=&#8220;fade&#8220; hover_enabled=&#8220;0&#8243; global_colors_info=&#8220;{}&#8220; sticky_enabled=&#8220;0&#8243;]<\/p>\n<p><span style=\"color: #000000;\">Es ist ein ruhiger Sonntagmorgen, doch anstatt den Tag gemeinsam zu genie\u00dfen, f\u00fchrt der erste Weg von Julia zur Apotheke, um die ben\u00f6tigten Medikamente f\u00fcr ihren Partner Markus zu besorgen. Markus leidet seit Jahren an einer chronischen Erkrankung. Beide sind st\u00e4ndig mit Arztterminen, Medikamentenpl\u00e4nen und k\u00f6rperlichen Einschr\u00e4nkungen konfrontiert. Die Krankheit hat ihren Alltag fest im Griff.<\/span><\/p>\n<p><span style=\"color: #000000;\">Solche und \u00e4hnliche Geschichten sind weit verbreitet. Laut einer Studie des Robert Koch-Instituts aus dem Jahr 2019 sind rund 40% der Deutschen von einer chronischen Krankheit betroffen<sup><a href=\"https:\/\/chat.openai.com\/c\/d73889a3-9056-48c4-ad18-91f2e87ba4ec#user-content-fn-1%5E\" id=\"user-content-fnref-1%5E\" data-footnote-ref=\"true\" aria-describedby=\"footnote-label\" target=\"_new\" style=\"color: #000000;\" rel=\"noopener\">1<\/a><\/sup>.<\/span><\/p>\n<p>[\/et_pb_text][et_pb_text _builder_version=&#8220;4.17.0&#8243; _module_preset=&#8220;default&#8220; global_colors_info=&#8220;{}&#8220;][\/et_pb_text][\/et_pb_column][\/et_pb_row][\/et_pb_section][et_pb_section fb_built=&#8220;1&#8243; prev_background_color=&#8220;#f2f5f7&#8243; admin_label=&#8220;Services&#8220; _builder_version=&#8220;4.17.0&#8243; _module_preset=&#8220;default&#8220; background_color=&#8220;#88C4DD&#8220; background_enable_image=&#8220;off&#8220; background_size=&#8220;initial&#8220; background_blend=&#8220;overlay&#8220; custom_padding=&#8220;120px||120px|&#8220; top_divider_style=&#8220;wave&#8220; top_divider_height=&#8220;106px&#8220; global_colors_info=&#8220;{}&#8220;][et_pb_row _builder_version=&#8220;4.17.0&#8243; _module_preset=&#8220;default&#8220; custom_padding=&#8220;60px|||||&#8220; global_colors_info=&#8220;{}&#8220;][et_pb_column type=&#8220;4_4&#8243; _builder_version=&#8220;4.17.0&#8243; _module_preset=&#8220;default&#8220; global_colors_info=&#8220;{}&#8220;][et_pb_text admin_label=&#8220;Title &#8220; _builder_version=&#8220;4.17.0&#8243; _module_preset=&#8220;default&#8220; text_font=&#8220;Nunito||||||||&#8220; text_font_size=&#8220;18px&#8220; text_line_height=&#8220;1.8em&#8220; header_font=&#8220;Fredoka One||||||||&#8220; header_font_size=&#8220;52px&#8220; header_line_height=&#8220;1.3em&#8220; text_orientation=&#8220;center&#8220; background_layout=&#8220;dark&#8220; max_width=&#8220;700px&#8220; module_alignment=&#8220;center&#8220; custom_margin=&#8220;||10px|&#8220; animation_style=&#8220;fade&#8220; hover_enabled=&#8220;0&#8243; global_colors_info=&#8220;{}&#8220; sticky_enabled=&#8220;0&#8243;]<\/p>\n<h2><span style=\"color: #000000;\">Gemeinsamkeiten in den Problemen<\/span><\/h2>\n<ol><\/ol>\n<p><span style=\"color: #000000;\"><strong>1. Emotionale Belastung:<\/strong> Der gesunde Partner f\u00fchlt sich oft hilflos und \u00fcberfordert, w\u00e4hrend der erkrankte Partner Schuldgef\u00fchle entwickeln kann.<\/span><\/p>\n<p><span style=\"color: #000000;\"><strong>2. Eingeschr\u00e4nkte Aktivit\u00e4ten:<\/strong> Gemeinsame Unternehmungen oder Reisen m\u00fcssen oft dem Gesundheitszustand angepasst oder gar abgesagt werden.<\/span><\/p>\n<p><span style=\"color: #000000;\"><strong>3. Finanzielle Herausforderungen:<\/strong> Medizinische Behandlungen, Therapien und Medikamente k\u00f6nnen eine erhebliche finanzielle Belastung darstellen.<\/span><\/p>\n<p>[\/et_pb_text][\/et_pb_column][\/et_pb_row][et_pb_row _builder_version=&#8220;4.16&#8243; _module_preset=&#8220;default&#8220; custom_margin=&#8220;30px|||&#8220; global_colors_info=&#8220;{}&#8220;][et_pb_column type=&#8220;4_4&#8243; _builder_version=&#8220;4.16&#8243; _module_preset=&#8220;default&#8220; custom_padding=&#8220;|||&#8220; global_colors_info=&#8220;{}&#8220; custom_padding__hover=&#8220;|||&#8220;][et_pb_divider color=&#8220;rgba(255,255,255,0.5)&#8220; divider_weight=&#8220;4px&#8220; _builder_version=&#8220;4.16&#8243; _module_preset=&#8220;default&#8220; max_width=&#8220;60px&#8220; max_width_tablet=&#8220;11%&#8220; max_width_last_edited=&#8220;off|desktop&#8220; module_alignment=&#8220;center&#8220; height=&#8220;4px&#8220; animation_style=&#8220;slide&#8220; animation_direction=&#8220;top&#8220; animation_intensity_slide=&#8220;5%&#8220; animation_starting_opacity=&#8220;100%&#8220; global_colors_info=&#8220;{}&#8220;][\/et_pb_divider][et_pb_text admin_label=&#8220;Title &#8220; _builder_version=&#8220;4.17.0&#8243; _module_preset=&#8220;default&#8220; text_font=&#8220;Nunito||||||||&#8220; text_font_size=&#8220;18px&#8220; text_line_height=&#8220;1.8em&#8220; header_font=&#8220;Fredoka One||||||||&#8220; header_font_size=&#8220;52px&#8220; header_line_height=&#8220;1.3em&#8220; text_orientation=&#8220;center&#8220; background_layout=&#8220;dark&#8220; max_width=&#8220;700px&#8220; module_alignment=&#8220;center&#8220; custom_margin=&#8220;||10px|&#8220; animation_style=&#8220;fade&#8220; hover_enabled=&#8220;0&#8243; global_colors_info=&#8220;{}&#8220; sticky_enabled=&#8220;0&#8243;]<\/p>\n<h2><span style=\"color: #000000;\">Pers\u00f6nliche Erfahrung: Ein Leben mit dem Unbekannten<\/span><\/h2>\n<p><span style=\"color: #000000;\"><\/span><\/p>\n<p><span style=\"color: #000000;\">Der Tag, an dem meine Partnerin Lena die Diagnose einer seltenen Autoimmunerkrankung erhielt, ist mir noch so pr\u00e4sent, als w\u00e4re es erst gestern gewesen. Der kalte, sterile Raum des Arztes, der Geruch von Desinfektionsmittel, der uns umgab, und die Worte, die unaufh\u00f6rlich von Lenas Lippen ablasen, w\u00e4hrend sie versuchte, die Bedeutung dieser Diagnose zu verstehen. Meine Hand lag fest in ihrer, doch ich sp\u00fcrte, wie sie zitterte. Ein Gewicht schien sich auf unsere Herzen zu legen.<\/span><\/p>\n<p><span style=\"color: #000000;\">Ich f\u00fchlte mich hilflos, ver\u00e4ngstigt und \u00fcberfordert. Wie sollte ich Lena unterst\u00fctzen? W\u00fcrde ich der Aufgabe gewachsen sein, an ihrer Seite zu stehen und gleichzeitig unsere Beziehung aufrechtzuerhalten, die nun einer bis dahin unbekannten Pr\u00fcfung unterzogen wurde? Diese Fragen schwirrten mir durch den Kopf, und doch musste ich stark bleiben. F\u00fcr Lena, f\u00fcr uns.<\/span><\/p>\n<p><span style=\"color: #000000;\">Die ersten Wochen nach der Diagnose waren ein Wechselbad der Gef\u00fchle. Tage, an denen wir lachten und den Moment genossen, wechselten sich ab mit N\u00e4chten, in denen Lena vor Schmerzen nicht schlafen konnte und ich mich oft dabei ertappte, wie ich ins Leere starrte, von den Schatten der Unsicherheit und Angst umgeben. Es war, als w\u00fcrde unsere Welt aus den Fugen geraten.<\/span><\/p>\n<p><span style=\"color: #000000;\">Ich erinnere mich an eine Nacht, als Lena neben mir weinte und sich f\u00fcr die &#8222;Last&#8220; entschuldigte, die sie mir aufb\u00fcrdete. Ich hielt sie fest und versuchte, Trost zu spenden, w\u00e4hrend meine eigene Unsicherheit brodelte. Ich war w\u00fctend, nicht auf Lena, sondern auf die Ungerechtigkeit des Schicksals. Warum musste das gerade uns passieren?<\/span><\/p>\n<p><span style=\"color: #000000;\">Doch im Laufe der Zeit begannen wir, uns der Herausforderung zu stellen. Ich informierte mich intensiv \u00fcber Lenas Erkrankung, suchte nach Fach\u00e4rzten und Therapieoptionen. Gemeinsam besuchten wir Selbsthilfegruppen und lernten andere Paare kennen, die \u00e4hnliche K\u00e4mpfe durchlebten. Es war befreiend, zu erkennen, dass wir nicht allein waren.<\/span><\/p>\n<p><span style=\"color: #000000;\">Es gab immer noch schlechte Tage, Momente der Verzweiflung und Angst, doch es gab auch Momente des Triumphs, der Hoffnung und der tiefen Verbindung. Unsere Beziehung, die zuvor so unkompliziert schien, wurde nun auf eine harte Probe gestellt, doch diese Pr\u00fcfung brachte uns auch n\u00e4her zusammen. Wir sprachen offener miteinander, lernten, einander zuzuh\u00f6ren und zu verstehen.<\/span><\/p>\n<p><span style=\"color: #000000;\">Die Krankheit lehrte uns, jeden Moment zu sch\u00e4tzen, und wir erkannten, dass das Leben, obwohl es seine Schattenseiten hat, auch voller Licht und Liebe ist. Es war nicht die Reise, die wir uns vorgestellt hatten, aber es war unsere Reise. Und trotz der Herausforderungen und Unsicherheiten konnten wir uns sicher sein, dass wir sie gemeinsam durchstehen w\u00fcrden.<\/span><\/p>\n<p><span style=\"color: #000000;\">Die Jahre vergingen, und wir wurden st\u00e4rker, sowohl einzeln als auch als Paar. Lena lernte, ihre Krankheit zu managen, und ich lernte, wie ich sie am besten unterst\u00fctzen konnte. Die dunklen Tage wurden seltener, die hellen Tage h\u00e4ufiger. Es war nicht einfach, aber wir fanden einen Weg, gemeinsam zu wachsen und uns den Herausforderungen zu stellen.<\/span><\/p>\n<p><span style=\"color: #000000;\">Heute blicken wir zur\u00fcck auf diese Zeit und erkennen, dass sie uns geformt und gest\u00e4rkt hat. Es hat uns gezeigt, was wahre Liebe und Unterst\u00fctzung bedeuten und dass, egal wie dunkel die Tage auch sein m\u00f6gen, es immer einen Silberstreifen am Horizont gibt, solange man zusammenh\u00e4lt.<\/span><\/p>\n<p>[\/et_pb_text][et_pb_text admin_label=&#8220;Title &#8220; _builder_version=&#8220;4.17.0&#8243; _module_preset=&#8220;default&#8220; text_font=&#8220;Nunito||||||||&#8220; text_font_size=&#8220;18px&#8220; text_line_height=&#8220;1.8em&#8220; header_font=&#8220;Fredoka One||||||||&#8220; header_font_size=&#8220;52px&#8220; header_line_height=&#8220;1.3em&#8220; text_orientation=&#8220;center&#8220; background_layout=&#8220;dark&#8220; max_width=&#8220;700px&#8220; module_alignment=&#8220;center&#8220; custom_margin=&#8220;||10px|&#8220; custom_padding=&#8220;69px|||||&#8220; animation_style=&#8220;fade&#8220; global_colors_info=&#8220;{}&#8220;]<\/p>\n<h2><span style=\"color: #000000\">Meine pers\u00f6nliche Erfahrung: Wenn der B\u00fccherwurm den Sportfan trifft<\/span><\/h2>\n<p><span style=\"color: #000000\">In meiner eigenen Beziehung mit Sophie waren unterschiedliche Interessen von Anfang an pr\u00e4sent. Ich, der begeisterte Leser und Schreiber, und sie, die leidenschaftliche L\u00e4uferin und Fitness-Enthusiastin. Anfangs waren diese Unterschiede eine Herausforderung. Doch dann begann ich, ihre Laufevents zu besuchen, und sie setzte sich abends \u00f6fter zu mir, um ein Buch zu lesen. Wir lernten, die Leidenschaften des anderen zu sch\u00e4tzen und fanden gemeinsame Aktivit\u00e4ten, die uns beiden Spa\u00df machten.<\/span><\/p>\n<p>[\/et_pb_text][\/et_pb_column][\/et_pb_row][et_pb_row _builder_version=&#8220;4.17.0&#8243; _module_preset=&#8220;default&#8220; global_colors_info=&#8220;{}&#8220;][et_pb_column type=&#8220;4_4&#8243; _builder_version=&#8220;4.17.0&#8243; _module_preset=&#8220;default&#8220; global_colors_info=&#8220;{}&#8220;][et_pb_text admin_label=&#8220;Title &#8220; _builder_version=&#8220;4.17.0&#8243; _module_preset=&#8220;default&#8220; text_font=&#8220;Nunito||||||||&#8220; text_font_size=&#8220;18px&#8220; text_line_height=&#8220;1.8em&#8220; header_font=&#8220;Fredoka One||||||||&#8220; header_font_size=&#8220;52px&#8220; header_line_height=&#8220;1.3em&#8220; text_orientation=&#8220;center&#8220; background_layout=&#8220;dark&#8220; max_width=&#8220;700px&#8220; module_alignment=&#8220;center&#8220; custom_margin=&#8220;||10px|&#8220; animation_style=&#8220;fade&#8220; hover_enabled=&#8220;0&#8243; global_colors_info=&#8220;{}&#8220; sticky_enabled=&#8220;0&#8243;]<\/p>\n<h3><\/h3>\n<h3><\/h3>\n<h3><\/h3>\n<h3><\/h3>\n<p><strong><span style=\"color: #000000;\">Schlussgedanken<\/span><\/strong><\/p>\n<p><span style=\"color: #000000;\">Lenas Krankheit hat uns in vielerlei Hinsicht herausgefordert, aber sie hat uns auch gelehrt, dass Liebe und Zusammenhalt uns durch die schwierigsten Zeiten tragen k\u00f6nnen. Das Leben wird uns immer wieder vor Herausforderungen stellen, ob in Form gesundheitlicher Probleme, finanzieller Schwierigkeiten oder anderer H\u00fcrden. Doch was uns wirklich definiert, ist nicht das Problem selbst, sondern wie wir darauf reagieren.<\/span><\/p>\n<p><span style=\"color: #000000;\">Ich m\u00f6chte daher jedes Paar ermutigen, das gerade eine schwierige Phase durchlebt: Gebt nicht auf. Das Band, das euch verbindet, kann unglaublich stark sein, wenn ihr es zulasst. Nehmt euch die Zeit, miteinander zu sprechen, euch gegenseitig zu unterst\u00fctzen und einander zu verstehen. Manchmal k\u00f6nnen die schwierigsten Herausforderungen uns am Ende enger zusammenschwei\u00dfen.<\/span><\/p>\n<p><span style=\"color: #000000;\">Erinnert euch immer daran, dass jede Krise, jedes Hindernis, eine Chance zur Weiterentwicklung ist. Sie kann die Tiefe eurer Bindung testen, aber sie kann auch dazu beitragen, dass eure Beziehung w\u00e4chst und gedeiht. Es liegt an euch beiden, diese Gelegenheiten zu nutzen, um gemeinsam zu lernen, zu wachsen und st\u00e4rker zu werden.<\/span><\/p>\n<p><span style=\"color: #000000;\">Wenn ihr das Gef\u00fchl habt, \u00fcberfordert zu sein, z\u00f6gert nicht, Hilfe zu suchen. Egal ob es sich um eine professionelle Beratung, Selbsthilfegruppen oder einfach nur das Gespr\u00e4ch mit vertrauten Freunden und Familie handelt \u2013 Unterst\u00fctzung ist oft n\u00e4her, als man denkt.<\/span><\/p>\n<p><span style=\"color: #000000;\">In schwierigen Zeiten ist es wichtig zu erkennen, dass Liebe kein passives Gef\u00fchl ist. Es erfordert Arbeit, Engagement und den Willen, zusammenzustehen, selbst wenn die Umst\u00e4nde widrig sind. Also, liebe Paare, bleibt verbunden, bleibt offen und bleibt mutig. Euer gemeinsamer Weg kann von H\u00f6hen und Tiefen gepr\u00e4gt sein, aber er ist euer eigener, einzigartiger Weg. Und am Ende werdet ihr feststellen, dass die Erfahrungen, die ihr gemeinsam gemacht habt, eure Liebe nur noch wertvoller und st\u00e4rker gemacht haben. Jede Herausforderung, die ihr gemeinsam \u00fcbersteht, ist ein weiteres Kapitel in eurer gemeinsamen Geschichte.<\/span><\/p>\n<p>[\/et_pb_text][et_pb_text admin_label=&#8220;Title &#8220; _builder_version=&#8220;4.17.0&#8243; _module_preset=&#8220;default&#8220; text_font=&#8220;Nunito||||||||&#8220; text_font_size=&#8220;18px&#8220; text_line_height=&#8220;1.8em&#8220; header_font=&#8220;Fredoka One||||||||&#8220; header_font_size=&#8220;52px&#8220; header_line_height=&#8220;1.3em&#8220; text_orientation=&#8220;center&#8220; background_layout=&#8220;dark&#8220; max_width=&#8220;700px&#8220; module_alignment=&#8220;center&#8220; custom_margin=&#8220;||10px|&#8220; animation_style=&#8220;fade&#8220; hover_enabled=&#8220;0&#8243; global_colors_info=&#8220;{}&#8220; sticky_enabled=&#8220;0&#8243;]<\/p>\n<div class=\"flex-1 overflow-hidden\">\n<div class=\"react-scroll-to-bottom--css-eojiv-79elbk h-full dark:bg-gray-800\">\n<div class=\"react-scroll-to-bottom--css-eojiv-1n7m0yu\">\n<div class=\"flex flex-col text-sm dark:bg-gray-800\">\n<div class=\"group w-full text-token-text-primary border-b border-black\/10 dark:border-gray-900\/50 bg-gray-50 dark:bg-[#444654]\" data-testid=\"conversation-turn-31\">\n<div class=\"p-4 justify-center text-base md:gap-6 md:py-6 m-auto\">\n<div class=\"flex flex-1 gap-4 text-base mx-auto md:gap-6 md:max-w-2xl lg:max-w-[38rem] xl:max-w-3xl }\">\n<div class=\"relative flex w-[calc(100%-50px)] flex-col gap-1 md:gap-3 lg:w-[calc(100%-115px)]\">\n<div class=\"flex flex-grow flex-col gap-3 max-w-full\">\n<div class=\"min-h-[20px] flex flex-col items-start gap-3 overflow-x-auto whitespace-pre-wrap break-words\">\n<div class=\"markdown prose w-full break-words dark:prose-invert light\">\n<p><span style=\"color: #000000;\"><strong>Quellen:<\/strong><\/span><\/p>\n<section data-footnotes=\"true\" class=\"footnotes\"><span>Robert Koch-Institut. (2019). <\/span><em>Gesundheit in Deutschland<\/em><\/section>\n<section data-footnotes=\"true\" class=\"footnotes\"><em><\/em><\/section>\n<section data-footnotes=\"true\" class=\"footnotes\"><em><\/em><\/section>\n<section data-footnotes=\"true\" class=\"footnotes\"><span><\/span><\/section>\n<section data-footnotes=\"true\" class=\"footnotes\"><span>Markman, H. J., Stanley, S. M., &amp; Blumberg, S. L. (2010). <\/span><em>Fighting for your marriage<\/em><span>. Jossey-Bass<\/span><\/section>\n<section data-footnotes=\"true\" class=\"footnotes\"><span><\/span><\/section>\n<section data-footnotes=\"true\" class=\"footnotes\"><span><\/span><\/section>\n<section data-footnotes=\"true\" class=\"footnotes\"><span>Gottman, J. M., &amp; Silver, N. (2015). <\/span><em>The Seven Principles for Making Marriage Work<\/em><span>. Harmony<\/span><\/section>\n<\/div>\n<\/div>\n<\/div>\n<\/div>\n<\/div>\n<\/div>\n<\/div>\n<\/div>\n<\/div>\n<\/div>\n<\/div>\n<p>[\/et_pb_text][\/et_pb_column][\/et_pb_row][\/et_pb_section]<\/p>\n","protected":false},"excerpt":{"rendered":"<p>Gesundheitliche Herausforderungen in Partnerschaften: Gemeinsam st\u00e4rker \u00a0Die Gesundheit ist das h\u00f6chste Gut. Doch was, wenn diese ins Wanken ger\u00e4t? Besonders in Partnerschaften k\u00f6nnen gesundheitliche Herausforderungen nicht nur den Betroffenen, sondern auch den Partner belasten. In diesem Artikel nehmen wir diese Probleme unter die Lupe und suchen nach L\u00f6sungen, um als Paar gest\u00e4rkt daraus hervorzugehen.Alltagsprobleme: Das [&hellip;]<\/p>\n","protected":false},"author":1,"featured_media":0,"parent":0,"menu_order":0,"comment_status":"closed","ping_status":"closed","template":"","meta":{"_et_pb_use_builder":"on","_et_pb_old_content":"","_et_gb_content_width":"","footnotes":""},"_links":{"self":[{"href":"https:\/\/beziehungstricks.de\/index.php?rest_route=\/wp\/v2\/pages\/127"}],"collection":[{"href":"https:\/\/beziehungstricks.de\/index.php?rest_route=\/wp\/v2\/pages"}],"about":[{"href":"https:\/\/beziehungstricks.de\/index.php?rest_route=\/wp\/v2\/types\/page"}],"author":[{"embeddable":true,"href":"https:\/\/beziehungstricks.de\/index.php?rest_route=\/wp\/v2\/users\/1"}],"replies":[{"embeddable":true,"href":"https:\/\/beziehungstricks.de\/index.php?rest_route=%2Fwp%2Fv2%2Fcomments&post=127"}],"version-history":[{"count":2,"href":"https:\/\/beziehungstricks.de\/index.php?rest_route=\/wp\/v2\/pages\/127\/revisions"}],"predecessor-version":[{"id":132,"href":"https:\/\/beziehungstricks.de\/index.php?rest_route=\/wp\/v2\/pages\/127\/revisions\/132"}],"wp:attachment":[{"href":"https:\/\/beziehungstricks.de\/index.php?rest_route=%2Fwp%2Fv2%2Fmedia&parent=127"}],"curies":[{"name":"wp","href":"https:\/\/api.w.org\/{rel}","templated":true}]}}