{"id":120,"date":"2023-09-10T08:45:38","date_gmt":"2023-09-10T06:45:38","guid":{"rendered":"https:\/\/beziehungstricks.de\/?page_id=120"},"modified":"2023-09-10T09:03:49","modified_gmt":"2023-09-10T07:03:49","slug":"unterschiedliche-interessen-und-hobbys-in-beziehungen-wie-vielfalt-das-salz-in-der-suppe-sein-kann","status":"publish","type":"page","link":"https:\/\/beziehungstricks.de\/?page_id=120","title":{"rendered":"Unterschiedliche Interessen und Hobbys in Beziehungen: Wie Vielfalt das Salz in der Suppe sein kann"},"content":{"rendered":"<p>[et_pb_section fb_built=&#8220;1&#8243; next_background_color=&#8220;#f2f5f7&#8243; admin_label=&#8220;Hero&#8220; _builder_version=&#8220;4.17.0&#8243; _module_preset=&#8220;default&#8220; background_enable_color=&#8220;off&#8220; background_image=&#8220;https:\/\/beziehungstricks.de\/wp-content\/uploads\/2023\/09\/beziehungstricks.de-Unterschiedliche-Interessen-und-Hobbys-in-Beziehungen-.jpg&#8220; custom_padding=&#8220;120px||240px|||&#8220; bottom_divider_style=&#8220;wave2&#8243; bottom_divider_height=&#8220;150px&#8220; hover_enabled=&#8220;0&#8243; global_colors_info=&#8220;{}&#8220; title_text=&#8220;beziehungstricks.de Unterschiedliche Interessen und Hobbys in Beziehungen-&#8220; sticky_enabled=&#8220;0&#8243;][et_pb_row _builder_version=&#8220;4.16&#8243; _module_preset=&#8220;default&#8220; background_size=&#8220;initial&#8220; background_position=&#8220;top_left&#8220; background_repeat=&#8220;repeat&#8220; global_colors_info=&#8220;{}&#8220;][et_pb_column type=&#8220;4_4&#8243; _builder_version=&#8220;4.16&#8243; _module_preset=&#8220;default&#8220; custom_padding=&#8220;|||&#8220; global_colors_info=&#8220;{}&#8220; custom_padding__hover=&#8220;|||&#8220;][et_pb_text admin_label=&#8220;Title &#8220; _builder_version=&#8220;4.17.0&#8243; _module_preset=&#8220;default&#8220; text_font=&#8220;|700|||||||&#8220; text_text_color=&#8220;#FFFFFF&#8220; text_font_size=&#8220;2.5em&#8220; text_line_height=&#8220;1.8em&#8220; header_font=&#8220;Fredoka One||||||||&#8220; header_text_color=&#8220;#FFFFFF&#8220; header_font_size=&#8220;52px&#8220; header_line_height=&#8220;1.3em&#8220; text_orientation=&#8220;center&#8220; background_layout=&#8220;dark&#8220; max_width=&#8220;700px&#8220; module_alignment=&#8220;center&#8220; custom_margin=&#8220;||10px|&#8220; animation_style=&#8220;fade&#8220; hover_enabled=&#8220;0&#8243; text_font_size_tablet=&#8220;2em&#8220; text_font_size_phone=&#8220;2em&#8220; text_font_size_last_edited=&#8220;on|desktop&#8220; text_text_shadow_style=&#8220;preset3&#8243; text_text_shadow_color=&#8220;#000000&#8243; global_colors_info=&#8220;{}&#8220; sticky_enabled=&#8220;0&#8243;]<\/p>\n<p><strong>Unterschiedliche Interessen und Hobbys in Beziehungen: Wie Vielfalt das Salz in der Suppe sein kann<\/strong><\/p>\n<p><em>\u00a0<\/em><\/p>\n<p>[\/et_pb_text][\/et_pb_column][\/et_pb_row][\/et_pb_section][et_pb_section fb_built=&#8220;1&#8243; admin_label=&#8220;Features&#8220; _builder_version=&#8220;4.16&#8243; _module_preset=&#8220;default&#8220; background_color=&#8220;#f2f5f7&#8243; custom_padding=&#8220;100px||120px|||&#8220; global_colors_info=&#8220;{}&#8220;][et_pb_row _builder_version=&#8220;4.17.0&#8243; _module_preset=&#8220;default&#8220; global_colors_info=&#8220;{}&#8220;][et_pb_column type=&#8220;4_4&#8243; _builder_version=&#8220;4.17.0&#8243; _module_preset=&#8220;default&#8220; global_colors_info=&#8220;{}&#8220;][et_pb_text admin_label=&#8220;Title &#8220; _builder_version=&#8220;4.17.0&#8243; _module_preset=&#8220;default&#8220; text_font=&#8220;Nunito||||||||&#8220; text_font_size=&#8220;18px&#8220; text_line_height=&#8220;1.8em&#8220; header_font=&#8220;Fredoka One||||||||&#8220; header_font_size=&#8220;52px&#8220; header_line_height=&#8220;1.3em&#8220; text_orientation=&#8220;center&#8220; background_layout=&#8220;dark&#8220; max_width=&#8220;700px&#8220; module_alignment=&#8220;center&#8220; custom_margin=&#8220;||10px|&#8220; animation_style=&#8220;fade&#8220; hover_enabled=&#8220;0&#8243; global_colors_info=&#8220;{}&#8220; sticky_enabled=&#8220;0&#8243;]<\/p>\n<p><span style=\"color: #000000;\">Jeder Mensch ist einzigartig \u2013 und das ist auch gut so. Wir alle haben unterschiedliche Vorlieben, Hobbys und Interessen. In einer Partnerschaft k\u00f6nnen diese Unterschiede sowohl eine Bereicherung als auch eine Herausforderung darstellen. Wie also findet man den goldenen Mittelweg, bei dem beide Partner ihren Interessen nachgehen k\u00f6nnen, ohne die gemeinsame Zeit zu vernachl\u00e4ssigen?<\/span><\/p>\n<p>[\/et_pb_text][et_pb_divider show_divider=&#8220;off&#8220; _builder_version=&#8220;4.17.0&#8243; _module_preset=&#8220;default&#8220; global_colors_info=&#8220;{}&#8220;][\/et_pb_divider][et_pb_text _builder_version=&#8220;4.17.0&#8243; _module_preset=&#8220;default&#8220; text_font_size=&#8220;1.5em&#8220; hover_enabled=&#8220;0&#8243; global_colors_info=&#8220;{}&#8220; sticky_enabled=&#8220;0&#8243;]<\/p>\n<h2 style=\"text-align: center;\"><strong>Alltagsprobleme: Wenn unterschiedliche Welten aufeinanderprallen<\/strong><\/h2>\n<p>[\/et_pb_text][\/et_pb_column][\/et_pb_row][et_pb_row column_structure=&#8220;1_2,1_2&#8243; _builder_version=&#8220;4.17.0&#8243; _module_preset=&#8220;default&#8220; global_colors_info=&#8220;{}&#8220;][et_pb_column type=&#8220;1_2&#8243; _builder_version=&#8220;4.17.0&#8243; _module_preset=&#8220;default&#8220; global_colors_info=&#8220;{}&#8220;][et_pb_image src=&#8220;https:\/\/beziehungstricks.de\/wp-content\/uploads\/2023\/09\/beziehungstricks.de-missverstaendnis-in-einer-beziehung.jpg&#8220; alt=&#8220;beziehungstricks.de missverstaendnis in einer beziehung&#8220; title_text=&#8220;beziehungstricks.de missverstaendnis in einer beziehung&#8220; _builder_version=&#8220;4.17.0&#8243; _module_preset=&#8220;default&#8220; global_colors_info=&#8220;{}&#8220;][\/et_pb_image][\/et_pb_column][et_pb_column type=&#8220;1_2&#8243; _builder_version=&#8220;4.17.0&#8243; _module_preset=&#8220;default&#8220; global_colors_info=&#8220;{}&#8220;][et_pb_text admin_label=&#8220;Title &#8220; _builder_version=&#8220;4.17.0&#8243; _module_preset=&#8220;default&#8220; text_font=&#8220;Nunito||||||||&#8220; text_font_size=&#8220;18px&#8220; text_line_height=&#8220;1.8em&#8220; header_font=&#8220;Fredoka One||||||||&#8220; header_font_size=&#8220;52px&#8220; header_line_height=&#8220;1.3em&#8220; text_orientation=&#8220;center&#8220; background_layout=&#8220;dark&#8220; max_width=&#8220;700px&#8220; module_alignment=&#8220;center&#8220; custom_margin=&#8220;||10px|&#8220; animation_style=&#8220;fade&#8220; hover_enabled=&#8220;0&#8243; global_colors_info=&#8220;{}&#8220; sticky_enabled=&#8220;0&#8243;]<\/p>\n<p><span style=\"color: #000000;\">Stellen Sie sich vor, Sie lieben Kunst und verbringen Stunden in Museen, w\u00e4hrend Ihr Partner ein leidenschaftlicher Outdoor-Enthusiast ist und am Wochenende am liebsten in den Bergen wandert. Hier treffen zwei Welten aufeinander.<\/span><\/p>\n<p><span style=\"color: #000000;\">Lisa und Tom sind ein solches Paar. Sie liebt Tanz und verbringt mehrere Abende pro Woche im Ballettstudio. Er hingegen ist ein begeisterter Motorradfahrer. Oft f\u00fchlt sich Lisa allein gelassen, wenn Tom seine Wochenenden auf Ausfahrten verbringt, und Tom vermisst Lisa bei gemeinsamen Treffen mit anderen Motorradfans.<\/span><\/p>\n<p><span style=\"color: #000000;\">Diese Situationen sind keine Seltenheit. Laut einer Studie von Gabb &amp; Fink (2015) haben mehr als 60% der Paare unterschiedliche Hobbys oder Interessen<sup><a href=\"https:\/\/chat.openai.com\/c\/d73889a3-9056-48c4-ad18-91f2e87ba4ec#user-content-fn-1%5E\" id=\"user-content-fnref-1%5E\" data-footnote-ref=\"true\" aria-describedby=\"footnote-label\" target=\"_new\" style=\"color: #000000;\" rel=\"noopener\">1<\/a><\/sup>.<\/span><\/p>\n<p>[\/et_pb_text][et_pb_text _builder_version=&#8220;4.17.0&#8243; _module_preset=&#8220;default&#8220; global_colors_info=&#8220;{}&#8220;][\/et_pb_text][\/et_pb_column][\/et_pb_row][\/et_pb_section][et_pb_section fb_built=&#8220;1&#8243; prev_background_color=&#8220;#f2f5f7&#8243; admin_label=&#8220;Services&#8220; _builder_version=&#8220;4.17.0&#8243; _module_preset=&#8220;default&#8220; background_color=&#8220;#88C4DD&#8220; background_enable_image=&#8220;off&#8220; background_size=&#8220;initial&#8220; background_blend=&#8220;overlay&#8220; custom_padding=&#8220;120px||120px|&#8220; top_divider_style=&#8220;wave&#8220; top_divider_height=&#8220;106px&#8220; global_colors_info=&#8220;{}&#8220;][et_pb_row _builder_version=&#8220;4.17.0&#8243; _module_preset=&#8220;default&#8220; custom_padding=&#8220;60px|||||&#8220; global_colors_info=&#8220;{}&#8220;][et_pb_column type=&#8220;4_4&#8243; _builder_version=&#8220;4.17.0&#8243; _module_preset=&#8220;default&#8220; global_colors_info=&#8220;{}&#8220;][et_pb_text admin_label=&#8220;Title &#8220; _builder_version=&#8220;4.17.0&#8243; _module_preset=&#8220;default&#8220; text_font=&#8220;Nunito||||||||&#8220; text_font_size=&#8220;18px&#8220; text_line_height=&#8220;1.8em&#8220; header_font=&#8220;Fredoka One||||||||&#8220; header_font_size=&#8220;52px&#8220; header_line_height=&#8220;1.3em&#8220; text_orientation=&#8220;center&#8220; background_layout=&#8220;dark&#8220; max_width=&#8220;700px&#8220; module_alignment=&#8220;center&#8220; custom_margin=&#8220;||10px|&#8220; animation_style=&#8220;fade&#8220; hover_enabled=&#8220;0&#8243; global_colors_info=&#8220;{}&#8220; sticky_enabled=&#8220;0&#8243;]<\/p>\n<h2><span style=\"color: #000000;\">Gemeinsamkeiten in den Problemen<\/span><\/h2>\n<p><span style=\"color: #000000;\">Die Geschichten von Paaren wie Lisa und Tom zeigen einige zentrale Problemfelder auf:<\/span><\/p>\n<p><span style=\"color: #000000;\"><strong>1. Gef\u00fchl der Vernachl\u00e4ssigung:<\/strong> Ein Partner f\u00fchlt sich zur\u00fcckgesetzt, weil der andere viel Zeit mit seinem Hobby verbringt.<\/span><\/p>\n<p><span style=\"color: #000000;\"><strong>2. Mangelndes Verst\u00e4ndnis:<\/strong> Es kann schwierig sein, die Leidenschaft des anderen f\u00fcr ein bestimmtes Hobby oder Interesse nachzuvollziehen.<\/span><\/p>\n<p><span style=\"color: #000000;\"><strong>3. Wenig gemeinsame Zeit:<\/strong> Unterschiedliche Interessen k\u00f6nnen dazu f\u00fchren, dass wenig Zeit miteinander verbracht wird.<\/span><\/p>\n<p>[\/et_pb_text][\/et_pb_column][\/et_pb_row][et_pb_row _builder_version=&#8220;4.16&#8243; _module_preset=&#8220;default&#8220; custom_margin=&#8220;30px|||&#8220; global_colors_info=&#8220;{}&#8220;][et_pb_column type=&#8220;4_4&#8243; _builder_version=&#8220;4.16&#8243; _module_preset=&#8220;default&#8220; custom_padding=&#8220;|||&#8220; global_colors_info=&#8220;{}&#8220; custom_padding__hover=&#8220;|||&#8220;][et_pb_divider color=&#8220;rgba(255,255,255,0.5)&#8220; divider_weight=&#8220;4px&#8220; _builder_version=&#8220;4.16&#8243; _module_preset=&#8220;default&#8220; max_width=&#8220;60px&#8220; max_width_tablet=&#8220;11%&#8220; max_width_last_edited=&#8220;off|desktop&#8220; module_alignment=&#8220;center&#8220; height=&#8220;4px&#8220; animation_style=&#8220;slide&#8220; animation_direction=&#8220;top&#8220; animation_intensity_slide=&#8220;5%&#8220; animation_starting_opacity=&#8220;100%&#8220; global_colors_info=&#8220;{}&#8220;][\/et_pb_divider][et_pb_text admin_label=&#8220;Title &#8220; _builder_version=&#8220;4.17.0&#8243; _module_preset=&#8220;default&#8220; text_font=&#8220;Nunito||||||||&#8220; text_font_size=&#8220;18px&#8220; text_line_height=&#8220;1.8em&#8220; header_font=&#8220;Fredoka One||||||||&#8220; header_font_size=&#8220;52px&#8220; header_line_height=&#8220;1.3em&#8220; text_orientation=&#8220;center&#8220; background_layout=&#8220;dark&#8220; max_width=&#8220;700px&#8220; module_alignment=&#8220;center&#8220; custom_margin=&#8220;||10px|&#8220; animation_style=&#8220;fade&#8220; hover_enabled=&#8220;0&#8243; global_colors_info=&#8220;{}&#8220; sticky_enabled=&#8220;0&#8243;]<\/p>\n<h2><span style=\"color: #000000;\">L\u00f6sungsans\u00e4tze: Unterschiedliche Interessen als Chance begreifen<\/span><\/h2>\n<p><span style=\"color: #000000;\"><strong>Gemeinsame Hobbys entdecken:<\/strong> Es kann hilfreich sein, gemeinsame Aktivit\u00e4ten oder Hobbys zu finden, die beide Partner genie\u00dfen<sup><a href=\"https:\/\/chat.openai.com\/c\/d73889a3-9056-48c4-ad18-91f2e87ba4ec#user-content-fn-2%5E\" id=\"user-content-fnref-2%5E\" data-footnote-ref=\"true\" aria-describedby=\"footnote-label\" target=\"_new\" style=\"color: #000000;\" rel=\"noopener\">2<\/a><\/sup>.<\/span><\/p>\n<p><span style=\"color: #000000;\"><strong>Das Hobby des Partners kennenlernen:<\/strong> Selbst wenn Sie nicht dieselbe Leidenschaft teilen, kann es bereichernd sein, das Hobby des Partners zumindest einmal auszuprobieren.<\/span><\/p>\n<p><span style=\"color: #000000;\"><strong>Qualit\u00e4tszeit planen:<\/strong> Setzen Sie regelm\u00e4\u00dfige &#8222;Date Nights&#8220; oder gemeinsame Wochenendaktivit\u00e4ten fest, um sicherzustellen, dass Sie beide gen\u00fcgend Zeit miteinander verbringen<sup><a href=\"https:\/\/chat.openai.com\/c\/d73889a3-9056-48c4-ad18-91f2e87ba4ec#user-content-fn-3%5E\" id=\"user-content-fnref-3%5E\" data-footnote-ref=\"true\" aria-describedby=\"footnote-label\" target=\"_new\" style=\"color: #000000;\" rel=\"noopener\">3<\/a><\/sup>.<\/span><\/p>\n<p>[\/et_pb_text][et_pb_text admin_label=&#8220;Title &#8220; _builder_version=&#8220;4.17.0&#8243; _module_preset=&#8220;default&#8220; text_font=&#8220;Nunito||||||||&#8220; text_font_size=&#8220;18px&#8220; text_line_height=&#8220;1.8em&#8220; header_font=&#8220;Fredoka One||||||||&#8220; header_font_size=&#8220;52px&#8220; header_line_height=&#8220;1.3em&#8220; text_orientation=&#8220;center&#8220; background_layout=&#8220;dark&#8220; max_width=&#8220;700px&#8220; module_alignment=&#8220;center&#8220; custom_margin=&#8220;||10px|&#8220; animation_style=&#8220;fade&#8220; hover_enabled=&#8220;0&#8243; global_colors_info=&#8220;{}&#8220; sticky_enabled=&#8220;0&#8243; custom_padding=&#8220;69px|||||&#8220;]<\/p>\n<h2><span style=\"color: #000000;\">Meine pers\u00f6nliche Erfahrung: Wenn der B\u00fccherwurm den Sportfan trifft<\/span><\/h2>\n<p><span style=\"color: #000000;\">In meiner eigenen Beziehung mit Sophie waren unterschiedliche Interessen von Anfang an pr\u00e4sent. Ich, der begeisterte Leser und Schreiber, und sie, die leidenschaftliche L\u00e4uferin und Fitness-Enthusiastin. Anfangs waren diese Unterschiede eine Herausforderung. Doch dann begann ich, ihre Laufevents zu besuchen, und sie setzte sich abends \u00f6fter zu mir, um ein Buch zu lesen. Wir lernten, die Leidenschaften des anderen zu sch\u00e4tzen und fanden gemeinsame Aktivit\u00e4ten, die uns beiden Spa\u00df machten.<\/span><\/p>\n<p>[\/et_pb_text][\/et_pb_column][\/et_pb_row][et_pb_row _builder_version=&#8220;4.17.0&#8243; _module_preset=&#8220;default&#8220; global_colors_info=&#8220;{}&#8220;][et_pb_column type=&#8220;4_4&#8243; _builder_version=&#8220;4.17.0&#8243; _module_preset=&#8220;default&#8220; global_colors_info=&#8220;{}&#8220;][et_pb_text admin_label=&#8220;Title &#8220; _builder_version=&#8220;4.17.0&#8243; _module_preset=&#8220;default&#8220; text_font=&#8220;Nunito||||||||&#8220; text_font_size=&#8220;18px&#8220; text_line_height=&#8220;1.8em&#8220; header_font=&#8220;Fredoka One||||||||&#8220; header_font_size=&#8220;52px&#8220; header_line_height=&#8220;1.3em&#8220; text_orientation=&#8220;center&#8220; background_layout=&#8220;dark&#8220; max_width=&#8220;700px&#8220; module_alignment=&#8220;center&#8220; custom_margin=&#8220;||10px|&#8220; animation_style=&#8220;fade&#8220; hover_enabled=&#8220;0&#8243; global_colors_info=&#8220;{}&#8220; sticky_enabled=&#8220;0&#8243;]<\/p>\n<h3><\/h3>\n<h3><\/h3>\n<h3><\/h3>\n<h3><\/h3>\n<p><strong><span style=\"color: #000000;\">Schlussgedanken<\/span><\/strong><\/p>\n<p><span style=\"color: #000000;\">Unterschiedliche Interessen in einer Beziehung k\u00f6nnen eine echte Bereicherung sein, wenn man lernt, sie richtig zu nutzen. Sie bieten die Chance, Neues zu entdecken, sich gegenseitig zu unterst\u00fctzen und gemeinsam zu wachsen.<\/span><\/p>\n<p>[\/et_pb_text][et_pb_text admin_label=&#8220;Title &#8220; _builder_version=&#8220;4.17.0&#8243; _module_preset=&#8220;default&#8220; text_font=&#8220;Nunito||||||||&#8220; text_font_size=&#8220;18px&#8220; text_line_height=&#8220;1.8em&#8220; header_font=&#8220;Fredoka One||||||||&#8220; header_font_size=&#8220;52px&#8220; header_line_height=&#8220;1.3em&#8220; text_orientation=&#8220;center&#8220; background_layout=&#8220;dark&#8220; max_width=&#8220;700px&#8220; module_alignment=&#8220;center&#8220; custom_margin=&#8220;||10px|&#8220; animation_style=&#8220;fade&#8220; hover_enabled=&#8220;0&#8243; global_colors_info=&#8220;{}&#8220; sticky_enabled=&#8220;0&#8243;]<\/p>\n<div class=\"flex-1 overflow-hidden\">\n<div class=\"react-scroll-to-bottom--css-eojiv-79elbk h-full dark:bg-gray-800\">\n<div class=\"react-scroll-to-bottom--css-eojiv-1n7m0yu\">\n<div class=\"flex flex-col text-sm dark:bg-gray-800\">\n<div class=\"group w-full text-token-text-primary border-b border-black\/10 dark:border-gray-900\/50 bg-gray-50 dark:bg-[#444654]\" data-testid=\"conversation-turn-31\">\n<div class=\"p-4 justify-center text-base md:gap-6 md:py-6 m-auto\">\n<div class=\"flex flex-1 gap-4 text-base mx-auto md:gap-6 md:max-w-2xl lg:max-w-[38rem] xl:max-w-3xl }\">\n<div class=\"relative flex w-[calc(100%-50px)] flex-col gap-1 md:gap-3 lg:w-[calc(100%-115px)]\">\n<div class=\"flex flex-grow flex-col gap-3 max-w-full\">\n<div class=\"min-h-[20px] flex flex-col items-start gap-3 overflow-x-auto whitespace-pre-wrap break-words\">\n<div class=\"markdown prose w-full break-words dark:prose-invert light\">\n<p><span style=\"color: #000000;\"><strong>Quellen:<\/strong><\/span><\/p>\n<section data-footnotes=\"true\" class=\"footnotes\"><span>Gabb, J., &amp; Fink, J. (2015). <\/span><em>Couple Relationships in the 21st Century.<\/em><span> Palgrave Macmillan.<\/span><\/section>\n<section data-footnotes=\"true\" class=\"footnotes\"><span><\/span><\/section>\n<section data-footnotes=\"true\" class=\"footnotes\"><span>Gottman, J. M., &amp; Silver, N. (2015). <em>The Seven Principles for Making Marriage Work.<\/em> Harmony.<\/span><\/section>\n<section data-footnotes=\"true\" class=\"footnotes\"><span><\/span><\/section>\n<section data-footnotes=\"true\" class=\"footnotes\"><span>Johnson, S. M. (2008). <em>Hold Me Tight: Seven Conversations for a Lifetime of Love.<\/em> Little, Brown and Company.<\/span><\/section>\n<\/div>\n<\/div>\n<\/div>\n<\/div>\n<\/div>\n<\/div>\n<\/div>\n<\/div>\n<\/div>\n<\/div>\n<\/div>\n<p>[\/et_pb_text][\/et_pb_column][\/et_pb_row][\/et_pb_section]<\/p>\n","protected":false},"excerpt":{"rendered":"<p>Unterschiedliche Interessen und Hobbys in Beziehungen: Wie Vielfalt das Salz in der Suppe sein kann \u00a0Jeder Mensch ist einzigartig \u2013 und das ist auch gut so. Wir alle haben unterschiedliche Vorlieben, Hobbys und Interessen. In einer Partnerschaft k\u00f6nnen diese Unterschiede sowohl eine Bereicherung als auch eine Herausforderung darstellen. Wie also findet man den goldenen Mittelweg, [&hellip;]<\/p>\n","protected":false},"author":1,"featured_media":0,"parent":0,"menu_order":0,"comment_status":"closed","ping_status":"closed","template":"","meta":{"_et_pb_use_builder":"on","_et_pb_old_content":"","_et_gb_content_width":"","footnotes":""},"_links":{"self":[{"href":"https:\/\/beziehungstricks.de\/index.php?rest_route=\/wp\/v2\/pages\/120"}],"collection":[{"href":"https:\/\/beziehungstricks.de\/index.php?rest_route=\/wp\/v2\/pages"}],"about":[{"href":"https:\/\/beziehungstricks.de\/index.php?rest_route=\/wp\/v2\/types\/page"}],"author":[{"embeddable":true,"href":"https:\/\/beziehungstricks.de\/index.php?rest_route=\/wp\/v2\/users\/1"}],"replies":[{"embeddable":true,"href":"https:\/\/beziehungstricks.de\/index.php?rest_route=%2Fwp%2Fv2%2Fcomments&post=120"}],"version-history":[{"count":3,"href":"https:\/\/beziehungstricks.de\/index.php?rest_route=\/wp\/v2\/pages\/120\/revisions"}],"predecessor-version":[{"id":124,"href":"https:\/\/beziehungstricks.de\/index.php?rest_route=\/wp\/v2\/pages\/120\/revisions\/124"}],"wp:attachment":[{"href":"https:\/\/beziehungstricks.de\/index.php?rest_route=%2Fwp%2Fv2%2Fmedia&parent=120"}],"curies":[{"name":"wp","href":"https:\/\/api.w.org\/{rel}","templated":true}]}}